{"id":13984,"date":"2019-10-18T08:51:58","date_gmt":"2019-10-18T11:51:58","guid":{"rendered":"https:\/\/wp.ufpel.edu.br\/progep\/?page_id=13984"},"modified":"2025-06-30T13:37:41","modified_gmt":"2025-06-30T16:37:41","slug":"curso-nocoes-de-direito-administrativo-enap","status":"publish","type":"page","link":"https:\/\/wp.ufpel.edu.br\/progep\/curso-nocoes-de-direito-administrativo-enap\/","title":{"rendered":"Capacita\u00e7\u00e3o: Curso No\u00e7\u00f5es de Direito Administrativo &#8211; ENAP"},"content":{"rendered":"<p><span style=\"color: #808080\"><strong>Data:\u00a0<\/strong>12 a 14 de novembro de 2019<\/span><\/p>\n<p><span style=\"color: #808080\"><strong>Modalidade:\u00a0<\/strong>presencial<\/span><\/p>\n<p><span style=\"color: #808080\"><strong>Carga Hor\u00e1ria: <\/strong>21\u00a0horas<\/span><\/p>\n<p><span style=\"color: #808080\"><strong>Hor\u00e1rio:\u00a0<\/strong>das 9 \u00e0s 12 horas e das 13h30min \u00e0s 17h30min<\/span><\/p>\n<p><span style=\"color: #808080\"><strong>Local: <\/strong>Audit\u00f3rio da Reitoria &#8211; 4\u00ba andar &#8211; Campus Anglo\u00a0<\/span><\/p>\n<p><span style=\"color: #808080\"><strong>P\u00fablico alvo:<\/strong>\u00a0servidores em geral<\/span><\/p>\n<p><span style=\"color: #808080\"><strong>Vagas:\u00a0<\/strong>25<\/span><\/p>\n<p><span style=\"color: #808080\"><strong>Conte\u00fado Program\u00e1tico:<\/strong><\/span><\/p>\n<p><span style=\"color: #808080\">1. Regime Jur\u00eddico Administrativo.<\/span><br \/>\n<span style=\"color: #808080\">2. Princ\u00edpios Gerais da Administra\u00e7\u00e3o P\u00fablica.<\/span><br \/>\n<span style=\"color: #808080\">3. Organiza\u00e7\u00e3o Administrativa e Estrutura da Administra\u00e7\u00e3o P\u00fablica Federal.<\/span><br \/>\n<span style=\"color: #808080\">4.0 Controle da Administra\u00e7\u00e3o P\u00fablica.<\/span><br \/>\n<span style=\"color: #808080\">S. Assessoramento Jur\u00eddico na Administra\u00e7\u00e3o P\u00fablica (Lei Complementar 73\/93).<\/span><br \/>\n<span style=\"color: #808080\">6. Sistematiza\u00e7\u00e3o da Administra\u00e7\u00e3o P\u00fablica.<\/span><br \/>\n<span style=\"color: #808080\">7. Regimes Jur\u00eddicos dos Agentes P\u00fablicos.<\/span><br \/>\n<span style=\"color: #808080\">8. Atividade Administrativa e Prerrogativas P\u00fablicas.<\/span><br \/>\n<span style=\"color: #808080\">9. Desfazimento do Ato.<\/span><br \/>\n<span style=\"color: #808080\">10. Processo Administrativo Geral e a Lei 9784\/99.<\/span><br \/>\n<span style=\"color: #808080\">11. C\u00f3digo de \u00c9tica Profissional do Servidor P\u00fablico Civil do Poder Executivo Federal.<\/span><br \/>\n<span style=\"color: #808080\">12. Regime Disciplinar dos agentes p\u00fablicos.<\/span><br \/>\n<span style=\"color: #808080\">13. Do direito a recurso de decis\u00e3o administrativa.<\/span><br \/>\n<span style=\"color: #808080\">14. Dos impedimentos e da suspei\u00e7\u00e3o<\/span><br \/>\n<span style=\"color: #808080\">15. Contratos Administrativos \u2013 Lei 8666\/83 e Lei 10520\/02<\/span><br \/>\n<span style=\"color: #808080\">16. Responsabilidade civil do servidor.<\/span><br \/>\n<span style=\"color: #808080\">17. Requisitos e regras de acesso a informa\u00e7\u00e3o em processos f\u00edsicos e eletr\u00f4nicos.<\/span><br \/>\n<span style=\"color: #808080\">18. Regras de Ouro para atua\u00e7\u00e3o segura dos servidores p\u00fablicos.<\/span><\/p>\n<p><span style=\"color: #808080\"><strong>Ministrante:<\/strong> Fabr\u00edcio Colombo \u2013 ENAP<\/span><\/p>\n<p><span style=\"color: #808080\"><strong>Per\u00edodo das Inscri\u00e7\u00f5es:\u00a0<\/strong> de 18 a 28 de outubro\u00a0<\/span><\/p>\n<p><span style=\"color: #808080\"><strong>Procedimentos para a inscri\u00e7\u00e3o no sistema da ENAP:<\/strong> utilizar o navegador Google Chrome, seguindo as etapas abaixo:<\/span><\/p>\n<p><span style=\"color: #808080\"><strong>a) Caso tenha cadastro no Portal da ENAP: <\/strong><\/span><\/p>\n<ol>\n<li><span style=\"color: #808080\">Acesse sua conta com seu endere\u00e7o de e-mail e senha por meio do link: (https:\/\/suap.enap.gov.br\/portal?ead_opcao=login)<\/span><\/li>\n<li><span style=\"color: #808080\">Preencha os campos e clique em Iniciar Cadastro para atualizar seu cadastro no novo portal da ENAP.<\/span><\/li>\n<li><span style=\"color: #808080\">Voc\u00ea receber\u00e1 um e-mail para ativar sua nova conta. Clique no link encaminhado para seu e-mail e preencha os campos solicitados.\u00a0<\/span><\/li>\n<\/ol>\n<p><span style=\"color: #808080\"><strong>b) Caso n\u00e3o tenha cadastro no Portal da ENAP: <\/strong><\/span><\/p>\n<ol>\n<li><span style=\"color: #808080\">Acesse o link (https:\/\/suap.enap.gov.br\/portal?ead_opcao=login) e Clique em <strong>&#8220;Ainda n\u00e3o sou usu\u00e1rio e desejo ME CADASTRAR&#8221;.<\/strong><\/span><\/li>\n<li><span style=\"color: #808080\">Preencha os campos e clique em Iniciar Cadastro.<\/span><\/li>\n<li><span style=\"color: #808080\">Voc\u00ea receber\u00e1 um e-mail para ativar sua nova conta. Clique no link encaminhado para seu e-mail e preencha os campos solicitados.<\/span><\/li>\n<li><span style=\"color: #808080\">Acesse o link da turma (<u>https:\/\/suap.enap.gov.br\/portal\/curso\/308\/<\/u>). Na turma <strong>&#8220;Exclusiva &#8211; UFPEL &#8211; Turma 1&#8221;<\/strong>, Clique em &#8220;Inscreva-se&#8221; .<\/span><\/li>\n<li><span style=\"color: #808080\">Clique em &#8220;Li e concordo com os termos da Inscri\u00e7\u00e3o&#8221;, selecione uma op\u00e7\u00e3o para as pr\u00f3ximas duas perguntas.<\/span><\/li>\n<li><span style=\"color: #808080\">Na Justificativa, insira a seguinte informa\u00e7\u00e3o: <strong>&#8220;Turma Exclusiva da UFPEL&#8221;<\/strong>.<\/span><\/li>\n<li><span style=\"color: #808080\">Clique em &#8220;Continuar&#8221; e sua inscri\u00e7\u00e3o ser\u00e1 efetivada.<\/span><\/li>\n<\/ol>\n<p><strong><span style=\"color: #ff6600\"><a style=\"color: #ff6600\" href=\"https:\/\/wp.ufpel.edu.br\/progep\/files\/2019\/10\/homologa_inscritos.pdf\">Inscri\u00e7\u00f5es Homologadas<\/a><\/span><\/strong><\/p>\n","protected":false},"excerpt":{"rendered":"<p>Data:\u00a012 a 14 de novembro de 2019 Modalidade:\u00a0presencial Carga Hor\u00e1ria: 21\u00a0horas Hor\u00e1rio:\u00a0das 9 \u00e0s 12 horas e das 13h30min \u00e0s 17h30min Local: Audit\u00f3rio da Reitoria &#8211; 4\u00ba andar &#8211; Campus Anglo\u00a0 P\u00fablico alvo:\u00a0servidores em geral Vagas:\u00a025 Conte\u00fado Program\u00e1tico: 1. Regime Jur\u00eddico Administrativo. 2. Princ\u00edpios Gerais da Administra\u00e7\u00e3o P\u00fablica. 3. Organiza\u00e7\u00e3o Administrativa e Estrutura da Administra\u00e7\u00e3o [&hellip;]<\/p>\n","protected":false},"author":21,"featured_media":0,"parent":0,"menu_order":0,"comment_status":"closed","ping_status":"closed","template":"","meta":{"footnotes":""},"class_list":["post-13984","page","type-page","status-publish","hentry"],"_links":{"self":[{"href":"https:\/\/wp.ufpel.edu.br\/progep\/wp-json\/wp\/v2\/pages\/13984","targetHints":{"allow":["GET"]}}],"collection":[{"href":"https:\/\/wp.ufpel.edu.br\/progep\/wp-json\/wp\/v2\/pages"}],"about":[{"href":"https:\/\/wp.ufpel.edu.br\/progep\/wp-json\/wp\/v2\/types\/page"}],"author":[{"embeddable":true,"href":"https:\/\/wp.ufpel.edu.br\/progep\/wp-json\/wp\/v2\/users\/21"}],"replies":[{"embeddable":true,"href":"https:\/\/wp.ufpel.edu.br\/progep\/wp-json\/wp\/v2\/comments?post=13984"}],"version-history":[{"count":11,"href":"https:\/\/wp.ufpel.edu.br\/progep\/wp-json\/wp\/v2\/pages\/13984\/revisions"}],"predecessor-version":[{"id":33871,"href":"https:\/\/wp.ufpel.edu.br\/progep\/wp-json\/wp\/v2\/pages\/13984\/revisions\/33871"}],"wp:attachment":[{"href":"https:\/\/wp.ufpel.edu.br\/progep\/wp-json\/wp\/v2\/media?parent=13984"}],"curies":[{"name":"wp","href":"https:\/\/api.w.org\/{rel}","templated":true}]}}