{"id":13958,"date":"2019-10-11T17:35:23","date_gmt":"2019-10-11T20:35:23","guid":{"rendered":"https:\/\/wp.ufpel.edu.br\/progep\/?page_id=13958"},"modified":"2025-06-11T16:11:43","modified_gmt":"2025-06-11T19:11:43","slug":"nomeacoes-edital-41-2016","status":"publish","type":"page","link":"https:\/\/wp.ufpel.edu.br\/progep\/nomeacoes-edital-41-2016\/","title":{"rendered":"Nomea\u00e7\u00f5es &#8211; Edital 41\/2016"},"content":{"rendered":"\n<div class=\"wp-block-group\" style=\"padding:0\"><div class=\"wp-block-group__inner-container is-layout-constrained wp-block-group-is-layout-constrained\">\n<div class=\"logoTituloModelStyle\" style=\"padding:0\"><img class=\"size-medium wp-image-27184 alignleft\" src=\"https:\/\/wp.ufpel.edu.br\/progep\/files\/2025\/03\/logo-progep_atualizacao-nome_AZUL.png\" style=\"padding:0\" alt=\"\" \/><\/p>\n<div style=\"padding:2rem 0.3rem\"><strong>Nomea\u00e7\u00f5es &#8211; Edital 41\/2016<\/strong><\/div>\n<\/div>\n<hr class=\"hrModelStyle\" \/>\n<div class=\"descriptionModelStyle\">Acompanhe nesta p\u00e1gina a publica\u00e7\u00e3o dos\/as nomeados\/as para cargos t\u00e9cnicos na UFPEL.<\/div>\n<\/div><\/div>\n\n\n<div class=\"pagNomeacoesStyle\">\n<div class=\"cargosNomeConvStyle\">\n<div class=\"cargosTitleStyle\"> Cargos nesta p\u00e1gina:<\/div>\n<div class=\"cargosStyle\">\n<p>Assistente Social<\/p>\n<p>Contramestre-Of\u00edcio<\/p>\n<p>M\u00e9dico\/\u00c1rea: Cl\u00ednica M\u00e9dica<\/p>\n<p>T\u00e9cnico em Audiovisual<\/p>\n<p>T\u00e9cnico em Laborat\u00f3rio\/\u00c1rea: Qu\u00edmica<\/p>\n<\/div>\n<\/div>\n<p> Confira a p\u00e1gina com as informa\u00e7\u00f5es a respeito do certame: <\/p>\n<a href=\"http:\/\/ces.ufpel.edu.br\/conctecadmed0041_2016\/\" target=\"_blank\">Certame do Edital 41\/2016<\/a>\n<div class=\"titleStyle\"><strong>Cargo<\/strong>: Assistente Social<\/div>\n\n<table id=\"tablepress-97\" class=\"tablepress tablepress-id-97\">\n<thead>\n<tr class=\"row-1\">\n\t<th class=\"column-1\">Posi\u00e7\u00e3o<\/th><th class=\"column-2\">Nome<\/th><th class=\"column-3\">Situa\u00e7\u00e3o<\/th>\n<\/tr>\n<\/thead>\n<tbody class=\"row-striping row-hover\">\n<tr class=\"row-2\">\n\t<td class=\"column-1\">1<\/td><td class=\"column-2\">CAROLINA ANDERSSON BUNDE<\/td><td class=\"column-3\">Nomeado(a) em 10\/01\/2017<\/td>\n<\/tr>\n<tr class=\"row-3\">\n\t<td class=\"column-1\">2<\/td><td class=\"column-2\">FLUVIA RIBEIROS BASTOS<\/td><td class=\"column-3\">Nomeado(a) em 19\/01\/2018<\/td>\n<\/tr>\n<tr class=\"row-4\">\n\t<td class=\"column-1\">3<\/td><td class=\"column-2\">GLORIA MARIA GOMES DRAVANZ<\/td><td class=\"column-3\">Nomeado(a) em 09\/05\/2018<\/td>\n<\/tr>\n<tr class=\"row-5\">\n\t<td class=\"column-1\">4<\/td><td class=\"column-2\">DENISE RIBEIRO DA FONSECA DA PIEVE<\/td><td class=\"column-3\">Tornada sem efeito<\/td>\n<\/tr>\n<tr class=\"row-6\">\n\t<td class=\"column-1\">5<\/td><td class=\"column-2\">LUCIANE BASTOS DA SILVA<\/td><td class=\"column-3\">Nomeada em 23\/05\/2022<\/td>\n<\/tr>\n<\/tbody>\n<\/table>\n\n<div class=\"titleStyle\"><strong>Cargo<\/strong>: Contramestre-Of\u00edcio<\/div>\n\n<table id=\"tablepress-98\" class=\"tablepress tablepress-id-98\">\n<thead>\n<tr class=\"row-1\">\n\t<th class=\"column-1\">Situa\u00e7\u00e3o<\/th><th class=\"column-2\">Nome<\/th><th class=\"column-3\">Modalidade<\/th><th class=\"column-4\">Situa\u00e7\u00e3o<\/th>\n<\/tr>\n<\/thead>\n<tbody class=\"row-striping row-hover\">\n<tr class=\"row-2\">\n\t<td class=\"column-1\">1<\/td><td class=\"column-2\">FABIANE PERES CARDOSO<\/td><td class=\"column-3\">Ampla concorr\u00eancia<\/td><td class=\"column-4\">Nomeado(a) em 21\/09\/2017<\/td>\n<\/tr>\n<tr class=\"row-3\">\n\t<td class=\"column-1\">2<\/td><td class=\"column-2\">LUIZ FERNANDO VIANNA BECK<\/td><td class=\"column-3\">Ampla concorr\u00eancia<\/td><td class=\"column-4\">Nomeado(a) em 21\/09\/2017<\/td>\n<\/tr>\n<tr class=\"row-4\">\n\t<td class=\"column-1\">3<\/td><td class=\"column-2\">ALBENEIR MACHADO RIBEIRO<\/td><td class=\"column-3\">Ampla concorr\u00eancia<\/td><td class=\"column-4\">Nomeado(a) em 21\/09\/2017<\/td>\n<\/tr>\n<tr class=\"row-5\">\n\t<td class=\"column-1\">4<\/td><td class=\"column-2\">EDERSON FISS WEBER<\/td><td class=\"column-3\">Ampla concorr\u00eancia<\/td><td class=\"column-4\">Nomeado(a) em 21\/09\/2017<\/td>\n<\/tr>\n<tr class=\"row-6\">\n\t<td class=\"column-1\">5<\/td><td class=\"column-2\">RODRIGO HELING FERREIRA<\/td><td class=\"column-3\">Ampla concorr\u00eancia<\/td><td class=\"column-4\">Nomeado(a) em 21\/09\/2017<\/td>\n<\/tr>\n<tr class=\"row-7\">\n\t<td class=\"column-1\">6<\/td><td class=\"column-2\">ALENCAR IBEIRO DE OLIVEIRA<\/td><td class=\"column-3\">Ampla concorr\u00eancia<\/td><td class=\"column-4\">Nomeado(a) em 21\/09\/2017<\/td>\n<\/tr>\n<tr class=\"row-8\">\n\t<td class=\"column-1\">7<\/td><td class=\"column-2\">DANIELA CONCEICAO DE ALMEIDA<\/td><td class=\"column-3\">Ampla concorr\u00eancia<\/td><td class=\"column-4\">Nomeado(a) em 21\/09\/2017<\/td>\n<\/tr>\n<tr class=\"row-9\">\n\t<td class=\"column-1\">8<\/td><td class=\"column-2\">LUCIO FLAVIO GONCALVES<\/td><td class=\"column-3\">Ampla concorr\u00eancia<\/td><td class=\"column-4\">Nomeado(a) pela lista de cotas raciais<\/td>\n<\/tr>\n<tr class=\"row-10\">\n\t<td class=\"column-1\">9<\/td><td class=\"column-2\">LARISSA CASARI<\/td><td class=\"column-3\">Ampla concorr\u00eancia<\/td><td class=\"column-4\">Tornado sem efeito<\/td>\n<\/tr>\n<tr class=\"row-11\">\n\t<td class=\"column-1\">10<\/td><td class=\"column-2\">CARINA DIAS FRANCO<\/td><td class=\"column-3\">Ampla concorr\u00eancia<\/td><td class=\"column-4\">Nomeado(a) em 10\/10\/2017<\/td>\n<\/tr>\n<tr class=\"row-12\">\n\t<td class=\"column-1\">11<\/td><td class=\"column-2\">BERNARDO DA SILVA BORGES<\/td><td class=\"column-3\">Ampla concorr\u00eancia<\/td><td class=\"column-4\"><\/td>\n<\/tr>\n<tr class=\"row-13\">\n\t<td class=\"column-1\">12<\/td><td class=\"column-2\">JOSE LUIS JESUS DA CUNHA JUNIOR<\/td><td class=\"column-3\">Ampla concorr\u00eancia<\/td><td class=\"column-4\"><\/td>\n<\/tr>\n<tr class=\"row-14\">\n\t<td class=\"column-1\"><\/td><td class=\"column-2\"><\/td><td class=\"column-3\"><\/td><td class=\"column-4\"><\/td>\n<\/tr>\n<tr class=\"row-15\">\n\t<td class=\"column-1\">1<\/td><td class=\"column-2\">LUCIO FLAVIO GON\u00c7ALVES<\/td><td class=\"column-3\">Cota Racial<\/td><td class=\"column-4\">Nomeado(a) em 10\/01\/2017<\/td>\n<\/tr>\n<tr class=\"row-16\">\n\t<td class=\"column-1\">2<\/td><td class=\"column-2\">ADILSON FURTADO DA SILVA<\/td><td class=\"column-3\">Cota Racial<\/td><td class=\"column-4\">Nomeado(a) em 21\/09\/2017<\/td>\n<\/tr>\n<tr class=\"row-17\">\n\t<td class=\"column-1\">3<\/td><td class=\"column-2\">EVERTON SHAICO DA COSTA SOUZA<\/td><td class=\"column-3\">Cota Racial<\/td><td class=\"column-4\"><\/td>\n<\/tr>\n<tr class=\"row-18\">\n\t<td class=\"column-1\">4<\/td><td class=\"column-2\">CYNTIA BARBOSA OLIVEIRA<\/td><td class=\"column-3\">Cota Racial<\/td><td class=\"column-4\"><\/td>\n<\/tr>\n<tr class=\"row-19\">\n\t<td class=\"column-1\">5<\/td><td class=\"column-2\">LILIAN XAVIER DOS SANTOS LINHARES<\/td><td class=\"column-3\">Cota Racial<\/td><td class=\"column-4\"><\/td>\n<\/tr>\n<tr class=\"row-20\">\n\t<td class=\"column-1\">6<\/td><td class=\"column-2\">ISAC PEREIRA DOS SANTOS<\/td><td class=\"column-3\">Cota Racial<\/td><td class=\"column-4\"><\/td>\n<\/tr>\n<tr class=\"row-21\">\n\t<td class=\"column-1\"><\/td><td class=\"column-2\"><\/td><td class=\"column-3\"><\/td><td class=\"column-4\"><\/td>\n<\/tr>\n<tr class=\"row-22\">\n\t<td class=\"column-1\">1<\/td><td class=\"column-2\">GREICE HARTWIG SCHWANKE PEIL<\/td><td class=\"column-3\">PCD<\/td><td class=\"column-4\">Nomeado(a) em 10\/01\/2017<\/td>\n<\/tr>\n<tr class=\"row-23\">\n\t<td class=\"column-1\">2<\/td><td class=\"column-2\">PAULO CESAR DA ROSA RENCK<\/td><td class=\"column-3\">PCD<\/td><td class=\"column-4\"><\/td>\n<\/tr>\n<tr class=\"row-24\">\n\t<td class=\"column-1\">3<\/td><td class=\"column-2\">MARCELO MACHADO MARTINS<\/td><td class=\"column-3\">PCD<\/td><td class=\"column-4\"><\/td>\n<\/tr>\n<tr class=\"row-25\">\n\t<td class=\"column-1\">4<\/td><td class=\"column-2\">ROGER GONCALVES PORTO<\/td><td class=\"column-3\">PCD<\/td><td class=\"column-4\"><\/td>\n<\/tr>\n<tr class=\"row-26\">\n\t<td class=\"column-1\">5<\/td><td class=\"column-2\">ADRIANO ARNOLD CARDOZO<\/td><td class=\"column-3\">PCD<\/td><td class=\"column-4\"><\/td>\n<\/tr>\n<\/tbody>\n<\/table>\n\n<div class=\"titleStyle\"><strong>Cargo<\/strong>: M\u00e9dico\/\u00c1rea: Cl\u00ednica M\u00e9dica<\/div>\n\n<table id=\"tablepress-99\" class=\"tablepress tablepress-id-99\">\n<thead>\n<tr class=\"row-1\">\n\t<th class=\"column-1\">Posi\u00e7\u00e3o<\/th><th class=\"column-2\">Nome<\/th><th class=\"column-3\">Situa\u00e7\u00e3o<\/th>\n<\/tr>\n<\/thead>\n<tbody class=\"row-striping row-hover\">\n<tr class=\"row-2\">\n\t<td class=\"column-1\">1<\/td><td class=\"column-2\">CAROLINA AVILA VIANNA<\/td><td class=\"column-3\">Nomeado(a) em 10\/01\/2017<\/td>\n<\/tr>\n<tr class=\"row-3\">\n\t<td class=\"column-1\">2<\/td><td class=\"column-2\">LUCIANE MARIA ALVES MONTEIRO<\/td><td class=\"column-3\">Nomeado(a) em 10\/01\/2017<\/td>\n<\/tr>\n<tr class=\"row-4\">\n\t<td class=\"column-1\">3<\/td><td class=\"column-2\">EDGARD VERNETTI FERREIRA<\/td><td class=\"column-3\">Nomeado(a) em 18\/09\/2018<\/td>\n<\/tr>\n<tr class=\"row-5\">\n\t<td class=\"column-1\">4<\/td><td class=\"column-2\">FABIO DE MOURA PINTO<\/td><td class=\"column-3\">Tornado sem efeito<\/td>\n<\/tr>\n<tr class=\"row-6\">\n\t<td class=\"column-1\">5<\/td><td class=\"column-2\">IURI JIVAGO LEITE GUTERRES<\/td><td class=\"column-3\">Tornado sem efeito<\/td>\n<\/tr>\n<tr class=\"row-7\">\n\t<td class=\"column-1\">6<\/td><td class=\"column-2\">THAIS DA COSTA NEUMANN<\/td><td class=\"column-3\">Tornado sem efeito<\/td>\n<\/tr>\n<tr class=\"row-8\">\n\t<td class=\"column-1\">7<\/td><td class=\"column-2\">GUSTAVO LEMOS ULIANO<\/td><td class=\"column-3\">Tornado sem efeito<\/td>\n<\/tr>\n<tr class=\"row-9\">\n\t<td class=\"column-1\">8<\/td><td class=\"column-2\">MARILIA AMARAL PEIXOTO DA SILVEIRA<\/td><td class=\"column-3\">Nomeada em 13\/07\/2022<\/td>\n<\/tr>\n<tr class=\"row-10\">\n\t<td class=\"column-1\">9<\/td><td class=\"column-2\">MARCELO VARGAS GONCALVES<\/td><td class=\"column-3\"><\/td>\n<\/tr>\n<\/tbody>\n<\/table>\n\n<div class=\"titleStyle\"><strong>Cargo<\/strong>: T\u00e9cnico em Audiovisual<\/div>\n\n<table id=\"tablepress-100\" class=\"tablepress tablepress-id-100\">\n<thead>\n<tr class=\"row-1\">\n\t<th class=\"column-1\">Posi\u00e7\u00e3o<\/th><th class=\"column-2\">Nome<\/th><th class=\"column-3\">Situa\u00e7\u00e3o<\/th>\n<\/tr>\n<\/thead>\n<tbody class=\"row-striping row-hover\">\n<tr class=\"row-2\">\n\t<td class=\"column-1\">1<\/td><td class=\"column-2\">VLADIMIR BESKOW VARGAS<\/td><td class=\"column-3\">Nomeado(a) em 10\/01\/2017<\/td>\n<\/tr>\n<tr class=\"row-3\">\n\t<td class=\"column-1\">2<\/td><td class=\"column-2\">FELIPE IOP CAPELETO<\/td><td class=\"column-3\">Aproveitado por outra IFES<\/td>\n<\/tr>\n<tr class=\"row-4\">\n\t<td class=\"column-1\">3<\/td><td class=\"column-2\">ROGER AGUIAR DUTRA<\/td><td class=\"column-3\">Nomeado(a) em 09\/05\/2018<\/td>\n<\/tr>\n<tr class=\"row-5\">\n\t<td class=\"column-1\">4<\/td><td class=\"column-2\">LUCAS MELLO NESS<\/td><td class=\"column-3\">Nomeado(a) em 24\/07\/2019<\/td>\n<\/tr>\n<tr class=\"row-6\">\n\t<td class=\"column-1\">5<\/td><td class=\"column-2\">REGIS AGUIAR DUTRA<\/td><td class=\"column-3\">Nomeado(a) em 08\/08\/2019<\/td>\n<\/tr>\n<\/tbody>\n<\/table>\n\n<div class=\"titleStyle\"><strong>Cargo<\/strong>: T\u00e9cnico em Laborat\u00f3rio\/\u00c1rea: Qu\u00edmica<\/div>\n\n<table id=\"tablepress-101\" class=\"tablepress tablepress-id-101\">\n<thead>\n<tr class=\"row-1\">\n\t<th class=\"column-1\">Posi\u00e7\u00e3o<\/th><th class=\"column-2\">Nome<\/th><th class=\"column-3\">Situa\u00e7\u00e3o<\/th>\n<\/tr>\n<\/thead>\n<tbody class=\"row-striping row-hover\">\n<tr class=\"row-2\">\n\t<td class=\"column-1\">1<\/td><td class=\"column-2\">JOSIANE KUHN RUTZ<\/td><td class=\"column-3\">Nomeado(a) em 10\/01\/2017<\/td>\n<\/tr>\n<tr class=\"row-3\">\n\t<td class=\"column-1\">2<\/td><td class=\"column-2\">ESTEFANI TAVARES JANSEN<\/td><td class=\"column-3\">Nomeado(a) em 21\/09\/2017<\/td>\n<\/tr>\n<tr class=\"row-4\">\n\t<td class=\"column-1\">3<\/td><td class=\"column-2\">MARILIA POLLNOW BONINI<\/td><td class=\"column-3\">Nomeado(a) em 21\/09\/2017<\/td>\n<\/tr>\n<tr class=\"row-5\">\n\t<td class=\"column-1\">4<\/td><td class=\"column-2\">SABRINE DE ARAUJO AQUINO<\/td><td class=\"column-3\">Nomeado(a) em 24\/10\/2017<\/td>\n<\/tr>\n<tr class=\"row-6\">\n\t<td class=\"column-1\">5<\/td><td class=\"column-2\">LARISSA HERTER CENTENO<\/td><td class=\"column-3\">Nomeado(a) em 08\/03\/2018<\/td>\n<\/tr>\n<\/tbody>\n<\/table>\n\n<\/div>","protected":false},"excerpt":{"rendered":"<p>Nomea\u00e7\u00f5es &#8211; Edital 41\/2016 Acompanhe nesta p\u00e1gina a publica\u00e7\u00e3o dos\/as nomeados\/as para cargos t\u00e9cnicos na UFPEL. Cargos nesta p\u00e1gina: Assistente Social Contramestre-Of\u00edcio M\u00e9dico\/\u00c1rea: Cl\u00ednica M\u00e9dica T\u00e9cnico em Audiovisual T\u00e9cnico em Laborat\u00f3rio\/\u00c1rea: Qu\u00edmica Confira a p\u00e1gina com as informa\u00e7\u00f5es a respeito do certame: Certame do Edital 41\/2016 Cargo: Assistente Social Cargo: Contramestre-Of\u00edcio Cargo: M\u00e9dico\/\u00c1rea: Cl\u00ednica M\u00e9dica [&hellip;]<\/p>\n","protected":false},"author":52,"featured_media":0,"parent":0,"menu_order":0,"comment_status":"closed","ping_status":"closed","template":"","meta":{"footnotes":""},"class_list":["post-13958","page","type-page","status-publish","hentry"],"_links":{"self":[{"href":"https:\/\/wp.ufpel.edu.br\/progep\/wp-json\/wp\/v2\/pages\/13958","targetHints":{"allow":["GET"]}}],"collection":[{"href":"https:\/\/wp.ufpel.edu.br\/progep\/wp-json\/wp\/v2\/pages"}],"about":[{"href":"https:\/\/wp.ufpel.edu.br\/progep\/wp-json\/wp\/v2\/types\/page"}],"author":[{"embeddable":true,"href":"https:\/\/wp.ufpel.edu.br\/progep\/wp-json\/wp\/v2\/users\/52"}],"replies":[{"embeddable":true,"href":"https:\/\/wp.ufpel.edu.br\/progep\/wp-json\/wp\/v2\/comments?post=13958"}],"version-history":[{"count":9,"href":"https:\/\/wp.ufpel.edu.br\/progep\/wp-json\/wp\/v2\/pages\/13958\/revisions"}],"predecessor-version":[{"id":33158,"href":"https:\/\/wp.ufpel.edu.br\/progep\/wp-json\/wp\/v2\/pages\/13958\/revisions\/33158"}],"wp:attachment":[{"href":"https:\/\/wp.ufpel.edu.br\/progep\/wp-json\/wp\/v2\/media?parent=13958"}],"curies":[{"name":"wp","href":"https:\/\/api.w.org\/{rel}","templated":true}]}}