{"id":13951,"date":"2019-10-11T16:31:18","date_gmt":"2019-10-11T19:31:18","guid":{"rendered":"https:\/\/wp.ufpel.edu.br\/progep\/?page_id=13951"},"modified":"2026-03-20T16:21:44","modified_gmt":"2026-03-20T19:21:44","slug":"nomeacoes-tecnico-administrativo-em-educacao","status":"publish","type":"page","link":"https:\/\/wp.ufpel.edu.br\/progep\/nomeacoes-tecnico-administrativo-em-educacao\/","title":{"rendered":"Nomea\u00e7\u00f5es &#8211; T\u00e9cnico-Administrativo em Educa\u00e7\u00e3o"},"content":{"rendered":"\n<div class=\"wp-block-group\" style=\"padding:0\"><div class=\"wp-block-group__inner-container is-layout-constrained wp-block-group-is-layout-constrained\">\n\n<div class=\"logoTituloModelStyle\"><img class=\"size-medium wp-image-27184 alignleft\" src=\"https:\/\/wp.ufpel.edu.br\/progep\/files\/2025\/03\/logo-progep_atualizacao-nome_AZUL.png\" style=\"padding:0\" alt=\"\" \/><\/p>\n<div style=\"padding:1rem\"><strong>Nomea\u00e7\u00f5es \u2013 T\u00e9cnico(a)-Administrativo(a) em Educa\u00e7\u00e3o<\/strong><\/div>\n<\/div>\n<hr class=\"hrModelStyle\" \/>\n<div class=\"descriptionModelStyle\">Nesta p\u00e1gina ser\u00e3o divulgados as nomea\u00e7\u00f5es para os cargos de T\u00e9cnico(a)-Administrativo(a). Confira atrav\u00e9s dos editais abaixo.<\/div>\n\n<\/div><\/div>\n\n\n<div class=\"nomeacoesTAESStyle\">\n\n\n<div class=\"editaisVigentesStyle\"><a href=\"https:\/\/wp.ufpel.edu.br\/progep\/nomeacoes-edital-026-2025\/\">Edital 26\/2025 &#8211; validade 16\/03\/2027, prorrog\u00e1vel por +2 anos<\/a>\n<p class=\"cargoStyle\">Cargos:<\/p>\n<div class=\"editaisVigentesContentStyle\">\n<p>Farmac\u00eautico-Bioqu\u00edmico<\/p>\n<p>M\u00e9dico\/\u00c1rea: Anestesiologia<\/p>\n<p>M\u00e9dico\/\u00c1rea: Aten\u00e7\u00e3o B\u00e1sica \u00e0 Sa\u00fade<\/p>\n<p>M\u00e9dico\/\u00c1rea: Cl\u00ednica M\u00e9dica<\/p>\n<p>M\u00e9dico\/\u00c1rea: Pediatria<\/p>\n<p>T\u00e9cnico de Laborat\u00f3rio\/\u00c1rea: Anatomia e Necropsia<\/p>\n<p>T\u00e9cnico de Laborat\u00f3rio\/\u00c1rea: Microbiologia<\/p>\n<p>T\u00e9cnico em Contabilidade<\/p>\n<\/div>\n<\/div>\n\n\n\n\n\n<div class=\"editaisVigentesStyle\"><a href=\"https:\/\/wp.ufpel.edu.br\/progep\/nomeacoes-edital-15-2024\/\">Edital 15\/2024 &#8211; validade 15\/07\/2027, prorrog\u00e1vel por +2 anos<\/a>\n<p class=\"cargoStyle\">Cargos:<\/p>\n<div class=\"editaisVigentesContentStyle\">\n<p>Arquiteto e Urbanista<\/p>\n<p>Engenheiro\/\u00c1rea: El\u00e9trica<\/p>\n<p>Fisioterapeuta<\/p>\n<p>M\u00e9dico Veterin\u00e1rio &#8211; \u00canfase: An\u00e1lises Laboratoriais (Patologia Cl\u00ednica)<\/p>\n<p>M\u00e9dico Veterin\u00e1rio &#8211; \u00canfase: Atendimento Cl\u00ednico e Medicina Intensiva de Pequenos Animais<\/p>\n<p>M\u00e9dico Veterin\u00e1rio &#8211; \u00canfase: Diagn\u00f3stico por Imagem<\/p>\n<p>M\u00e9dico\/\u00c1rea: Cirurgia Geral<\/p>\n<p>M\u00e9dico\/\u00c1rea: Hematologia<\/p>\n<p>Produtor Cultural<\/p>\n<\/div>\n<\/div>\n<div class=\"editaisVigentesStyle\"><a href=\"https:\/\/wp.ufpel.edu.br\/progep\/nomeacoes-edital-06-2024\/\">Edital 06\/2024 &#8211; validade 22\/08\/2026, prorrog\u00e1vel por +2 anos<\/a>\n<p class=\"cargoStyle\">Cargos:<\/p>\n<div class=\"editaisVigentesContentStyle\">\n<p>T\u00e9cnico de Laborat\u00f3rio\/\u00c1rea: Alimentos<\/p>\n<p>T\u00e9cnico em Tecnologia da Informa\u00e7\u00e3o<\/p>\n<p>T\u00e9cnico em Contabilidade<\/p>\n<p>T\u00e9cnico em Enfermagem<\/p>\n<\/div>\n<\/div>\n<div class=\"editaisVigentesStyle\"><a href=\"https:\/\/wp.ufpel.edu.br\/progep\/nomeacoes-edital-05-2024\/\">Edital 05\/2024 &#8211; validade 08\/07\/2026, prorrog\u00e1vel por +2 anos<\/a>\n<p class=\"cargoStyle\">Cargos:<\/p>\n<div class=\"editaisVigentesContentStyle\">\n<p>T\u00e9cnico de Laborat\u00f3rio\/\u00c1rea: Qu\u00edmica<\/p>\n<p>T\u00e9cnico em Contabilidade<\/p>\n<p>T\u00e9cnico em Radiologia<\/p>\n<\/div>\n<\/div>\n<div class=\"editaisVigentesStyle\"><a href=\"https:\/\/wp.ufpel.edu.br\/progep\/nomeacoes-edital-04-2024\/\">Edital 04\/2024 &#8211; validade 08\/07\/2026, prorrog\u00e1vel por +2 anos<\/a>\n<p class=\"cargoStyle\">Cargos:<\/p>\n<div class=\"editaisVigentesContentStyle\">\n<p>Assistente Social<\/p>\n<p>Auditor<\/p>\n<p>Bi\u00f3logo<\/p>\n<p>Contador<\/p>\n<p>Engenheiro\/\u00c1rea: Qu\u00edmica<\/p>\n<p>M\u00e9dico\/\u00c1rea: Medicina da Fam\u00edlia e Comunidade<\/p>\n<p>M\u00e9dico\/\u00c1rea: Psiquiatria (40h)<\/p>\n<p>M\u00e9dico\/\u00c1rea: Reumatologia<\/p>\n<p>M\u00e9dico Veterin\u00e1rio &#8211; \u00eanfase em inspe\u00e7\u00e3o e tecnologia de Produtos de Origem Animal e Sa\u00fade P\u00fablica<\/p>\n<p>M\u00e9dico Veterin\u00e1rio &#8211; \u00eanfase em patologia animal<\/p>\n<p>Pedagogo\/\u00c1rea: Orienta\u00e7\u00e3o Educacional<\/p>\n<p>Pedagogo\/\u00c1rea: Psicopedagogia<\/p>\n<\/div>\n<\/div>\n<div class=\"editaisVigentesStyle\"><a href=\"https:\/\/wp.ufpel.edu.br\/progep\/nomeacoes-edital-22-2023\/\">Edital 22\/2023 &#8211; validade 14\/03\/2026, prorrog\u00e1vel por +2 anos<\/a>\n<p class=\"cargoStyle\">Cargos:<\/p>\n<div class=\"editaisVigentesContentStyle\">\n<p>Assistente em Administra\u00e7\u00e3o<\/p>\n<\/div>\n<\/div>\n<div class=\"editaisVigentesStyle\"><a href=\"https:\/\/wp.ufpel.edu.br\/progep\/nomeacoes-edital-09-2023\/\">Edital 09\/2023 &#8211; validade 29\/09\/2027<\/a>\n<p class=\"cargoStyle\">Cargos:<\/p>\n<div class=\"editaisVigentesContentStyle\">\n<p>Analista de Tecnologia da Informa\u00e7\u00e3o<\/p>\n<p>T\u00e9cnico em Assuntos Educacionais<\/p>\n<\/div>\n<\/div>\n<div class=\"editaisVigentesStyle\"><a href=\"https:\/\/wp.ufpel.edu.br\/progep\/nomeacoes-edital-10-2023\/\">Edital 10\/2023 &#8211; validade 01\/09\/2027<\/a>\n<p class=\"cargoStyle\">Cargos:<\/p>\n<div class=\"editaisVigentesContentStyle\">\n<p>Administrador<\/p>\n<\/div>\n<\/div>\n<div class=\"editaisVigentesStyle\"><a href=\"https:\/\/wp.ufpel.edu.br\/progep\/nomeacoes-edital-13-2022\/\">Edital 13\/2022 &#8211; validade 24\/01\/2027<\/a>\n<p class=\"cargoStyle\">Cargos:<\/p>\n<div class=\"editaisVigentesContentStyle\">\n<p>Engenheiro de Seguran\u00e7a do Trabalho<\/p>\n<p>M\u00e9dico\/\u00c1rea: Fisiatria<\/p>\n<p>M\u00e9dico\/\u00c1rea: Ginecologia e Obstetr\u00edcia<\/p>\n<p>M\u00e9dico\/\u00c1rea: Infectologia<\/p>\n<p>M\u00e9dico\/\u00c1rea: Psiquiatria<\/p>\n<p>Nutricionista\/Habilita\u00e7\u00e3o: Alimenta\u00e7\u00e3o Coletiva<\/p>\n<p>Nutricionista\/Habilita\u00e7\u00e3o Cl\u00ednica<\/p>\n<\/div>\n<\/div>\n<div class=\"editaisVigentesStyle\"><a href=\"https:\/\/wp.ufpel.edu.br\/progep\/nomeacoes-edital-02-2022\/\">Edital 02\/2022 &#8211; validade 24\/06\/2026<\/a>\n<p class=\"cargoStyle\">Cargos:<\/p>\n<div class=\"editaisVigentesContentStyle\">\n<p>Enfermeiro<\/p>\n<\/div>\n<\/div>\n<div class=\"editaisVigentesStyle\"><a href=\"https:\/\/wp.ufpel.edu.br\/progep\/nomeacoes-edital-01-2022\/\">Edital 01\/2022 &#8211; validade 24\/06\/2026.<\/a>\n<p class=\"cargoStyle\">Cargos:<\/p>\n<div class=\"editaisVigentesContentStyle\">\n<p>T\u00e9cnico em Enfermagem<\/p>\n<p>Arquivista<\/p>\n<p>M\u00e9dico\/\u00c1rea: Geriatria<\/p>\n<p>M\u00fasico: Pianista<\/p>\n<p>Tecn\u00f3logo\/Forma\u00e7\u00e3o: Turismo<\/p>\n<p>Tecn\u00f3logo\/Forma\u00e7\u00e3o: Museologia<\/p>\n<\/div>\n<\/div>\n<div class=\"titleComumStyle\">Editais antigos<\/div>\n<div class=\"editaisAntigosStyle\"><a href=\"https:\/\/wp.ufpel.edu.br\/progep\/nomeacoes-edital-09-2021\/\">Edital 09\/2021 &#8211; validade 30\/11\/2025<\/a>\n<p class=\"cargoStyle\">Cargos:<\/p>\n<div class=\"editaisAntigosContentStyle\">\n<p>T\u00e9cnico em Enfermagem<\/p>\n<p>T\u00e9cnico em Farm\u00e1cia<\/p>\n<p>T\u00e9cnico em Laborat\u00f3rio\/\u00c1rea: Agrimensura<\/p>\n<p>Engenheiro Agr\u00f4nomo<\/p>\n<p>Farmac\u00eautico<\/p>\n<p>Meteorologista<\/p>\n<\/div>\n<\/div>\n<div class=\"editaisAntigosStyle\"><a href=\"https:\/\/wp.ufpel.edu.br\/progep\/nomeacoes-edital-02-2019-cargos-de-nivel-c-e-d\/\">Edital 02\/2019 (cargos de n\u00edvel C e D) &#8211; validade 27\/07\/2024<\/a>\n<p class=\"cargoStyle\">Cargos:<\/p>\n<div class=\"editaisAntigosContentStyle\">\n<p>Assistente de Tecnologia da Informa\u00e7\u00e3o<\/p>\n<p>T\u00e9cnico em Geologia<\/p>\n<p>T\u00e9cnico em Hidrologia<\/p>\n<p>T\u00e9cnico em Meteorologia<\/p>\n<\/div>\n<\/div>\n<div class=\"editaisAntigosStyle\"><a href=\"https:\/\/wp.ufpel.edu.br\/progep\/nomeacoes-edital-03-2022\/\">Edital 03\/2022 &#8211; validade 24\/06\/2024.<\/a>\n<p class=\"cargoStyle\">Cargos:<\/p>\n<div class=\"editaisAntigosContentStyle\">\n<p>T\u00e9cnico em Tecnologia da Informa\u00e7\u00e3o<\/p>\n<\/div>\n<\/div>\n<div class=\"editaisAntigosStyle\"><a href=\"https:\/\/wp.ufpel.edu.br\/progep\/nomeacoes-edital-04-2018\/\">Edital 04\/2018 &#8211; validade 02\/04\/2024<\/a>\n<p class=\"cargoStyle\">Cargos:<\/p>\n<div class=\"editaisAntigosContentStyle\">\n<p>M\u00e9dico\/\u00c1rea: Medicina de Fam\u00edlia e Comunidade<\/p>\n<p>M\u00e9dico\/\u00c1rea: Psiquiatria<\/p>\n<p>Odont\u00f3logo<\/p>\n<p>T\u00e9cnico Desportivo<\/p>\n<p>Terapeuta Ocupacional<\/p>\n<\/div>\n<\/div>\n<div class=\"editaisAntigosStyle\"><a href=\"https:\/\/wp.ufpel.edu.br\/progep\/nomeacoes-edital-15-2019\/\">Edital 15\/2019 &#8211; validade 03\/08\/2023<\/a>\n<p class=\"cargoStyle\">Cargos:<\/p>\n<div class=\"editaisAntigosContentStyle\">\n<p>Assistente em Administra\u00e7\u00e3o<\/p>\n<\/div>\n<\/div>\n<div class=\"editaisAntigosStyle\"><a href=\"https:\/\/wp.ufpel.edu.br\/progep\/nomeacoes-edital-41-2016\/\">Edital 41\/2016 &#8211; validade 11\/10\/2022<\/a>\n<p class=\"cargoStyle\">Cargos:<\/p>\n<div class=\"editaisAntigosContentStyle\">\n<p>Assistente Social<\/p>\n<p>Contramestre-Of\u00edcio<\/p>\n<p>M\u00e9dico\/\u00c1rea: Cl\u00ednica M\u00e9dica<\/p>\n<p>T\u00e9cnico em Audiovisual<\/p>\n<p>T\u00e9cnico em Laborat\u00f3rio\/\u00c1rea: Qu\u00edmica<\/p>\n<\/div>\n<\/div>\n<div class=\"editaisAntigosStyle\"><a href=\"https:\/\/wp.ufpel.edu.br\/progep\/nomeacoes-edital-15-2016\/\">Edital 15\/2016 &#8211; validade 06\/07\/2022<\/a>\n<p class=\"cargoStyle\">Cargos:<\/p>\n<div class=\"editaisAntigosContentStyle\">\n<p>Administrador de Edif\u00edcios<\/p>\n<p>M\u00e9dico Veterin\u00e1rio<\/p>\n<p>T\u00e9cnico em Arquivo<\/p>\n<p>T\u00e9cnico em Contabilidade<\/p>\n<p>T\u00e9cnico em Edifica\u00e7\u00f5es<\/p>\n<\/div>\n<\/div>\n<\/div>","protected":false},"excerpt":{"rendered":"<p>Nomea\u00e7\u00f5es \u2013 T\u00e9cnico(a)-Administrativo(a) em Educa\u00e7\u00e3o Nesta p\u00e1gina ser\u00e3o divulgados as nomea\u00e7\u00f5es para os cargos de T\u00e9cnico(a)-Administrativo(a). Confira atrav\u00e9s dos editais abaixo. Edital 26\/2025 &#8211; validade 16\/03\/2027, prorrog\u00e1vel por +2 anos Cargos: Farmac\u00eautico-Bioqu\u00edmico M\u00e9dico\/\u00c1rea: Anestesiologia M\u00e9dico\/\u00c1rea: Aten\u00e7\u00e3o B\u00e1sica \u00e0 Sa\u00fade M\u00e9dico\/\u00c1rea: Cl\u00ednica M\u00e9dica M\u00e9dico\/\u00c1rea: Pediatria T\u00e9cnico de Laborat\u00f3rio\/\u00c1rea: Anatomia e Necropsia T\u00e9cnico de Laborat\u00f3rio\/\u00c1rea: Microbiologia T\u00e9cnico [&hellip;]<\/p>\n","protected":false},"author":52,"featured_media":0,"parent":0,"menu_order":0,"comment_status":"closed","ping_status":"closed","template":"","meta":{"footnotes":""},"class_list":["post-13951","page","type-page","status-publish","hentry"],"_links":{"self":[{"href":"https:\/\/wp.ufpel.edu.br\/progep\/wp-json\/wp\/v2\/pages\/13951","targetHints":{"allow":["GET"]}}],"collection":[{"href":"https:\/\/wp.ufpel.edu.br\/progep\/wp-json\/wp\/v2\/pages"}],"about":[{"href":"https:\/\/wp.ufpel.edu.br\/progep\/wp-json\/wp\/v2\/types\/page"}],"author":[{"embeddable":true,"href":"https:\/\/wp.ufpel.edu.br\/progep\/wp-json\/wp\/v2\/users\/52"}],"replies":[{"embeddable":true,"href":"https:\/\/wp.ufpel.edu.br\/progep\/wp-json\/wp\/v2\/comments?post=13951"}],"version-history":[{"count":3,"href":"https:\/\/wp.ufpel.edu.br\/progep\/wp-json\/wp\/v2\/pages\/13951\/revisions"}],"predecessor-version":[{"id":40871,"href":"https:\/\/wp.ufpel.edu.br\/progep\/wp-json\/wp\/v2\/pages\/13951\/revisions\/40871"}],"wp:attachment":[{"href":"https:\/\/wp.ufpel.edu.br\/progep\/wp-json\/wp\/v2\/media?parent=13951"}],"curies":[{"name":"wp","href":"https:\/\/api.w.org\/{rel}","templated":true}]}}