{"id":13944,"date":"2019-10-11T16:23:34","date_gmt":"2019-10-11T19:23:34","guid":{"rendered":"https:\/\/wp.ufpel.edu.br\/progep\/?page_id=13944"},"modified":"2025-08-29T16:22:48","modified_gmt":"2025-08-29T19:22:48","slug":"acompanhamento-de-nomeacoes-convocacoes","status":"publish","type":"page","link":"https:\/\/wp.ufpel.edu.br\/progep\/acompanhamento-de-nomeacoes-convocacoes\/","title":{"rendered":"Acompanhamento de Nomea\u00e7\u00f5es\/Convoca\u00e7\u00f5es"},"content":{"rendered":"\n<div class=\"wp-block-group\"><div class=\"wp-block-group__inner-container is-layout-constrained wp-block-group-is-layout-constrained\">\n<div class=\"logoTituloModelStyle\"><img class=\"size-medium wp-image-27184 alignleft\" src=\"https:\/\/wp.ufpel.edu.br\/progep\/files\/2025\/03\/logo-progep_atualizacao-nome_AZUL.png\" alt=\"\" \/>\n<div style=\"padding: 2rem 0\"><strong>Acompanhamento de Nomea\u00e7\u00f5es e Convoca\u00e7\u00f5es<\/strong><\/div>\n<\/div>\n<hr class=\"hrModelStyle\" \/>\n<div class=\"descriptionModelStyle\">Acompanhe aqui o andamento das <strong>nomea\u00e7\u00f5es para cargo efetivo<\/strong> e das convoca\u00e7\u00f5es para <strong>Professor\/a Substituto\/a<\/strong>:<\/div>\n<\/div><\/div>\n\n\n<div class=\"acompanhamentoStyle botaoStyle\">\n<a href=\"https:\/\/wp.ufpel.edu.br\/progep\/nomeacoes-tecnico-administrativo-em-educacao\/\">T\u00e9cnico(a)-Administrativo(a) em Educa\u00e7\u00e3o<\/a><br \/>\n<a href=\"https:\/\/wp.ufpel.edu.br\/progep\/nomeacoes-docentes-efetivos\/\">Professor(a) do Magist\u00e9rio Superior<\/a><br \/>\n<a href=\"https:\/\/wp.ufpel.edu.br\/progep\/convocacoes-docentes-substitutos\/\">Professor(a) substituto(a)<\/a>\n<\/div>","protected":false},"excerpt":{"rendered":"<p>Acompanhamento de Nomea\u00e7\u00f5es e Convoca\u00e7\u00f5es Acompanhe aqui o andamento das nomea\u00e7\u00f5es para cargo efetivo e das convoca\u00e7\u00f5es para Professor\/a Substituto\/a: T\u00e9cnico(a)-Administrativo(a) em Educa\u00e7\u00e3o Professor(a) do Magist\u00e9rio Superior Professor(a) substituto(a)<\/p>\n","protected":false},"author":52,"featured_media":0,"parent":0,"menu_order":0,"comment_status":"closed","ping_status":"closed","template":"","meta":{"footnotes":""},"class_list":["post-13944","page","type-page","status-publish","hentry"],"_links":{"self":[{"href":"https:\/\/wp.ufpel.edu.br\/progep\/wp-json\/wp\/v2\/pages\/13944","targetHints":{"allow":["GET"]}}],"collection":[{"href":"https:\/\/wp.ufpel.edu.br\/progep\/wp-json\/wp\/v2\/pages"}],"about":[{"href":"https:\/\/wp.ufpel.edu.br\/progep\/wp-json\/wp\/v2\/types\/page"}],"author":[{"embeddable":true,"href":"https:\/\/wp.ufpel.edu.br\/progep\/wp-json\/wp\/v2\/users\/52"}],"replies":[{"embeddable":true,"href":"https:\/\/wp.ufpel.edu.br\/progep\/wp-json\/wp\/v2\/comments?post=13944"}],"version-history":[{"count":3,"href":"https:\/\/wp.ufpel.edu.br\/progep\/wp-json\/wp\/v2\/pages\/13944\/revisions"}],"predecessor-version":[{"id":34461,"href":"https:\/\/wp.ufpel.edu.br\/progep\/wp-json\/wp\/v2\/pages\/13944\/revisions\/34461"}],"wp:attachment":[{"href":"https:\/\/wp.ufpel.edu.br\/progep\/wp-json\/wp\/v2\/media?parent=13944"}],"curies":[{"name":"wp","href":"https:\/\/api.w.org\/{rel}","templated":true}]}}