{"id":13726,"date":"2019-08-15T16:57:09","date_gmt":"2019-08-15T19:57:09","guid":{"rendered":"https:\/\/wp.ufpel.edu.br\/progep\/?page_id=13726"},"modified":"2019-08-21T09:12:41","modified_gmt":"2019-08-21T12:12:41","slug":"capacitacao-em-gestao-de-documentos-de-arquivo","status":"publish","type":"page","link":"https:\/\/wp.ufpel.edu.br\/progep\/capacitacao-em-gestao-de-documentos-de-arquivo\/","title":{"rendered":"Capacita\u00e7\u00e3o em Gest\u00e3o de Documentos de Arquivo"},"content":{"rendered":"<p><strong>Modalidade:<\/strong> presencial<\/p>\n<p><strong>Carga Hor\u00e1ria:<\/strong> 20 horas<\/p>\n<p><strong>Per\u00edodo:<\/strong> 26\/08 a 30\/08<\/p>\n<p><strong>Hor\u00e1rio: <\/strong>das 8h \u00e0s 12h<\/p>\n<p><strong>Local:<\/strong> <span style=\"color: #333333\">Sala 102 &#8211;<\/span> Salis Goulart<\/p>\n<p><strong>Sum\u00e1rio:<\/strong><\/p>\n<p><strong>Modulo I -No\u00e7\u00f5es b\u00e1sicas de arquivo<\/strong><\/p>\n<ol>\n<li>Conceitua\u00e7\u00e3o e caracteriza\u00e7\u00e3o dos documentos de arquivo<\/li>\n<\/ol>\n<p>1.1 Caracter\u00edsticas<\/p>\n<p>1.2 G\u00eanero<\/p>\n<p>1.3 Esp\u00e9cie<\/p>\n<p>1.4 Tipo<\/p>\n<p>1.5 Natureza do assunto<\/p>\n<p>1.6 Exerc\u00edcio<\/p>\n<ol start=\"2\">\n<li>Conceitua\u00e7\u00e3o e caracteriza\u00e7\u00e3o dos arquivos<\/li>\n<li>Princ\u00edpios e teorias arquiv\u00edsticas<\/li>\n<\/ol>\n<p>&nbsp;<\/p>\n<p><strong>M\u00f3dulo II -Gest\u00e3o de documentos<\/strong><\/p>\n<ol>\n<li>Gest\u00e3o de documentos<\/li>\n<\/ol>\n<p>1.1 Conceitua\u00e7\u00e3o<\/p>\n<p>1.2 Objetivos<\/p>\n<p>1.3 Fases<\/p>\n<p>1.4 N\u00edveis de aplica\u00e7\u00e3o<\/p>\n<ol start=\"2\">\n<li>Classifica\u00e7\u00e3o de documentos de arquivo<\/li>\n<\/ol>\n<p>2.1 Conceitua\u00e7\u00e3o e objetivos<\/p>\n<p>2.2 C\u00f3digo de classifica\u00e7\u00e3o de documentos de arquivo<\/p>\n<ol start=\"3\">\n<li>Avalia\u00e7\u00e3o, temporalidade e destina\u00e7\u00e3o de documentos de arquivo<\/li>\n<\/ol>\n<p>3.1 Conceitua\u00e7\u00e3o e objetivos da avalia\u00e7\u00e3o 3.2 Comiss\u00e3o permanente de avalia\u00e7\u00e3o de documentos (CPAD)<\/p>\n<p>3.3 Tabela de temporalidade e destina\u00e7\u00e3o<\/p>\n<p>3.3.1 Prazos de guarda<\/p>\n<p>3.4 Elimina\u00e7\u00e3o<\/p>\n<ol start=\"4\">\n<li>C\u00f3digo de classifica\u00e7\u00e3o e tabela b\u00e1sica de temporalidade e destina\u00e7\u00e3o de documentos de arquivo para a administra\u00e7\u00e3o p\u00fablica: atividades-meio<\/li>\n<li>C\u00f3digo de classifica\u00e7\u00e3o e tabela b\u00e1sica de temporalidade e destina\u00e7\u00e3o de documentos de arquivo para as Institui\u00e7\u00f5es Federais de Ensino Superior (IFES): atividades-fim<\/li>\n<li>Mudan\u00e7a do suporte da informa\u00e7\u00e3o<\/li>\n<li>Exerc\u00edcios<\/li>\n<\/ol>\n<p>&nbsp;<\/p>\n<p><strong>M\u00f3dulo III -Documentos arquiv\u00edsticos digitais<\/strong><\/p>\n<ol>\n<li>Aspectos gerais<\/li>\n<li>Gest\u00e3o de documentos digitais<\/li>\n<\/ol>\n<p>2.1 Aspectos da gest\u00e3o<\/p>\n<p>2.2 Autentica\u00e7\u00e3o<\/p>\n<ol start=\"3\">\n<li>Preserva\u00e7\u00e3o de documentos digitais<\/li>\n<li>Metadados<\/li>\n<\/ol>\n<p>&nbsp;<\/p>\n<p><strong>P\u00fablico Alvo<\/strong>: respons\u00e1veis pelos N\u00facleos Administrativos das Unidades Acad\u00eamicas, representantes de cada pr\u00f3-reitoria, do Gabinete do Reitor, do Gabinete do Vice-Reitor e das Coordena\u00e7\u00f5es ligadas \u00e0 Administra\u00e7\u00e3o.<\/p>\n<p><strong>N\u00famero de vagas<\/strong>: 40<\/p>\n<p><strong>Ministrante: <\/strong>Andrea Gon\u00e7alves dos Santos<\/p>\n<p><strong>Inscri\u00e7\u00f5es:<\/strong> indica\u00e7\u00e3o das Unidades at\u00e9 o dia <u>21 de agosto<\/u><\/p>\n","protected":false},"excerpt":{"rendered":"<p>Modalidade: presencial Carga Hor\u00e1ria: 20 horas Per\u00edodo: 26\/08 a 30\/08 Hor\u00e1rio: das 8h \u00e0s 12h Local: Sala 102 &#8211; Salis Goulart Sum\u00e1rio: Modulo I -No\u00e7\u00f5es b\u00e1sicas de arquivo Conceitua\u00e7\u00e3o e caracteriza\u00e7\u00e3o dos documentos de arquivo 1.1 Caracter\u00edsticas 1.2 G\u00eanero 1.3 Esp\u00e9cie 1.4 Tipo 1.5 Natureza do assunto 1.6 Exerc\u00edcio Conceitua\u00e7\u00e3o e caracteriza\u00e7\u00e3o dos arquivos Princ\u00edpios [&hellip;]<\/p>\n","protected":false},"author":21,"featured_media":0,"parent":0,"menu_order":0,"comment_status":"closed","ping_status":"closed","template":"","meta":{"footnotes":""},"class_list":["post-13726","page","type-page","status-publish","hentry"],"_links":{"self":[{"href":"https:\/\/wp.ufpel.edu.br\/progep\/wp-json\/wp\/v2\/pages\/13726","targetHints":{"allow":["GET"]}}],"collection":[{"href":"https:\/\/wp.ufpel.edu.br\/progep\/wp-json\/wp\/v2\/pages"}],"about":[{"href":"https:\/\/wp.ufpel.edu.br\/progep\/wp-json\/wp\/v2\/types\/page"}],"author":[{"embeddable":true,"href":"https:\/\/wp.ufpel.edu.br\/progep\/wp-json\/wp\/v2\/users\/21"}],"replies":[{"embeddable":true,"href":"https:\/\/wp.ufpel.edu.br\/progep\/wp-json\/wp\/v2\/comments?post=13726"}],"version-history":[{"count":3,"href":"https:\/\/wp.ufpel.edu.br\/progep\/wp-json\/wp\/v2\/pages\/13726\/revisions"}],"predecessor-version":[{"id":13755,"href":"https:\/\/wp.ufpel.edu.br\/progep\/wp-json\/wp\/v2\/pages\/13726\/revisions\/13755"}],"wp:attachment":[{"href":"https:\/\/wp.ufpel.edu.br\/progep\/wp-json\/wp\/v2\/media?parent=13726"}],"curies":[{"name":"wp","href":"https:\/\/api.w.org\/{rel}","templated":true}]}}