{"id":13699,"date":"2019-08-07T16:39:16","date_gmt":"2019-08-07T19:39:16","guid":{"rendered":"https:\/\/wp.ufpel.edu.br\/progep\/?page_id=13699"},"modified":"2019-08-20T11:29:06","modified_gmt":"2019-08-20T14:29:06","slug":"resultados-edital-no-03-19","status":"publish","type":"page","link":"https:\/\/wp.ufpel.edu.br\/progep\/resultados-edital-no-03-19\/","title":{"rendered":"Resultados Edital n\u00ba 03\/19"},"content":{"rendered":"<p><strong>RESULTADO PRELIMINAR Edital de PROGEP NUCAP n\u00ba 03\/2019<\/strong><\/p>\n<p><a href=\"https:\/\/wp.ufpel.edu.br\/progep\/files\/2019\/08\/Planilha-Resultado-Preliminar-Classificados.pdf\">Planilha Resultado Preliminar &#8211; Classificados<\/a><\/p>\n<p><a href=\"https:\/\/wp.ufpel.edu.br\/progep\/files\/2019\/08\/Planilha-Resultado-Preliminar-Desclassificados.pdf\">Planilha Resultado Preliminar &#8211; Desclassificados<\/a><\/p>\n<p><a href=\"https:\/\/wp.ufpel.edu.br\/progep\/files\/2019\/08\/Acoes-Aprovadas-dentro-do-limite-orcamentario.pdf\">A\u00e7\u00f5es Aprovadas dentro do limite or\u00e7ament\u00e1rio<\/a><\/p>\n<p><a href=\"https:\/\/wp.ufpel.edu.br\/progep\/files\/2019\/08\/SEI_23110.028556_2019_37.pdf\">Parecer da Comiss\u00e3o \u2013 Resultado preliminar<\/a><\/p>\n<p>&nbsp;<\/p>\n<p><strong>RESULTADO FINAL Edital de PROGEP NUCAP n\u00ba 03\/2019<\/strong><\/p>\n<p><a href=\"https:\/\/wp.ufpel.edu.br\/progep\/files\/2019\/08\/Resultado-Final-Classificacao-Geral-Retificado-em-200819.pdf\">Resultado Final &#8211; Classifica\u00e7\u00e3o Geral (Retificado em 20\/08\/2019)<\/a><\/p>\n<p><a href=\"https:\/\/wp.ufpel.edu.br\/progep\/files\/2019\/08\/Resultado-Final-Desclassificados-Retificado-20082019.pdf\">Resultado Final &#8211; Desclassificados (Retificado 20\/08\/2019)<\/a><\/p>\n<p><a href=\"https:\/\/wp.ufpel.edu.br\/progep\/files\/2019\/08\/Resultado-Final-Servidores-Contemplados-Retificado-20082019.pdf\">Resultado Final &#8211; Servidores Contemplados (Retificado 20\/08\/2019)<\/a><\/p>\n<p>&nbsp;<\/p>\n","protected":false},"excerpt":{"rendered":"<p>RESULTADO PRELIMINAR Edital de PROGEP NUCAP n\u00ba 03\/2019 Planilha Resultado Preliminar &#8211; Classificados Planilha Resultado Preliminar &#8211; Desclassificados A\u00e7\u00f5es Aprovadas dentro do limite or\u00e7ament\u00e1rio Parecer da Comiss\u00e3o \u2013 Resultado preliminar &nbsp; RESULTADO FINAL Edital de PROGEP NUCAP n\u00ba 03\/2019 Resultado Final &#8211; Classifica\u00e7\u00e3o Geral (Retificado em 20\/08\/2019) Resultado Final &#8211; Desclassificados (Retificado 20\/08\/2019) Resultado Final [&hellip;]<\/p>\n","protected":false},"author":21,"featured_media":0,"parent":0,"menu_order":0,"comment_status":"closed","ping_status":"closed","template":"","meta":{"footnotes":""},"class_list":["post-13699","page","type-page","status-publish","hentry"],"_links":{"self":[{"href":"https:\/\/wp.ufpel.edu.br\/progep\/wp-json\/wp\/v2\/pages\/13699","targetHints":{"allow":["GET"]}}],"collection":[{"href":"https:\/\/wp.ufpel.edu.br\/progep\/wp-json\/wp\/v2\/pages"}],"about":[{"href":"https:\/\/wp.ufpel.edu.br\/progep\/wp-json\/wp\/v2\/types\/page"}],"author":[{"embeddable":true,"href":"https:\/\/wp.ufpel.edu.br\/progep\/wp-json\/wp\/v2\/users\/21"}],"replies":[{"embeddable":true,"href":"https:\/\/wp.ufpel.edu.br\/progep\/wp-json\/wp\/v2\/comments?post=13699"}],"version-history":[{"count":4,"href":"https:\/\/wp.ufpel.edu.br\/progep\/wp-json\/wp\/v2\/pages\/13699\/revisions"}],"predecessor-version":[{"id":13742,"href":"https:\/\/wp.ufpel.edu.br\/progep\/wp-json\/wp\/v2\/pages\/13699\/revisions\/13742"}],"wp:attachment":[{"href":"https:\/\/wp.ufpel.edu.br\/progep\/wp-json\/wp\/v2\/media?parent=13699"}],"curies":[{"name":"wp","href":"https:\/\/api.w.org\/{rel}","templated":true}]}}