{"id":13693,"date":"2019-08-07T09:23:21","date_gmt":"2019-08-07T12:23:21","guid":{"rendered":"https:\/\/wp.ufpel.edu.br\/progep\/?page_id=13693"},"modified":"2025-06-30T13:30:45","modified_gmt":"2025-06-30T16:30:45","slug":"curso-basico-de-lingua-brasileira-de-sinais-libras-3a-edicao-2019","status":"publish","type":"page","link":"https:\/\/wp.ufpel.edu.br\/progep\/curso-basico-de-lingua-brasileira-de-sinais-libras-3a-edicao-2019\/","title":{"rendered":"Capacita\u00e7\u00e3o: CURSO B\u00c1SICO DE LIBRAS \u2013 3\u00aa Edi\u00e7\u00e3o\/2019"},"content":{"rendered":"<p><strong>Modalidade:<\/strong> presencial (com atividades \u00e0 dist\u00e2ncia)<\/p>\n<p><strong>Carga Hor\u00e1ria:<\/strong>\u00a060 horas<\/p>\n<p><strong>Per\u00edodo:<\/strong>\u00a028\/08 a 20\/11 (quartas-feiras)<\/p>\n<p><strong>Hor\u00e1rio: <\/strong>das 14h \u00e0s 18h<\/p>\n<p><strong>Local: <\/strong><span style=\"color: #ff0000\">Sala 210<\/span> &#8211; Campus II\u00a0 (Aten\u00e7\u00e3o para a altera\u00e7\u00e3o de sala!)<\/p>\n<p><strong>Sum\u00e1rio:<\/strong><\/p>\n<ul>\n<li>Identidade e cultura surda;<\/li>\n<li>Hist\u00f3ria da L\u00edngua de Sinais;<\/li>\n<li>Nomenclaturas na \u00e1rea da surdez;<\/li>\n<li>Alfabeto manual;<\/li>\n<li>N\u00fameros;<\/li>\n<li>Sauda\u00e7\u00f5es;<\/li>\n<li>Aspectos gramaticais da l\u00edngua de sinais;<\/li>\n<li>Uso de classificadores;<\/li>\n<li>Calend\u00e1rio;<\/li>\n<li>Institui\u00e7\u00f5es p\u00fablicas e privadas;<\/li>\n<li>Cursos de Gradua\u00e7\u00e3o;<\/li>\n<li>\u00c1reas do conhecimento;<\/li>\n<li>Sinais relacionados ao atendimento ao p\u00fablico;<\/li>\n<li>Locais da Universidade;<\/li>\n<li>Documentos: materiais de expediente;<\/li>\n<li>Sinais da \u00e1rea da inform\u00e1tica e tecnologias;<\/li>\n<li>Di\u00e1logos;<\/li>\n<li>Situa\u00e7\u00f5es do cotidiano;<\/li>\n<li>Abordagem de atendimento ao p\u00fablico surdo;<\/li>\n<li>Filme\/document\u00e1rios.<\/li>\n<\/ul>\n<p>&nbsp;<\/p>\n<p><strong>P\u00fablico Alvo<\/strong>: \u00a0servidores em geral<\/p>\n<p><strong>N\u00famero de vagas<\/strong>: 25<\/p>\n<p><strong>Ministrante<\/strong>: Joseane Maciel Viana<\/p>\n<p><strong>Per\u00edodo de inscri\u00e7\u00e3o<\/strong>: 07\/08 a 25\/08<\/p>\n<p><strong>Homologa\u00e7\u00e3o das inscri\u00e7\u00f5es<\/strong>: 26\/08<\/p>\n<p><strong><span style=\"color: #ff6600\"><a style=\"color: #ff6600\" href=\"https:\/\/wp.ufpel.edu.br\/progep\/files\/2019\/08\/homologa_inscritos_libras-turma-3.pdf\">Listagem das inscri\u00e7\u00f5es homologadas AQUI!<\/a><\/span><\/strong><\/p>\n","protected":false},"excerpt":{"rendered":"<p>Modalidade: presencial (com atividades \u00e0 dist\u00e2ncia) Carga Hor\u00e1ria:\u00a060 horas Per\u00edodo:\u00a028\/08 a 20\/11 (quartas-feiras) Hor\u00e1rio: das 14h \u00e0s 18h Local: Sala 210 &#8211; Campus II\u00a0 (Aten\u00e7\u00e3o para a altera\u00e7\u00e3o de sala!) Sum\u00e1rio: Identidade e cultura surda; Hist\u00f3ria da L\u00edngua de Sinais; Nomenclaturas na \u00e1rea da surdez; Alfabeto manual; N\u00fameros; Sauda\u00e7\u00f5es; Aspectos gramaticais da l\u00edngua de sinais; [&hellip;]<\/p>\n","protected":false},"author":21,"featured_media":0,"parent":0,"menu_order":0,"comment_status":"closed","ping_status":"closed","template":"","meta":{"footnotes":""},"class_list":["post-13693","page","type-page","status-publish","hentry"],"_links":{"self":[{"href":"https:\/\/wp.ufpel.edu.br\/progep\/wp-json\/wp\/v2\/pages\/13693","targetHints":{"allow":["GET"]}}],"collection":[{"href":"https:\/\/wp.ufpel.edu.br\/progep\/wp-json\/wp\/v2\/pages"}],"about":[{"href":"https:\/\/wp.ufpel.edu.br\/progep\/wp-json\/wp\/v2\/types\/page"}],"author":[{"embeddable":true,"href":"https:\/\/wp.ufpel.edu.br\/progep\/wp-json\/wp\/v2\/users\/21"}],"replies":[{"embeddable":true,"href":"https:\/\/wp.ufpel.edu.br\/progep\/wp-json\/wp\/v2\/comments?post=13693"}],"version-history":[{"count":5,"href":"https:\/\/wp.ufpel.edu.br\/progep\/wp-json\/wp\/v2\/pages\/13693\/revisions"}],"predecessor-version":[{"id":33845,"href":"https:\/\/wp.ufpel.edu.br\/progep\/wp-json\/wp\/v2\/pages\/13693\/revisions\/33845"}],"wp:attachment":[{"href":"https:\/\/wp.ufpel.edu.br\/progep\/wp-json\/wp\/v2\/media?parent=13693"}],"curies":[{"name":"wp","href":"https:\/\/api.w.org\/{rel}","templated":true}]}}