{"id":13674,"date":"2019-08-05T09:38:11","date_gmt":"2019-08-05T12:38:11","guid":{"rendered":"https:\/\/wp.ufpel.edu.br\/progep\/?page_id=13674"},"modified":"2025-06-30T13:30:50","modified_gmt":"2025-06-30T16:30:50","slug":"roda-de-conversa-sobre-procedimentos-para-utilizacao-dos-recursos-capes-proap-pnpd-e-recursos-proprios-para-os-programas-de-pos-graduacao-ppg","status":"publish","type":"page","link":"https:\/\/wp.ufpel.edu.br\/progep\/roda-de-conversa-sobre-procedimentos-para-utilizacao-dos-recursos-capes-proap-pnpd-e-recursos-proprios-para-os-programas-de-pos-graduacao-ppg\/","title":{"rendered":"Capacita\u00e7\u00e3o: Roda de conversa sobre procedimentos para utiliza\u00e7\u00e3o dos recursos CAPES PROAP\/PNPD e recursos pr\u00f3prios para os Programas de P\u00f3s-Gradua\u00e7\u00e3o (PPGs)"},"content":{"rendered":"<p><strong>Modalidade<\/strong>: Presencial<\/p>\n<p><strong>Carga Hor\u00e1ria<\/strong>: 3 horas<\/p>\n<p><strong>S\u00famula do Programa<\/strong>: Gest\u00e3o de Recursos (PROAP e recursos pr\u00f3prios) compreendendo\u00a0or\u00e7amento, compras, aux\u00edlio financeiro, di\u00e1rias e passagens.<\/p>\n<p><strong>P\u00fablico alvo<\/strong>: Coordenadores e secret\u00e1rios dos PPGs da UFPel<\/p>\n<p><strong>N\u00famero de vagas<\/strong>: 15 a 20 por turma<\/p>\n<p><strong>Ministrantes<\/strong>: Fabiane Bergmann Xavier (PRPPGI\/UFPel)<\/p>\n<p><strong>Cronograma\/Hor\u00e1rio\/Local<\/strong>:<\/p>\n<p>Turma A \u2013 Data: 27\/08\/2019 &#8211; Manh\u00e3 &#8211; das 8h30 \u00e0s 11h30 &#8211; <em>Campus<\/em> Anglo &#8211; audit\u00f3rio acad\u00eamico;<\/p>\n<p>Turma B \u2013 Data: 28\/08\/2019 &#8211; Noite &#8211; das 19h \u00e0s 22h &#8211; <em>Campus<\/em> Anglo &#8211; Audit\u00f3rio da Reitoria; <span style=\"color: #ff0000\">(Cancelada, n\u00e3o atingiu n\u00famero m\u00ednimo de inscri\u00e7\u00f5es!)<\/span><\/p>\n<p>Turma C \u2013 Data: 29\/08\/2019 &#8211; Tarde &#8211; das 14h \u00e0s 17h &#8211; <em>Campus<\/em> Cap\u00e3o do Le\u00e3o &#8211; aul\u00e1rio sala 08<\/p>\n<p><strong>Per\u00edodo de inscri\u00e7\u00e3o\/homologa\u00e7\u00e3o da inscri\u00e7\u00e3o*<\/strong>:<\/p>\n<p>Turma A &#8211; 05 a 22 de agosto \/ homologa\u00e7\u00e3o em 23 de agosto <span style=\"color: #ff0000\">(Vagas esgotadas!)<\/span><\/p>\n<p>Turma B &#8211; 05 a 25 de agosto \/ homologa\u00e7\u00e3o em 26 de agosto <span style=\"color: #ff0000\">(Turma cancelada!)<\/span><\/p>\n<p>Turma C &#8211; 05 a 26 de agosto \/ homologa\u00e7\u00e3o em 27 de agosto<\/p>\n<p><span style=\"font-size: 14pt\">*<\/span><strong>As inscri\u00e7\u00f5es homologadas ser\u00e3o publicadas nesta p\u00e1gina.<\/strong><\/p>\n<p><strong><span style=\"color: #ff6600\"><a style=\"color: #ff6600\" href=\"https:\/\/wp.ufpel.edu.br\/progep\/files\/2019\/08\/RODA-DE-CONVERSA_27AGO_manha-1.pdf\">Turma A &#8211; 27\/08 &#8211; inscri\u00e7\u00f5es homologadas!<\/a><\/span><\/strong><\/p>\n<p><span style=\"color: #ff6600\"><strong><a style=\"color: #ff6600\" href=\"https:\/\/wp.ufpel.edu.br\/progep\/files\/2019\/08\/RODA-DE-CONVERSA_29AGO_tarde.pdf\">Turma C &#8211; 29\/8 &#8211; inscri\u00e7\u00f5es homologadas!<\/a><\/strong><\/span><\/p>\n","protected":false},"excerpt":{"rendered":"<p>Modalidade: Presencial Carga Hor\u00e1ria: 3 horas S\u00famula do Programa: Gest\u00e3o de Recursos (PROAP e recursos pr\u00f3prios) compreendendo\u00a0or\u00e7amento, compras, aux\u00edlio financeiro, di\u00e1rias e passagens. P\u00fablico alvo: Coordenadores e secret\u00e1rios dos PPGs da UFPel N\u00famero de vagas: 15 a 20 por turma Ministrantes: Fabiane Bergmann Xavier (PRPPGI\/UFPel) Cronograma\/Hor\u00e1rio\/Local: Turma A \u2013 Data: 27\/08\/2019 &#8211; Manh\u00e3 &#8211; das [&hellip;]<\/p>\n","protected":false},"author":21,"featured_media":0,"parent":0,"menu_order":0,"comment_status":"closed","ping_status":"closed","template":"","meta":{"footnotes":""},"class_list":["post-13674","page","type-page","status-publish","hentry"],"_links":{"self":[{"href":"https:\/\/wp.ufpel.edu.br\/progep\/wp-json\/wp\/v2\/pages\/13674","targetHints":{"allow":["GET"]}}],"collection":[{"href":"https:\/\/wp.ufpel.edu.br\/progep\/wp-json\/wp\/v2\/pages"}],"about":[{"href":"https:\/\/wp.ufpel.edu.br\/progep\/wp-json\/wp\/v2\/types\/page"}],"author":[{"embeddable":true,"href":"https:\/\/wp.ufpel.edu.br\/progep\/wp-json\/wp\/v2\/users\/21"}],"replies":[{"embeddable":true,"href":"https:\/\/wp.ufpel.edu.br\/progep\/wp-json\/wp\/v2\/comments?post=13674"}],"version-history":[{"count":10,"href":"https:\/\/wp.ufpel.edu.br\/progep\/wp-json\/wp\/v2\/pages\/13674\/revisions"}],"predecessor-version":[{"id":33846,"href":"https:\/\/wp.ufpel.edu.br\/progep\/wp-json\/wp\/v2\/pages\/13674\/revisions\/33846"}],"wp:attachment":[{"href":"https:\/\/wp.ufpel.edu.br\/progep\/wp-json\/wp\/v2\/media?parent=13674"}],"curies":[{"name":"wp","href":"https:\/\/api.w.org\/{rel}","templated":true}]}}