{"id":13565,"date":"2019-07-03T13:24:03","date_gmt":"2019-07-03T16:24:03","guid":{"rendered":"https:\/\/wp.ufpel.edu.br\/progep\/?page_id=13565"},"modified":"2025-06-30T13:31:32","modified_gmt":"2025-06-30T16:31:32","slug":"power-mulher-roda-de-conversa-o-poder-de-ser-eu","status":"publish","type":"page","link":"https:\/\/wp.ufpel.edu.br\/progep\/power-mulher-roda-de-conversa-o-poder-de-ser-eu\/","title":{"rendered":"Capacita\u00e7\u00e3o: Power Mulher &#8211; Roda de Conversa: O Poder de Ser Eu"},"content":{"rendered":"<p><strong>Data: <\/strong>19\/07\/19 (sexta-feira) (<span style=\"color: #ff0000\">O evento foi cancelado, haja vista que o n\u00famero de inscritos n\u00e3o atingiu o m\u00ednimo de metade das vagas oferecidas<\/span>)<\/p>\n<p><strong>Hor\u00e1rio: <\/strong>das 08h30min \u00e0s 11h30min<\/p>\n<p><strong>Local: <\/strong>sala 235 &#8211; Campus Anglo<\/p>\n<p><strong>Conte\u00fado:<\/strong><\/p>\n<p>PR\u00c1TICA 1: CONHE\u00c7A \u2013 Quem sou eu e quem \u00e9 voc\u00ea?<\/p>\n<p>PR\u00c1TICA 2: ENXERGUE \u2013 Deixe a vida amar voc\u00ea<\/p>\n<p>PR\u00c1TICA 3: AGRADE\u00c7A \u2013 A d\u00e1diva de tudo<\/p>\n<p>PR\u00c1TICA 4: RECEBA E DISTRIBUA \u2013 A vida ama voc\u00ea<\/p>\n<p><strong>Facilitadora: <\/strong>Professora Andragoga Tereza Li<\/p>\n<p><strong>P\u00fablico Alvo<\/strong>: servidores em geral<\/p>\n<p><strong>N\u00famero de vagas<\/strong>: 40<\/p>\n<p><strong>Per\u00edodo de inscri\u00e7\u00e3o<\/strong>: 03\/07 a 16\/07<\/p>\n<p><strong>Divulga\u00e7\u00e3o das inscri\u00e7\u00f5es homologadas<\/strong>: 17\/07<\/p>\n","protected":false},"excerpt":{"rendered":"<p>Data: 19\/07\/19 (sexta-feira) (O evento foi cancelado, haja vista que o n\u00famero de inscritos n\u00e3o atingiu o m\u00ednimo de metade das vagas oferecidas) Hor\u00e1rio: das 08h30min \u00e0s 11h30min Local: sala 235 &#8211; Campus Anglo Conte\u00fado: PR\u00c1TICA 1: CONHE\u00c7A \u2013 Quem sou eu e quem \u00e9 voc\u00ea? PR\u00c1TICA 2: ENXERGUE \u2013 Deixe a vida amar voc\u00ea [&hellip;]<\/p>\n","protected":false},"author":21,"featured_media":0,"parent":0,"menu_order":0,"comment_status":"closed","ping_status":"closed","template":"","meta":{"footnotes":""},"class_list":["post-13565","page","type-page","status-publish","hentry"],"_links":{"self":[{"href":"https:\/\/wp.ufpel.edu.br\/progep\/wp-json\/wp\/v2\/pages\/13565","targetHints":{"allow":["GET"]}}],"collection":[{"href":"https:\/\/wp.ufpel.edu.br\/progep\/wp-json\/wp\/v2\/pages"}],"about":[{"href":"https:\/\/wp.ufpel.edu.br\/progep\/wp-json\/wp\/v2\/types\/page"}],"author":[{"embeddable":true,"href":"https:\/\/wp.ufpel.edu.br\/progep\/wp-json\/wp\/v2\/users\/21"}],"replies":[{"embeddable":true,"href":"https:\/\/wp.ufpel.edu.br\/progep\/wp-json\/wp\/v2\/comments?post=13565"}],"version-history":[{"count":3,"href":"https:\/\/wp.ufpel.edu.br\/progep\/wp-json\/wp\/v2\/pages\/13565\/revisions"}],"predecessor-version":[{"id":33847,"href":"https:\/\/wp.ufpel.edu.br\/progep\/wp-json\/wp\/v2\/pages\/13565\/revisions\/33847"}],"wp:attachment":[{"href":"https:\/\/wp.ufpel.edu.br\/progep\/wp-json\/wp\/v2\/media?parent=13565"}],"curies":[{"name":"wp","href":"https:\/\/api.w.org\/{rel}","templated":true}]}}