{"id":13555,"date":"2019-07-01T08:48:58","date_gmt":"2019-07-01T11:48:58","guid":{"rendered":"https:\/\/wp.ufpel.edu.br\/progep\/?page_id=13555"},"modified":"2025-06-30T13:32:03","modified_gmt":"2025-06-30T16:32:03","slug":"dia-mundial-de-prevencao-aos-acidentes-de-trabalho","status":"publish","type":"page","link":"https:\/\/wp.ufpel.edu.br\/progep\/dia-mundial-de-prevencao-aos-acidentes-de-trabalho\/","title":{"rendered":"Capacita\u00e7\u00e3o: Dia Mundial de Preven\u00e7\u00e3o aos Acidentes de Trabalho"},"content":{"rendered":"<p><strong>Data: <\/strong>18\/07\/19 (quinta-feira)<\/p>\n<p><strong>Hor\u00e1rio: <\/strong>das 14h30min \u00e0s 16h30min<\/p>\n<p><strong>Local: <\/strong>sala 005 &#8211; Aul\u00e1rio &#8211; Campus Cap\u00e3o do Le\u00e3o<\/p>\n<p><strong>Conte\u00fado:<\/strong><\/p>\n<p>&#8211; Apresenta\u00e7\u00e3o da tem\u00e1tica do Dia Mundial de Preven\u00e7\u00e3o aos Acidentes de Trabalho;<\/p>\n<p>&#8211; Pol\u00edticas e a\u00e7\u00f5es voltadas \u00e0 preven\u00e7\u00e3o de acidentes de trabalho no servi\u00e7o p\u00fablico, especialmente na UFPel;<\/p>\n<p>&#8211; Notifica\u00e7\u00e3o e fluxo de atendimento dos acidentes no trabalho no Sistema Integrado de Aten\u00e7\u00e3o a Sa\u00fade do Servidor P\u00fablico -SIASS\/UFPEL;<\/p>\n<p>&#8211;\u00a0 Momento de intera\u00e7\u00e3o dos participantes atrav\u00e9s de questionamentos, experi\u00eancias e sugest\u00f5es.<\/p>\n<p><strong>Facilitadoras: <\/strong>Berenice Scaletzky Knuth, Liliane Griep, Maria Ang\u00e9lica Scheidemandel Sieburger e Marilene Terezinha Buriol Farinha<\/p>\n<p><strong>P\u00fablico Alvo<\/strong>: servidores em geral<\/p>\n<p><strong>N\u00famero de vagas<\/strong>: 45<\/p>\n<p><strong>Per\u00edodo de inscri\u00e7\u00e3o<\/strong>: 01\/07 a 15\/07<\/p>\n<p><strong>Divulga\u00e7\u00e3o das inscri\u00e7\u00f5es homologadas<\/strong>: 16\/07<\/p>\n<p><span style=\"color: #ff6600\"><strong>Aviso: a atividade foi CANCELADA tendo em vista que o n\u00famero de inscritos n\u00e3o alcan\u00e7ou o m\u00ednimo de metade das vagas disponibilizadas.<\/strong><\/span><\/p>\n","protected":false},"excerpt":{"rendered":"<p>Data: 18\/07\/19 (quinta-feira) Hor\u00e1rio: das 14h30min \u00e0s 16h30min Local: sala 005 &#8211; Aul\u00e1rio &#8211; Campus Cap\u00e3o do Le\u00e3o Conte\u00fado: &#8211; Apresenta\u00e7\u00e3o da tem\u00e1tica do Dia Mundial de Preven\u00e7\u00e3o aos Acidentes de Trabalho; &#8211; Pol\u00edticas e a\u00e7\u00f5es voltadas \u00e0 preven\u00e7\u00e3o de acidentes de trabalho no servi\u00e7o p\u00fablico, especialmente na UFPel; &#8211; Notifica\u00e7\u00e3o e fluxo de atendimento [&hellip;]<\/p>\n","protected":false},"author":21,"featured_media":0,"parent":0,"menu_order":0,"comment_status":"closed","ping_status":"closed","template":"","meta":{"footnotes":""},"class_list":["post-13555","page","type-page","status-publish","hentry"],"_links":{"self":[{"href":"https:\/\/wp.ufpel.edu.br\/progep\/wp-json\/wp\/v2\/pages\/13555","targetHints":{"allow":["GET"]}}],"collection":[{"href":"https:\/\/wp.ufpel.edu.br\/progep\/wp-json\/wp\/v2\/pages"}],"about":[{"href":"https:\/\/wp.ufpel.edu.br\/progep\/wp-json\/wp\/v2\/types\/page"}],"author":[{"embeddable":true,"href":"https:\/\/wp.ufpel.edu.br\/progep\/wp-json\/wp\/v2\/users\/21"}],"replies":[{"embeddable":true,"href":"https:\/\/wp.ufpel.edu.br\/progep\/wp-json\/wp\/v2\/comments?post=13555"}],"version-history":[{"count":5,"href":"https:\/\/wp.ufpel.edu.br\/progep\/wp-json\/wp\/v2\/pages\/13555\/revisions"}],"predecessor-version":[{"id":33848,"href":"https:\/\/wp.ufpel.edu.br\/progep\/wp-json\/wp\/v2\/pages\/13555\/revisions\/33848"}],"wp:attachment":[{"href":"https:\/\/wp.ufpel.edu.br\/progep\/wp-json\/wp\/v2\/media?parent=13555"}],"curies":[{"name":"wp","href":"https:\/\/api.w.org\/{rel}","templated":true}]}}