{"id":13530,"date":"2019-06-13T11:25:16","date_gmt":"2019-06-13T14:25:16","guid":{"rendered":"https:\/\/wp.ufpel.edu.br\/progep\/?page_id=13530"},"modified":"2025-06-30T13:32:09","modified_gmt":"2025-06-30T16:32:09","slug":"palestra-aposentadoria-e-pensao-do-servidor-publico-2","status":"publish","type":"page","link":"https:\/\/wp.ufpel.edu.br\/progep\/palestra-aposentadoria-e-pensao-do-servidor-publico-2\/","title":{"rendered":"Capacita\u00e7\u00e3o: Palestra: Aposentadoria e Pens\u00e3o do Servidor P\u00fablico"},"content":{"rendered":"<p><strong>Data: <\/strong>25\/06\/19 (ter\u00e7a-feira)<\/p>\n<p><strong>Hor\u00e1rio: <\/strong>das 14h \u00e0s 17h<\/p>\n<p><strong>Local: <\/strong>Audit\u00f3rio da Reitoria (Campus Anglo, 4\u00ba andar)<\/p>\n<p><strong>Conte\u00fado:<\/strong><\/p>\n<ul>\n<li>Modalidades de Aposentadorias previstas no art. 40 da C.F. 1988 e suas formas de c\u00e1lculo<\/li>\n<li>Aposentadoria com base no art. 6\u00ba da E.C. 41\/2003 e sua forma de c\u00e1lculo<\/li>\n<li>Aposentadoria com base no art. 3\u00ba da E.C. 47\/2005 e sua forma de c\u00e1lculo<\/li>\n<li>Tipos de Regimes Previdenci\u00e1rios<\/li>\n<li>Simula\u00e7\u00f5es de casos<\/li>\n<li>C\u00e1lculo de Pens\u00f5es<\/li>\n<li>Dependentes que fazem jus a pens\u00e3o<\/li>\n<li>Hip\u00f3teses de perda da qualidade de benefici\u00e1rio de pens\u00e3o<\/li>\n<\/ul>\n<p><strong>\u00a0<\/strong><\/p>\n<p><strong>Facilitadora: <\/strong>Roberta Funari Bacelo<\/p>\n<p><strong>P\u00fablico Alvo<\/strong>: servidores em geral<\/p>\n<p><strong>N\u00famero de vagas<\/strong>: 80<\/p>\n<p><strong>Per\u00edodo de inscri\u00e7\u00e3o<\/strong>: 13\/06 a 23\/06<\/p>\n<p><strong>Divulga\u00e7\u00e3o das inscri\u00e7\u00f5es homologadas<\/strong>: 24\/06<\/p>\n<p><span style=\"color: #ff6600\"><strong><a style=\"color: #ff6600\" href=\"https:\/\/wp.ufpel.edu.br\/progep\/files\/2019\/06\/homologa_inscritos.pdf\">INSCRI\u00c7\u00d5ES HOMOLOGADAS!<\/a><\/strong><\/span><\/p>\n","protected":false},"excerpt":{"rendered":"<p>Data: 25\/06\/19 (ter\u00e7a-feira) Hor\u00e1rio: das 14h \u00e0s 17h Local: Audit\u00f3rio da Reitoria (Campus Anglo, 4\u00ba andar) Conte\u00fado: Modalidades de Aposentadorias previstas no art. 40 da C.F. 1988 e suas formas de c\u00e1lculo Aposentadoria com base no art. 6\u00ba da E.C. 41\/2003 e sua forma de c\u00e1lculo Aposentadoria com base no art. 3\u00ba da E.C. 47\/2005 [&hellip;]<\/p>\n","protected":false},"author":21,"featured_media":0,"parent":0,"menu_order":0,"comment_status":"closed","ping_status":"closed","template":"","meta":{"footnotes":""},"class_list":["post-13530","page","type-page","status-publish","hentry"],"_links":{"self":[{"href":"https:\/\/wp.ufpel.edu.br\/progep\/wp-json\/wp\/v2\/pages\/13530","targetHints":{"allow":["GET"]}}],"collection":[{"href":"https:\/\/wp.ufpel.edu.br\/progep\/wp-json\/wp\/v2\/pages"}],"about":[{"href":"https:\/\/wp.ufpel.edu.br\/progep\/wp-json\/wp\/v2\/types\/page"}],"author":[{"embeddable":true,"href":"https:\/\/wp.ufpel.edu.br\/progep\/wp-json\/wp\/v2\/users\/21"}],"replies":[{"embeddable":true,"href":"https:\/\/wp.ufpel.edu.br\/progep\/wp-json\/wp\/v2\/comments?post=13530"}],"version-history":[{"count":3,"href":"https:\/\/wp.ufpel.edu.br\/progep\/wp-json\/wp\/v2\/pages\/13530\/revisions"}],"predecessor-version":[{"id":33849,"href":"https:\/\/wp.ufpel.edu.br\/progep\/wp-json\/wp\/v2\/pages\/13530\/revisions\/33849"}],"wp:attachment":[{"href":"https:\/\/wp.ufpel.edu.br\/progep\/wp-json\/wp\/v2\/media?parent=13530"}],"curies":[{"name":"wp","href":"https:\/\/api.w.org\/{rel}","templated":true}]}}