{"id":13502,"date":"2019-05-28T12:27:39","date_gmt":"2019-05-28T15:27:39","guid":{"rendered":"https:\/\/wp.ufpel.edu.br\/progep\/?page_id=13502"},"modified":"2025-06-30T13:32:14","modified_gmt":"2025-06-30T16:32:14","slug":"palestra-o-amor-corre-nas-veias-doe-sangue-e-ajude-a-salvar-vidas","status":"publish","type":"page","link":"https:\/\/wp.ufpel.edu.br\/progep\/palestra-o-amor-corre-nas-veias-doe-sangue-e-ajude-a-salvar-vidas\/","title":{"rendered":"Capacita\u00e7\u00e3o: Palestra: O amor corre nas veias. Doe sangue e ajude a salvar vidas!"},"content":{"rendered":"<p><strong>Data: <\/strong>12\/06\/19 (quarta-feira) \u00a0(<span style=\"color: #ff0000\">A palestra foi cancelada, haja vista que o n\u00famero de inscritos n\u00e3o atingiu o m\u00ednimo de metade das vagas oferecidas<\/span>)<\/p>\n<p><strong>Hor\u00e1rio: <\/strong>das 8h30min \u00e0s 10h30min<\/p>\n<p><strong>Local: <\/strong>Audit\u00f3rio do Campus II<\/p>\n<p><strong>Ementa: <\/strong>Apresenta\u00e7\u00e3o da tem\u00e1tica do Dia Mundial da Doa\u00e7\u00e3o de Sangue; Caracter\u00edsticas e funcionamento dos Hemocentros de Pelotas e regi\u00e3o; Quem doa? Pra quem doar? Por qu\u00ea doar sangue?; Previs\u00e3o legal para o doador.<\/p>\n<p><strong>Facilitadoras: <\/strong>Adriana Souza de Mello e Carmen Regina Cardoso das Neves (servidoras do HEMOPEL)<\/p>\n<p><strong>P\u00fablico Alvo<\/strong>: servidores em geral<\/p>\n<p><strong>N\u00famero de vagas<\/strong>: 80<\/p>\n<p><strong>Per\u00edodo de inscri\u00e7\u00e3o<\/strong>: 28\/05 a 09\/06<\/p>\n<p><strong>Divulga\u00e7\u00e3o das inscri\u00e7\u00f5es homologadas<\/strong>: 10\/06<\/p>\n<p>&nbsp;<\/p>\n","protected":false},"excerpt":{"rendered":"<p>Data: 12\/06\/19 (quarta-feira) \u00a0(A palestra foi cancelada, haja vista que o n\u00famero de inscritos n\u00e3o atingiu o m\u00ednimo de metade das vagas oferecidas) Hor\u00e1rio: das 8h30min \u00e0s 10h30min Local: Audit\u00f3rio do Campus II Ementa: Apresenta\u00e7\u00e3o da tem\u00e1tica do Dia Mundial da Doa\u00e7\u00e3o de Sangue; Caracter\u00edsticas e funcionamento dos Hemocentros de Pelotas e regi\u00e3o; Quem doa? [&hellip;]<\/p>\n","protected":false},"author":21,"featured_media":0,"parent":0,"menu_order":0,"comment_status":"closed","ping_status":"closed","template":"","meta":{"footnotes":""},"class_list":["post-13502","page","type-page","status-publish","hentry"],"_links":{"self":[{"href":"https:\/\/wp.ufpel.edu.br\/progep\/wp-json\/wp\/v2\/pages\/13502","targetHints":{"allow":["GET"]}}],"collection":[{"href":"https:\/\/wp.ufpel.edu.br\/progep\/wp-json\/wp\/v2\/pages"}],"about":[{"href":"https:\/\/wp.ufpel.edu.br\/progep\/wp-json\/wp\/v2\/types\/page"}],"author":[{"embeddable":true,"href":"https:\/\/wp.ufpel.edu.br\/progep\/wp-json\/wp\/v2\/users\/21"}],"replies":[{"embeddable":true,"href":"https:\/\/wp.ufpel.edu.br\/progep\/wp-json\/wp\/v2\/comments?post=13502"}],"version-history":[{"count":4,"href":"https:\/\/wp.ufpel.edu.br\/progep\/wp-json\/wp\/v2\/pages\/13502\/revisions"}],"predecessor-version":[{"id":33850,"href":"https:\/\/wp.ufpel.edu.br\/progep\/wp-json\/wp\/v2\/pages\/13502\/revisions\/33850"}],"wp:attachment":[{"href":"https:\/\/wp.ufpel.edu.br\/progep\/wp-json\/wp\/v2\/media?parent=13502"}],"curies":[{"name":"wp","href":"https:\/\/api.w.org\/{rel}","templated":true}]}}