{"id":13479,"date":"2019-05-22T12:35:49","date_gmt":"2019-05-22T15:35:49","guid":{"rendered":"https:\/\/wp.ufpel.edu.br\/progep\/?page_id=13479"},"modified":"2025-06-30T13:32:21","modified_gmt":"2025-06-30T16:32:21","slug":"roda-de-conversa-boas-praticas-e-uso-de-recursos-avancados-no-sistema-eletronico-de-informacoes-sei","status":"publish","type":"page","link":"https:\/\/wp.ufpel.edu.br\/progep\/roda-de-conversa-boas-praticas-e-uso-de-recursos-avancados-no-sistema-eletronico-de-informacoes-sei\/","title":{"rendered":"Capacita\u00e7\u00e3o: Roda de Conversa: boas pr\u00e1ticas e uso de recursos avan\u00e7ados no Sistema Eletr\u00f4nico de Informa\u00e7\u00f5es (SEI)"},"content":{"rendered":"<p><strong>Modalidade<\/strong><strong>:<\/strong> Presencial<\/p>\n<p><strong>Carga Hor\u00e1ria<\/strong>: 2 horas<\/p>\n<p><strong>S\u00famula do Programa<\/strong>:<\/p>\n<p><u>Recursos do SEI<\/u>: Bloco de assinatura; Acompanhamento especial; Busca e uso da base de conhecimento; Andamento do processo; Relacionamento e anexa\u00e7\u00e3o de processos; Sobrestamento de processos; Uso do recurso de pesquisa e estat\u00edsticas; Uso do grupo de envio (e-mail, envio e contatos); \u00a0Envio de e-mail; Cadastro de usu\u00e1rio externo e disponibiliza\u00e7\u00e3o de documentos para usu\u00e1rio externo; Texto padr\u00e3o; Documento modelo; SEI++;Uso aplicativo.<\/p>\n<p><u>Boas Pr\u00e1ticas no uso do SEI<\/u>: Uso do SEI: qual finalidade; A import\u00e2ncia da classifica\u00e7\u00e3o de processos; A import\u00e2ncia da especifica\u00e7\u00e3o do processo; Interessado no processo\/documento; Retorno de bloco de assinatura; N\u00e3o utilizar o retorno programado; Problema de processo abertos em unidades sem necessidade; Orienta\u00e7\u00f5es sobre processos p\u00fablicos, restritos e sigilosos; Quest\u00f5es de seguran\u00e7a; Link de documentos no SEI; Modifica\u00e7\u00e3o documento assinado e visualizado por outra unidade; Uso da atualiza\u00e7\u00e3o de andamento para registro de informa\u00e7\u00f5es relevantes.<\/p>\n<p><strong>P\u00fablico alvo<\/strong>: servidores em geral<\/p>\n<p><strong>Facilitadores<\/strong>: Comiss\u00e3o do SEI<\/p>\n<p><strong>Cronograma <\/strong>(sempre das 13h \u00e0s 15h)<strong>:<\/strong><\/p>\n<ul>\n<li>27\/06 \u2013 PRA + Gabinete do Vice (coordena\u00e7\u00f5es e n\u00facleos)<\/li>\n<li>01\/07 \u2013 PRAE<\/li>\n<li>02\/07 &#8211; PROPLAN + PRPPGI<\/li>\n<li>04\/07 &#8211; PROGEP + PREC<\/li>\n<li>09\/07 &#8211;\u00a0PRE + Gabinete do Reitor (coordena\u00e7\u00f5es e n\u00facleos)<\/li>\n<\/ul>\n<p><strong>Local<\/strong>: sala 112 do Campus Anglo, exceto no dia 01\/07 (205 do Campus II).<\/p>\n<p>&nbsp;<\/p>\n<p><strong>A\u00e7\u00f5es j\u00e1 realizadas:<\/strong><\/p>\n<p>Turma A \u2013 Data: 29\/05\/2019, das 13h30min \u00e0s 15h30min \u2013 Audit\u00f3rio da Reitoria<\/p>\n<p>Turma B \u2013 Data: 04\/06\/2019, das 8h30min \u00e0s 10h30min \u2013 Audit\u00f3rio do Campus II<\/p>\n<p>Turma C \u2013 Data: 11\/06\/2019, das 8h30min \u00e0s 10h30min \u2013 Sal\u00e3o Nobre da FAEM<\/p>\n<p><strong><span style=\"color: #ff6600\"><a style=\"color: #ff6600\" href=\"https:\/\/wp.ufpel.edu.br\/progep\/files\/2019\/05\/homologa_inscritos-turma-A-1.pdf\">INSCRI\u00c7\u00d5ES HOMOLOGADAS -TURMA A<\/a><\/span><\/strong><\/p>\n<p><strong><span style=\"color: #ff6600\"><a style=\"color: #ff6600\" href=\"https:\/\/wp.ufpel.edu.br\/progep\/files\/2019\/06\/homologa_inscritos-turma-B.pdf\">INSCRI\u00c7\u00d5ES HOMOLOGADAS -TURMA B<\/a><\/span><\/strong><\/p>\n<p><strong><span style=\"color: #ff6600\"><a style=\"color: #ff6600\" href=\"https:\/\/wp.ufpel.edu.br\/progep\/files\/2019\/06\/homologa_inscritos-turma-C.pdf\">INSCRI\u00c7\u00d5ES HOMOLOGADAS -TURMA C<\/a><\/span><\/strong><\/p>\n<p>&nbsp;<\/p>\n<p>&nbsp;<\/p>\n","protected":false},"excerpt":{"rendered":"<p>Modalidade: Presencial Carga Hor\u00e1ria: 2 horas S\u00famula do Programa: Recursos do SEI: Bloco de assinatura; Acompanhamento especial; Busca e uso da base de conhecimento; Andamento do processo; Relacionamento e anexa\u00e7\u00e3o de processos; Sobrestamento de processos; Uso do recurso de pesquisa e estat\u00edsticas; Uso do grupo de envio (e-mail, envio e contatos); \u00a0Envio de e-mail; Cadastro [&hellip;]<\/p>\n","protected":false},"author":21,"featured_media":0,"parent":0,"menu_order":0,"comment_status":"closed","ping_status":"closed","template":"","meta":{"footnotes":""},"class_list":["post-13479","page","type-page","status-publish","hentry"],"_links":{"self":[{"href":"https:\/\/wp.ufpel.edu.br\/progep\/wp-json\/wp\/v2\/pages\/13479","targetHints":{"allow":["GET"]}}],"collection":[{"href":"https:\/\/wp.ufpel.edu.br\/progep\/wp-json\/wp\/v2\/pages"}],"about":[{"href":"https:\/\/wp.ufpel.edu.br\/progep\/wp-json\/wp\/v2\/types\/page"}],"author":[{"embeddable":true,"href":"https:\/\/wp.ufpel.edu.br\/progep\/wp-json\/wp\/v2\/users\/21"}],"replies":[{"embeddable":true,"href":"https:\/\/wp.ufpel.edu.br\/progep\/wp-json\/wp\/v2\/comments?post=13479"}],"version-history":[{"count":11,"href":"https:\/\/wp.ufpel.edu.br\/progep\/wp-json\/wp\/v2\/pages\/13479\/revisions"}],"predecessor-version":[{"id":33851,"href":"https:\/\/wp.ufpel.edu.br\/progep\/wp-json\/wp\/v2\/pages\/13479\/revisions\/33851"}],"wp:attachment":[{"href":"https:\/\/wp.ufpel.edu.br\/progep\/wp-json\/wp\/v2\/media?parent=13479"}],"curies":[{"name":"wp","href":"https:\/\/api.w.org\/{rel}","templated":true}]}}