{"id":13437,"date":"2019-05-13T14:56:36","date_gmt":"2019-05-13T17:56:36","guid":{"rendered":"https:\/\/wp.ufpel.edu.br\/progep\/?page_id=13437"},"modified":"2025-06-30T13:32:36","modified_gmt":"2025-06-30T16:32:36","slug":"curso-intermediario-de-lingua-brasileira-de-sinais-libras-2a-edicao-2019","status":"publish","type":"page","link":"https:\/\/wp.ufpel.edu.br\/progep\/curso-intermediario-de-lingua-brasileira-de-sinais-libras-2a-edicao-2019\/","title":{"rendered":"Capacita\u00e7\u00e3o: CURSO INTERMEDI\u00c1RIO DE L\u00cdNGUA BRASILEIRA DE SINAIS \u2013 LIBRAS 2\u00aa EDI\u00c7\u00c3O\/2019"},"content":{"rendered":"<p><strong>Modalidade:<\/strong>\u00a0presencial (com algumas atividades no AVA \u2013 Moodle)<\/p>\n<p><strong>Carga Hor\u00e1ria:<\/strong>\u00a060 horas<\/p>\n<p><strong>Per\u00edodo:<\/strong>\u00a029\/05 a 24\/07<\/p>\n<p><strong>Hor\u00e1rio: <\/strong>das 8h30min \u00e0s 11h30min<\/p>\n<p><strong>Local: <\/strong>Sala 111 (segundas-feiras) e sala 110 (quartas-feiras) &#8211; Campus Anglo<\/p>\n<p><strong>Sum\u00e1rio:<\/strong><\/p>\n<ul>\n<li>Identidade e cultura surda;<\/li>\n<li>Uso dos classificadores;<\/li>\n<li>Tipos de verbos;<\/li>\n<li>Tipos de Frases;<\/li>\n<li>Express\u00f5es afetivas e gramaticais;<\/li>\n<li>Adjetivos e Comparativos;<\/li>\n<li>Di\u00e1logos com a\u00e7\u00f5es do cotidiano;<\/li>\n<li>Cidades, Estados, Pa\u00edses;<\/li>\n<li>Locais na cidade de Pelotas e regi\u00e3o;<\/li>\n<li>Diversos Substantivos;<\/li>\n<li>Estrat\u00e9gias de comunica\u00e7\u00e3o;<\/li>\n<li>Sinais referentes ao atendimento em diferentes setores da UFPEL;<\/li>\n<li>Valores monet\u00e1rios;<\/li>\n<li>Disciplinas \u00c1reas do conhecimento;<\/li>\n<li>Documentos institucionais;<\/li>\n<li>Aspectos gramaticais da l\u00edngua de sinais;<\/li>\n<li>Express\u00f5es referentes a tempo e dura\u00e7\u00e3o;<\/li>\n<li>Express\u00f5es referentes ao clima, fen\u00f4menos da natureza \u00a0e esta\u00e7\u00f5es do ano;<\/li>\n<li>Atividades de atendimentos ao p\u00fablico;<\/li>\n<li>Atividades de fixa\u00e7\u00e3o do conte\u00fado;<\/li>\n<li>Atividades de conversa\u00e7\u00e3o em Libras;<\/li>\n<li>Atividades de produ\u00e7\u00e3o e compreens\u00e3o em Libras;<\/li>\n<li>V\u00eddeos sobre a l\u00edngua de sinais e a cultura surda;<\/li>\n<li>Abordagem de atendimento ao p\u00fablico surdo;<\/li>\n<li>Filme\/document\u00e1rios.<\/li>\n<\/ul>\n<p><strong>P\u00fablico Alvo<\/strong>: \u00a0servidores que tenham realizado Curso B\u00e1sico de Libras<\/p>\n<p><strong>N\u00famero de vagas<\/strong>: 25<\/p>\n<p><strong>Ministrantes<\/strong>: Daiana San Martins Goulart e Juliana Sanches dos Santos<\/p>\n<p><strong>Per\u00edodo de inscri\u00e7\u00e3o<\/strong>: 13\/05 a 26\/05<\/p>\n<p><strong>Homologa\u00e7\u00e3o das inscri\u00e7\u00f5es<\/strong>: 27\/05<\/p>\n<p><strong><span style=\"color: #ff6600\"><a style=\"color: #ff6600\" href=\"https:\/\/wp.ufpel.edu.br\/progep\/files\/2019\/05\/homologa_inscritos-2.pdf\">INSCRI\u00c7\u00d5ES HOMOLOGADAS<\/a><\/span><\/strong><\/p>\n<p>&nbsp;<\/p>\n","protected":false},"excerpt":{"rendered":"<p>Modalidade:\u00a0presencial (com algumas atividades no AVA \u2013 Moodle) Carga Hor\u00e1ria:\u00a060 horas Per\u00edodo:\u00a029\/05 a 24\/07 Hor\u00e1rio: das 8h30min \u00e0s 11h30min Local: Sala 111 (segundas-feiras) e sala 110 (quartas-feiras) &#8211; Campus Anglo Sum\u00e1rio: Identidade e cultura surda; Uso dos classificadores; Tipos de verbos; Tipos de Frases; Express\u00f5es afetivas e gramaticais; Adjetivos e Comparativos; Di\u00e1logos com a\u00e7\u00f5es do [&hellip;]<\/p>\n","protected":false},"author":21,"featured_media":0,"parent":0,"menu_order":0,"comment_status":"closed","ping_status":"closed","template":"","meta":{"footnotes":""},"class_list":["post-13437","page","type-page","status-publish","hentry"],"_links":{"self":[{"href":"https:\/\/wp.ufpel.edu.br\/progep\/wp-json\/wp\/v2\/pages\/13437","targetHints":{"allow":["GET"]}}],"collection":[{"href":"https:\/\/wp.ufpel.edu.br\/progep\/wp-json\/wp\/v2\/pages"}],"about":[{"href":"https:\/\/wp.ufpel.edu.br\/progep\/wp-json\/wp\/v2\/types\/page"}],"author":[{"embeddable":true,"href":"https:\/\/wp.ufpel.edu.br\/progep\/wp-json\/wp\/v2\/users\/21"}],"replies":[{"embeddable":true,"href":"https:\/\/wp.ufpel.edu.br\/progep\/wp-json\/wp\/v2\/comments?post=13437"}],"version-history":[{"count":3,"href":"https:\/\/wp.ufpel.edu.br\/progep\/wp-json\/wp\/v2\/pages\/13437\/revisions"}],"predecessor-version":[{"id":33853,"href":"https:\/\/wp.ufpel.edu.br\/progep\/wp-json\/wp\/v2\/pages\/13437\/revisions\/33853"}],"wp:attachment":[{"href":"https:\/\/wp.ufpel.edu.br\/progep\/wp-json\/wp\/v2\/media?parent=13437"}],"curies":[{"name":"wp","href":"https:\/\/api.w.org\/{rel}","templated":true}]}}