{"id":13433,"date":"2019-05-13T14:47:18","date_gmt":"2019-05-13T17:47:18","guid":{"rendered":"https:\/\/wp.ufpel.edu.br\/progep\/?page_id=13433"},"modified":"2025-05-16T09:38:09","modified_gmt":"2025-05-16T12:38:09","slug":"atualizacao-sobre-tabagismo-entendendo-os-riscos-e-elaborando-estrategias","status":"publish","type":"page","link":"https:\/\/wp.ufpel.edu.br\/progep\/atualizacao-sobre-tabagismo-entendendo-os-riscos-e-elaborando-estrategias\/","title":{"rendered":"Capacita\u00e7\u00e3o: Atualiza\u00e7\u00e3o sobre tabagismo: entendendo os riscos e elaborando estrat\u00e9gias"},"content":{"rendered":"<p><strong>Data: <\/strong>29\/05\/19 (quarta-feira) (<span style=\"color: #ff0000\">A palestra foi cancelada, haja vista que o n\u00famero de inscritos n\u00e3o atingiu o m\u00ednimo de metade das vagas oferecidas<\/span>)<\/p>\n<p><strong>Hor\u00e1rio: <\/strong>das 14h \u00e0s 16h<\/p>\n<p><strong>Local: <\/strong>Mini Audit\u00f3rio da FAMED<\/p>\n<p><strong>Ementa: <\/strong>O Dia Mundial Sem Tabaco comemora a campanha global lan\u00e7ada em 1987 pela ONU para reduzir o consumo de tabaco e, portanto, as mortes por este. O objetivo desta celebra\u00e7\u00e3o \u00e9 aumentar a consci\u00eancia p\u00fablica mundial sobre os efeitos nocivos do consumo de tabaco e promover a implementa\u00e7\u00e3o de pol\u00edticas p\u00fablicas eficazes para reduzir o consumo. Morrem anualmente cerca de 6 milh\u00f5es de pessoas no mundo por causa de doen\u00e7as relacionadas diretamente ao consumo de tabaco, 600.000 desses 6 milh\u00f5es de pessoas n\u00e3o s\u00e3o consumidores diretos, mas est\u00e3o em constante contato com a fuma\u00e7a produzida pelo tabaco. A maior causa de morte \u00e9 o c\u00e2ncer de pulm\u00e3o e cerca de 80% destas mortes poderiam ser evitadas eliminando o consumo de tabaco. A conscientiza\u00e7\u00e3o permanente acerca do impacto desta epidemia no Brasil e no mundo \u00e9 fundamental para a forma\u00e7\u00e3o de multiplicadores que difundam estas informa\u00e7\u00f5es na sociedade.<\/p>\n<p><strong>Facilitadora: <\/strong>Silvia Elaine Cardozo Macedo<\/p>\n<p><strong>P\u00fablico Alvo<\/strong>: servidores em geral<\/p>\n<p><strong>N\u00famero de vagas<\/strong>: 85<\/p>\n<p><strong>Per\u00edodo de inscri\u00e7\u00e3o<\/strong>: 13\/05 a 27\/05<\/p>\n<p><strong>Divulga\u00e7\u00e3o das inscri\u00e7\u00f5es homologadas<\/strong>: 28\/05<\/p>\n<p><span style=\"color: #ff6600\"><a style=\"color: #ff6600\" href=\"https:\/\/wp.ufpel.edu.br\/progep\/inscricoes-para-curso\/\"><strong>INSCRI\u00c7\u00d5ES AQUI!<\/strong><\/a><\/span><\/p>\n","protected":false},"excerpt":{"rendered":"<p>Data: 29\/05\/19 (quarta-feira) (A palestra foi cancelada, haja vista que o n\u00famero de inscritos n\u00e3o atingiu o m\u00ednimo de metade das vagas oferecidas) Hor\u00e1rio: das 14h \u00e0s 16h Local: Mini Audit\u00f3rio da FAMED Ementa: O Dia Mundial Sem Tabaco comemora a campanha global lan\u00e7ada em 1987 pela ONU para reduzir o consumo de tabaco e, [&hellip;]<\/p>\n","protected":false},"author":21,"featured_media":0,"parent":0,"menu_order":0,"comment_status":"closed","ping_status":"closed","template":"","meta":{"footnotes":""},"class_list":["post-13433","page","type-page","status-publish","hentry"],"_links":{"self":[{"href":"https:\/\/wp.ufpel.edu.br\/progep\/wp-json\/wp\/v2\/pages\/13433","targetHints":{"allow":["GET"]}}],"collection":[{"href":"https:\/\/wp.ufpel.edu.br\/progep\/wp-json\/wp\/v2\/pages"}],"about":[{"href":"https:\/\/wp.ufpel.edu.br\/progep\/wp-json\/wp\/v2\/types\/page"}],"author":[{"embeddable":true,"href":"https:\/\/wp.ufpel.edu.br\/progep\/wp-json\/wp\/v2\/users\/21"}],"replies":[{"embeddable":true,"href":"https:\/\/wp.ufpel.edu.br\/progep\/wp-json\/wp\/v2\/comments?post=13433"}],"version-history":[{"count":4,"href":"https:\/\/wp.ufpel.edu.br\/progep\/wp-json\/wp\/v2\/pages\/13433\/revisions"}],"predecessor-version":[{"id":32568,"href":"https:\/\/wp.ufpel.edu.br\/progep\/wp-json\/wp\/v2\/pages\/13433\/revisions\/32568"}],"wp:attachment":[{"href":"https:\/\/wp.ufpel.edu.br\/progep\/wp-json\/wp\/v2\/media?parent=13433"}],"curies":[{"name":"wp","href":"https:\/\/api.w.org\/{rel}","templated":true}]}}