{"id":13383,"date":"2019-04-24T13:51:20","date_gmt":"2019-04-24T16:51:20","guid":{"rendered":"https:\/\/wp.ufpel.edu.br\/progep\/?page_id=13383"},"modified":"2025-06-30T13:33:14","modified_gmt":"2025-06-30T16:33:14","slug":"programa-de-educacao-para-a-aposentadoria-dos-servidores-da-ufpel-evoluidade","status":"publish","type":"page","link":"https:\/\/wp.ufpel.edu.br\/progep\/programa-de-educacao-para-a-aposentadoria-dos-servidores-da-ufpel-evoluidade\/","title":{"rendered":"Capacita\u00e7\u00e3o: Programa de Educa\u00e7\u00e3o para a Aposentadoria dos Servidores da UFPel &#8211; EVOLUIDADE"},"content":{"rendered":"<p><strong>Modalidade:<\/strong>\u00a0Presencial<\/p>\n<p><strong style=\"font-style: inherit\">Carga Hor\u00e1ria:<\/strong>\u00a0aproximadamente 100 horas<\/p>\n<p><strong style=\"font-style: inherit\">Per\u00edodo:<\/strong>\u00a003\/05 a 06\/12 (todas as sextas-feiras)<\/p>\n<p><strong>Hor\u00e1rio<\/strong>: das 14h \u00e0s 18h<\/p>\n<p><strong style=\"font-style: inherit\">Local: \u00a0<\/strong>Engenharia Industrial Madeireira (Rua Conde de Porto Alegre, 793)<\/p>\n<p style=\"text-align: justify\"><strong>S\u00famula:<\/strong> Programa voltado aos Servidores da Universidade Federal de Pelotas (Docentes e T\u00e9cnico-Administrativos), que tem dentre os objetivos, promover um espa\u00e7o para reflex\u00e3o, apresentar e\/ou facilitar a busca de informa\u00e7\u00f5es (aspectos previdenci\u00e1rios, legais, ocupacionais, sociais, comportamentais, emocionais, envolvidos na aposentadoria); estimular a busca da realiza\u00e7\u00e3o de seus interesses e\/ou na descoberta de novos (sejam eles hobbies, atividades art\u00edsticas, esportivas, participa\u00e7\u00e3o em cursos, criatividade, artesanato, atividades de voluntariado); possibilitar o inter-relacionamento e a troca afetiva e de experi\u00eancias entre colegas que estejam vivenciando a mesma etapa na carreira funcional e, principalmente experienciar a aposentadoria enquanto p\u00f3s-carreira e continuidade de uma vida de qualidade, bem-estar, sa\u00fade, produtividade e liberdade de tempo.<\/p>\n<p><strong>1.Dimens\u00e3o Identidade\u00a0<\/strong><\/p>\n<p>Identidade, Trabalho e aposentadoria<\/p>\n<p>Aposentadoria, Crise ou Liberdade?<\/p>\n<p><strong>2. Aspectos Previdenci\u00e1rios<\/strong><\/p>\n<p><strong>3. <\/strong><strong>Dimens\u00e3o Psicol\u00f3gica<\/strong><\/p>\n<p>Preconceitos, estere\u00f3tipos<\/p>\n<p>Estou aposentando&#8230; E agora?<\/p>\n<p>Fatores de Risco e de Prote\u00e7\u00e3o<\/p>\n<p><strong>4. Dimens\u00e3o\u00a0 F\u00edsico-Biol\u00f3gica<\/strong><\/p>\n<p>Impactos na sa\u00fade<\/p>\n<p>Altera\u00e7\u00f5es no corpo f\u00edsico<\/p>\n<p>Papel da atividade F\u00edsica no Ciclo da Vida<\/p>\n<p>Alimenta\u00e7\u00e3o e sua contribui\u00e7\u00e3o para uma melhor qualidade de vida<\/p>\n<p>Diferentes Tipos de Dietas<\/p>\n<p>Envelhecimento Ativo<\/p>\n<p>Sexualidade na maturidade<\/p>\n<p><strong>5. Dimens\u00e3o Social<\/strong><\/p>\n<p>Relacionamentos Interpessoais na Decis\u00e3o e na Transi\u00e7\u00e3o para a Aposentadoria<\/p>\n<p><strong>6. Dimens\u00e3o Familiar<\/strong><\/p>\n<p>Relacionamento Familiar<\/p>\n<p><strong>7. Dimens\u00e3o do Lazer<\/strong><\/p>\n<p>Lazer, tempo livre, \u00f3cio criativo<\/p>\n<p>Criatividade e Talentos<\/p>\n<p>Atividade Volunt\u00e1ria<\/p>\n<p><strong>8. Dimens\u00e3o Econ\u00f4mico-Financeira<\/strong><\/p>\n<p>Finan\u00e7as Pessoais<\/p>\n<p><strong>9. Dimens\u00e3o Espiritualidade<\/strong><\/p>\n<p><strong>10. Dimens\u00e3o Tecnol\u00f3gica<\/strong><\/p>\n<p>Tecnologias da Informa\u00e7\u00e3o e seus desafios na atualidade<\/p>\n<p><strong>11. Projeto de Vida<\/strong><\/p>\n<p>Sonhos e metas no p\u00f3s-carreira<\/p>\n<p>&nbsp;<\/p>\n<p><strong>P\u00fablico Alvo<\/strong>: servidores em geral<\/p>\n<p><strong>Per\u00edodo de inscri\u00e7\u00e3o<\/strong>: 24\/04 a 02\/05 (meio dia)<\/p>\n<p><strong>Homologa\u00e7\u00e3o das inscri\u00e7\u00f5es<\/strong>: 02\/05 (a tarde)<\/p>\n<p><span style=\"color: #ff6600\"><strong><a style=\"color: #ff6600\" href=\"https:\/\/wp.ufpel.edu.br\/progep\/files\/2019\/05\/Programa-de-Educacao-para-a-Aposentadoria-dos-Servidores-da-UFPel-EVOLUIDADE.pdf\">INSCRI\u00c7\u00d5ES HOMOLOGADAS<\/a><\/strong><\/span><\/p>\n<p>&nbsp;<\/p>\n","protected":false},"excerpt":{"rendered":"<p>Modalidade:\u00a0Presencial Carga Hor\u00e1ria:\u00a0aproximadamente 100 horas Per\u00edodo:\u00a003\/05 a 06\/12 (todas as sextas-feiras) Hor\u00e1rio: das 14h \u00e0s 18h Local: \u00a0Engenharia Industrial Madeireira (Rua Conde de Porto Alegre, 793) S\u00famula: Programa voltado aos Servidores da Universidade Federal de Pelotas (Docentes e T\u00e9cnico-Administrativos), que tem dentre os objetivos, promover um espa\u00e7o para reflex\u00e3o, apresentar e\/ou facilitar a busca de [&hellip;]<\/p>\n","protected":false},"author":21,"featured_media":0,"parent":0,"menu_order":0,"comment_status":"closed","ping_status":"closed","template":"","meta":{"footnotes":""},"class_list":["post-13383","page","type-page","status-publish","hentry"],"_links":{"self":[{"href":"https:\/\/wp.ufpel.edu.br\/progep\/wp-json\/wp\/v2\/pages\/13383","targetHints":{"allow":["GET"]}}],"collection":[{"href":"https:\/\/wp.ufpel.edu.br\/progep\/wp-json\/wp\/v2\/pages"}],"about":[{"href":"https:\/\/wp.ufpel.edu.br\/progep\/wp-json\/wp\/v2\/types\/page"}],"author":[{"embeddable":true,"href":"https:\/\/wp.ufpel.edu.br\/progep\/wp-json\/wp\/v2\/users\/21"}],"replies":[{"embeddable":true,"href":"https:\/\/wp.ufpel.edu.br\/progep\/wp-json\/wp\/v2\/comments?post=13383"}],"version-history":[{"count":3,"href":"https:\/\/wp.ufpel.edu.br\/progep\/wp-json\/wp\/v2\/pages\/13383\/revisions"}],"predecessor-version":[{"id":33854,"href":"https:\/\/wp.ufpel.edu.br\/progep\/wp-json\/wp\/v2\/pages\/13383\/revisions\/33854"}],"wp:attachment":[{"href":"https:\/\/wp.ufpel.edu.br\/progep\/wp-json\/wp\/v2\/media?parent=13383"}],"curies":[{"name":"wp","href":"https:\/\/api.w.org\/{rel}","templated":true}]}}