{"id":13339,"date":"2019-04-10T08:45:53","date_gmt":"2019-04-10T11:45:53","guid":{"rendered":"https:\/\/wp.ufpel.edu.br\/progep\/?page_id=13339"},"modified":"2025-06-30T13:33:35","modified_gmt":"2025-06-30T16:33:35","slug":"dia-nacional-de-prevencao-e-combate-a-hipertensao-arterial-has","status":"publish","type":"page","link":"https:\/\/wp.ufpel.edu.br\/progep\/dia-nacional-de-prevencao-e-combate-a-hipertensao-arterial-has\/","title":{"rendered":"Capacita\u00e7\u00e3o: Dia Nacional de Preven\u00e7\u00e3o e Combate \u00e0 Hipertens\u00e3o Arterial &#8211; HAS"},"content":{"rendered":"<p><strong>Data: <\/strong>26\/04\/2019 (sexta-feira)<\/p>\n<p><strong>Hor\u00e1rio:<\/strong> das 8h30min \u00e0s 10h30min<\/p>\n<p><strong>Local:<\/strong> Audit\u00f3rio da Reitoria (Campus Anglo, 4\u00ba andar)<\/p>\n<p><strong>Ementa<\/strong>: A Hipertens\u00e3o Arterial Sist\u00eamica- HAS \u00e9 um grave problema de sa\u00fade p\u00fablica no Brasil e no mundo e estima-se que atinja 25% dos brasileiros atualmente. \u00c9 uma doen\u00e7a pouco controlada, silenciosa,\u00a0 respons\u00e1vel pela redu\u00e7\u00e3o da expectativa e da qualidade de vida da popula\u00e7\u00e3o . A\u00e7\u00f5es de promo\u00e7\u00e3o da sa\u00fade e preven\u00e7\u00e3o de doen\u00e7as e agravos tem o objetivo de informar sobre os riscos da HAS, formas de controle e detec\u00e7\u00e3o precoce\u00a0 no sentido de educar e capacitar \u00a0para o cuidado com a sa\u00fade e qualidade de vida das pessoas.<\/p>\n<p><strong>Metodologia:<\/strong> apresenta\u00e7\u00e3o e debate sobre o tema e aferi\u00e7\u00e3o da press\u00e3o arterial<\/p>\n<p><strong>Facilitadoras:<\/strong> Liliane Griep e Marilene Terezinha Buriol Farinha<\/p>\n<p><strong>P\u00fablico alvo:<\/strong>\u00a0servidores em geral<\/p>\n<p><strong>N\u00famero de vagas: <\/strong>50<\/p>\n<p><strong>Per\u00edodo de inscri\u00e7\u00f5es:\u00a0<\/strong>10 a 23 de abril de 2019<\/p>\n<p><strong>Divulga\u00e7\u00e3o das inscri\u00e7\u00f5es homologadas: <\/strong>24\/04\/2019<\/p>\n<p><strong><span style=\"color: #ff6600\"><a style=\"color: #ff6600\" href=\"https:\/\/wp.ufpel.edu.br\/progep\/files\/2019\/04\/homologa_inscritos_HAS-1.pdf\">INSCRI\u00c7\u00d5ES HOMOLOGADAS<\/a><\/span><\/strong><\/p>\n<p>&nbsp;<\/p>\n<p>&nbsp;<\/p>\n","protected":false},"excerpt":{"rendered":"<p>Data: 26\/04\/2019 (sexta-feira) Hor\u00e1rio: das 8h30min \u00e0s 10h30min Local: Audit\u00f3rio da Reitoria (Campus Anglo, 4\u00ba andar) Ementa: A Hipertens\u00e3o Arterial Sist\u00eamica- HAS \u00e9 um grave problema de sa\u00fade p\u00fablica no Brasil e no mundo e estima-se que atinja 25% dos brasileiros atualmente. \u00c9 uma doen\u00e7a pouco controlada, silenciosa,\u00a0 respons\u00e1vel pela redu\u00e7\u00e3o da expectativa e da [&hellip;]<\/p>\n","protected":false},"author":21,"featured_media":0,"parent":0,"menu_order":0,"comment_status":"closed","ping_status":"closed","template":"","meta":{"footnotes":""},"class_list":["post-13339","page","type-page","status-publish","hentry"],"_links":{"self":[{"href":"https:\/\/wp.ufpel.edu.br\/progep\/wp-json\/wp\/v2\/pages\/13339","targetHints":{"allow":["GET"]}}],"collection":[{"href":"https:\/\/wp.ufpel.edu.br\/progep\/wp-json\/wp\/v2\/pages"}],"about":[{"href":"https:\/\/wp.ufpel.edu.br\/progep\/wp-json\/wp\/v2\/types\/page"}],"author":[{"embeddable":true,"href":"https:\/\/wp.ufpel.edu.br\/progep\/wp-json\/wp\/v2\/users\/21"}],"replies":[{"embeddable":true,"href":"https:\/\/wp.ufpel.edu.br\/progep\/wp-json\/wp\/v2\/comments?post=13339"}],"version-history":[{"count":4,"href":"https:\/\/wp.ufpel.edu.br\/progep\/wp-json\/wp\/v2\/pages\/13339\/revisions"}],"predecessor-version":[{"id":33856,"href":"https:\/\/wp.ufpel.edu.br\/progep\/wp-json\/wp\/v2\/pages\/13339\/revisions\/33856"}],"wp:attachment":[{"href":"https:\/\/wp.ufpel.edu.br\/progep\/wp-json\/wp\/v2\/media?parent=13339"}],"curies":[{"name":"wp","href":"https:\/\/api.w.org\/{rel}","templated":true}]}}