{"id":13323,"date":"2019-04-03T14:21:01","date_gmt":"2019-04-03T17:21:01","guid":{"rendered":"https:\/\/wp.ufpel.edu.br\/progep\/?page_id=13323"},"modified":"2025-06-30T13:29:12","modified_gmt":"2025-06-30T16:29:12","slug":"curso-de-libras-basico-2a-edicao-2019","status":"publish","type":"page","link":"https:\/\/wp.ufpel.edu.br\/progep\/curso-de-libras-basico-2a-edicao-2019\/","title":{"rendered":"Capacita\u00e7\u00e3o: CURSO DE LIBRAS \u2013 B\u00c1SICO \u2013 2\u00aa EDI\u00c7\u00c3O\/2019"},"content":{"rendered":"<p><strong>Modalidade:<\/strong>\u00a0presencial (com algumas atividades no AVA \u2013 Moodle)<\/p>\n<p><strong>Carga Hor\u00e1ria:<\/strong>\u00a060 horas<\/p>\n<p><strong>Per\u00edodo:<\/strong>\u00a017 de abril a 17 de julho de 2019<\/p>\n<p>H<strong>or\u00e1rio:<\/strong>\u00a0das 8h \u00e0s 12h (quartas-feiras)<\/p>\n<p><strong>Local:<\/strong>\u00a0sala 251 &#8211; Campus Anglo<\/p>\n<p><strong>Sum\u00e1rio:<\/strong><\/p>\n<ul>\n<li>Alfabeto Manual;<\/li>\n<li>N\u00fameros;<\/li>\n<li>Sauda\u00e7\u00f5es;<\/li>\n<li>Fam\u00edlia;<\/li>\n<li>Calend\u00e1rio;<\/li>\n<li>Documentos;<\/li>\n<li>Ambientes escolares;<\/li>\n<li>Espa\u00e7os Urbanos;<\/li>\n<li>Verbos cotidianos;<\/li>\n<li>Cinco par\u00e2metros;<\/li>\n<li>Hist\u00f3ria de Educa\u00e7\u00e3o de Surdos;<\/li>\n<li>Conversa\u00e7\u00f5es e di\u00e1logos;<\/li>\n<li>Filmes.<\/li>\n<\/ul>\n<p><strong>P\u00fablico Alvo:<\/strong>\u00a0servidores em geral, com indica\u00e7\u00e3o das Dire\u00e7\u00f5es de Unidade e Pr\u00f3-Reitores, conforme Memorando-Circular n\u00ba 8\/2019\/SAE\/NUCAP\/CDP\/PROGEP\/REITORIA \u2013 Processo 23110.011322\/2019-51.<\/p>\n<p><strong>N\u00famero de vagas:<\/strong>\u00a025<\/p>\n<p><strong>Ministrantes:<\/strong>\u00a0Aline de Castro e Kaster<\/p>\n<p>&nbsp;<\/p>\n<p>&nbsp;<\/p>\n<p>&nbsp;<\/p>\n","protected":false},"excerpt":{"rendered":"<p>Modalidade:\u00a0presencial (com algumas atividades no AVA \u2013 Moodle) Carga Hor\u00e1ria:\u00a060 horas Per\u00edodo:\u00a017 de abril a 17 de julho de 2019 Hor\u00e1rio:\u00a0das 8h \u00e0s 12h (quartas-feiras) Local:\u00a0sala 251 &#8211; Campus Anglo Sum\u00e1rio: Alfabeto Manual; N\u00fameros; Sauda\u00e7\u00f5es; Fam\u00edlia; Calend\u00e1rio; Documentos; Ambientes escolares; Espa\u00e7os Urbanos; Verbos cotidianos; Cinco par\u00e2metros; Hist\u00f3ria de Educa\u00e7\u00e3o de Surdos; Conversa\u00e7\u00f5es e di\u00e1logos; Filmes. [&hellip;]<\/p>\n","protected":false},"author":21,"featured_media":0,"parent":0,"menu_order":0,"comment_status":"closed","ping_status":"closed","template":"","meta":{"footnotes":""},"class_list":["post-13323","page","type-page","status-publish","hentry"],"_links":{"self":[{"href":"https:\/\/wp.ufpel.edu.br\/progep\/wp-json\/wp\/v2\/pages\/13323","targetHints":{"allow":["GET"]}}],"collection":[{"href":"https:\/\/wp.ufpel.edu.br\/progep\/wp-json\/wp\/v2\/pages"}],"about":[{"href":"https:\/\/wp.ufpel.edu.br\/progep\/wp-json\/wp\/v2\/types\/page"}],"author":[{"embeddable":true,"href":"https:\/\/wp.ufpel.edu.br\/progep\/wp-json\/wp\/v2\/users\/21"}],"replies":[{"embeddable":true,"href":"https:\/\/wp.ufpel.edu.br\/progep\/wp-json\/wp\/v2\/comments?post=13323"}],"version-history":[{"count":2,"href":"https:\/\/wp.ufpel.edu.br\/progep\/wp-json\/wp\/v2\/pages\/13323\/revisions"}],"predecessor-version":[{"id":33842,"href":"https:\/\/wp.ufpel.edu.br\/progep\/wp-json\/wp\/v2\/pages\/13323\/revisions\/33842"}],"wp:attachment":[{"href":"https:\/\/wp.ufpel.edu.br\/progep\/wp-json\/wp\/v2\/media?parent=13323"}],"curies":[{"name":"wp","href":"https:\/\/api.w.org\/{rel}","templated":true}]}}