{"id":13318,"date":"2019-04-03T13:49:18","date_gmt":"2019-04-03T16:49:18","guid":{"rendered":"https:\/\/wp.ufpel.edu.br\/progep\/?page_id=13318"},"modified":"2025-06-30T13:29:01","modified_gmt":"2025-06-30T16:29:01","slug":"curso-intermediario-de-lingua-brasileira-de-sinais-libras-1a-edicao-2019","status":"publish","type":"page","link":"https:\/\/wp.ufpel.edu.br\/progep\/curso-intermediario-de-lingua-brasileira-de-sinais-libras-1a-edicao-2019\/","title":{"rendered":"Capacita\u00e7\u00e3o: CURSO INTERMEDI\u00c1RIO DE L\u00cdNGUA BRASILEIRA DE SINAIS \u2013 LIBRAS 1\u00aa EDI\u00c7\u00c3O\/2019"},"content":{"rendered":"<p><strong>Modalidade:<\/strong>\u00a0presencial (com algumas atividades no AVA \u2013 Moodle)<\/p>\n<p><strong>Carga Hor\u00e1ria:<\/strong>\u00a060 horas<\/p>\n<p><strong>Per\u00edodo:<\/strong>\u00a025 de abril a 14 de junho de 2019<\/p>\n<p><strong>Hor\u00e1rio:<\/strong>\u00a0das 8h30min \u00e0s 12h (quintas e sextas-feiras)<\/p>\n<p><strong>Local:<\/strong>\u00a0quintas-feiras na sala 307 e sextas-feiras na sala 205 &#8211; Campus II (Alm. Barroso, 1202)<\/p>\n<p><strong>Sum\u00e1rio:<\/strong><\/p>\n<ul>\n<li>Aspectos da lingu\u00edstica:<\/li>\n<li>Sintaxe (express\u00f5es faciais e corporais: afirmativas, negativas e interrogativas e exclamativas; express\u00f5es faciais e corporais gramaticais);<\/li>\n<li>Morfologia (incorpora\u00e7\u00e3o numeral, sinais compostos, diminutivo e aumentativo;<\/li>\n<li>Fonologia (condi\u00e7\u00e3o de simetria e domin\u00e2ncia);<\/li>\n<li>Tipos de verbos: verbos com concord\u00e2ncia, verbos sem concord\u00e2ncia e verbos manuais;<\/li>\n<li>Verbos que dependem do contexto;<\/li>\n<li>Principais \u00e1reas de vocabul\u00e1rio a serem desenvolvidos (n\u00edvel b\u00e1sico): top\u00f4nimos (continentes; Am\u00e9rica do Sul; Brasil: cidades e estados); valores monet\u00e1rios e moedas;<\/li>\n<li>Principais \u00e1reas de vocabul\u00e1rio a serem desenvolvidos (n\u00edvel intermedi\u00e1rio): espa\u00e7os urbanos; alimenta\u00e7\u00e3o (verduras e legumes); ambientes dom\u00e9sticos e escolares (objetos); animais selvagens do Brasil; profiss\u00f5es;<\/li>\n<li>Adv\u00e9rbios de lugar;<\/li>\n<li>Adjetivos \u2013 sinais de adjetiva\u00e7\u00e3o (ant\u00f4nimos);<\/li>\n<li>Caracter\u00edsticas de iconicidade e arbitrariedade na Libras.<\/li>\n<\/ul>\n<p><strong>P\u00fablico Alvo<\/strong>: servidores que tenham realizado Curso B\u00e1sico de Libras<\/p>\n<p><strong>N\u00famero de vagas<\/strong>: 20<\/p>\n<p><strong>Ministrantes<\/strong>: Daniel Lopes Romeu e Fabiano Souto Rosa<\/p>\n<p><strong>Per\u00edodo de inscri\u00e7\u00e3o<\/strong>: 03 a 22 de abril de 2019<\/p>\n<p><strong>Homologa\u00e7\u00e3o das inscri\u00e7\u00f5es<\/strong>: 23 de abril<\/p>\n<p><strong><span style=\"color: #ff6600\"><a style=\"color: #ff6600\" href=\"https:\/\/wp.ufpel.edu.br\/progep\/files\/2019\/04\/homologa_inscritos.pdf\">INSCRI\u00c7\u00d5ES HOMOLOGADAS<\/a><\/span><\/strong><\/p>\n","protected":false},"excerpt":{"rendered":"<p>Modalidade:\u00a0presencial (com algumas atividades no AVA \u2013 Moodle) Carga Hor\u00e1ria:\u00a060 horas Per\u00edodo:\u00a025 de abril a 14 de junho de 2019 Hor\u00e1rio:\u00a0das 8h30min \u00e0s 12h (quintas e sextas-feiras) Local:\u00a0quintas-feiras na sala 307 e sextas-feiras na sala 205 &#8211; Campus II (Alm. Barroso, 1202) Sum\u00e1rio: Aspectos da lingu\u00edstica: Sintaxe (express\u00f5es faciais e corporais: afirmativas, negativas e interrogativas [&hellip;]<\/p>\n","protected":false},"author":21,"featured_media":0,"parent":0,"menu_order":0,"comment_status":"closed","ping_status":"closed","template":"","meta":{"footnotes":""},"class_list":["post-13318","page","type-page","status-publish","hentry"],"_links":{"self":[{"href":"https:\/\/wp.ufpel.edu.br\/progep\/wp-json\/wp\/v2\/pages\/13318","targetHints":{"allow":["GET"]}}],"collection":[{"href":"https:\/\/wp.ufpel.edu.br\/progep\/wp-json\/wp\/v2\/pages"}],"about":[{"href":"https:\/\/wp.ufpel.edu.br\/progep\/wp-json\/wp\/v2\/types\/page"}],"author":[{"embeddable":true,"href":"https:\/\/wp.ufpel.edu.br\/progep\/wp-json\/wp\/v2\/users\/21"}],"replies":[{"embeddable":true,"href":"https:\/\/wp.ufpel.edu.br\/progep\/wp-json\/wp\/v2\/comments?post=13318"}],"version-history":[{"count":4,"href":"https:\/\/wp.ufpel.edu.br\/progep\/wp-json\/wp\/v2\/pages\/13318\/revisions"}],"predecessor-version":[{"id":33841,"href":"https:\/\/wp.ufpel.edu.br\/progep\/wp-json\/wp\/v2\/pages\/13318\/revisions\/33841"}],"wp:attachment":[{"href":"https:\/\/wp.ufpel.edu.br\/progep\/wp-json\/wp\/v2\/media?parent=13318"}],"curies":[{"name":"wp","href":"https:\/\/api.w.org\/{rel}","templated":true}]}}