{"id":13282,"date":"2019-03-11T12:50:47","date_gmt":"2019-03-11T15:50:47","guid":{"rendered":"https:\/\/wp.ufpel.edu.br\/progep\/?page_id=13282"},"modified":"2025-06-30T13:28:39","modified_gmt":"2025-06-30T16:28:39","slug":"evento-lugar-de-mulher-e-onde-ela-quiser","status":"publish","type":"page","link":"https:\/\/wp.ufpel.edu.br\/progep\/evento-lugar-de-mulher-e-onde-ela-quiser\/","title":{"rendered":"Capacita\u00e7\u00e3o: Evento: &#8220;Lugar de mulher \u00e9 onde ela quiser&#8221;"},"content":{"rendered":"<p><strong>Data:<\/strong> 27 de mar\u00e7o de 2019<\/p>\n<p><strong>Hor\u00e1rio:<\/strong>\u00a08 horas<\/p>\n<p><strong>Local: <\/strong>Museu do Doce, Pra\u00e7a Cel. Pedro Os\u00f3rio, 8 (entrada pela Butu\u00ed)<\/p>\n<p><strong>Ementa: <\/strong>Promo\u00e7\u00e3o de uma reflex\u00e3o acerca dos atuais desafios ao empoderamento feminino, mediante a apresenta\u00e7\u00e3o de uma breve retrospectiva das mulheres que mais se destacaram na busca pela igualdade de g\u00eanero e defesa dos direitos das mulheres ao longo da hist\u00f3ria, bem como de um panorama acerca da quest\u00e3o de g\u00eanero, considerando-se o atual contexto pol\u00edtico.<\/p>\n<p><strong>Facilitadora:<\/strong> Mariana Schardosim Tavares\/UFPel<\/p>\n<p><strong>P\u00fablico alvo:<\/strong> servidores em geral<\/p>\n<p><strong>N\u00famero de vagas:<\/strong> 46<\/p>\n<p><strong>Per\u00edodo de inscri\u00e7\u00f5es: <\/strong>11 a 24 de mar\u00e7o de 2019<\/p>\n<p><strong>Divulga\u00e7\u00e3o das inscri\u00e7\u00f5es homologadas: <\/strong>25 de mar\u00e7o de 2019, nesta p\u00e1gina.<\/p>\n<p><strong><span style=\"color: #ff6600\"><a style=\"color: #ff6600\" href=\"https:\/\/wp.ufpel.edu.br\/progep\/files\/2019\/03\/homologa_inscritos_Lugar-de-mulher.pdf\">INSCRI\u00c7\u00d5ES HOMOLOGADAS<\/a><\/span><\/strong><\/p>\n","protected":false},"excerpt":{"rendered":"<p>Data: 27 de mar\u00e7o de 2019 Hor\u00e1rio:\u00a08 horas Local: Museu do Doce, Pra\u00e7a Cel. Pedro Os\u00f3rio, 8 (entrada pela Butu\u00ed) Ementa: Promo\u00e7\u00e3o de uma reflex\u00e3o acerca dos atuais desafios ao empoderamento feminino, mediante a apresenta\u00e7\u00e3o de uma breve retrospectiva das mulheres que mais se destacaram na busca pela igualdade de g\u00eanero e defesa dos direitos [&hellip;]<\/p>\n","protected":false},"author":21,"featured_media":0,"parent":0,"menu_order":0,"comment_status":"closed","ping_status":"closed","template":"","meta":{"footnotes":""},"class_list":["post-13282","page","type-page","status-publish","hentry"],"_links":{"self":[{"href":"https:\/\/wp.ufpel.edu.br\/progep\/wp-json\/wp\/v2\/pages\/13282","targetHints":{"allow":["GET"]}}],"collection":[{"href":"https:\/\/wp.ufpel.edu.br\/progep\/wp-json\/wp\/v2\/pages"}],"about":[{"href":"https:\/\/wp.ufpel.edu.br\/progep\/wp-json\/wp\/v2\/types\/page"}],"author":[{"embeddable":true,"href":"https:\/\/wp.ufpel.edu.br\/progep\/wp-json\/wp\/v2\/users\/21"}],"replies":[{"embeddable":true,"href":"https:\/\/wp.ufpel.edu.br\/progep\/wp-json\/wp\/v2\/comments?post=13282"}],"version-history":[{"count":4,"href":"https:\/\/wp.ufpel.edu.br\/progep\/wp-json\/wp\/v2\/pages\/13282\/revisions"}],"predecessor-version":[{"id":33839,"href":"https:\/\/wp.ufpel.edu.br\/progep\/wp-json\/wp\/v2\/pages\/13282\/revisions\/33839"}],"wp:attachment":[{"href":"https:\/\/wp.ufpel.edu.br\/progep\/wp-json\/wp\/v2\/media?parent=13282"}],"curies":[{"name":"wp","href":"https:\/\/api.w.org\/{rel}","templated":true}]}}