{"id":13245,"date":"2019-02-20T08:23:38","date_gmt":"2019-02-20T11:23:38","guid":{"rendered":"https:\/\/wp.ufpel.edu.br\/progep\/?page_id=13245"},"modified":"2019-03-11T10:34:38","modified_gmt":"2019-03-11T13:34:38","slug":"capacitacao-sobre-procedimentos-de-compras-contratacoes-e-sistemas-de-compras-e-orcamento","status":"publish","type":"page","link":"https:\/\/wp.ufpel.edu.br\/progep\/capacitacao-sobre-procedimentos-de-compras-contratacoes-e-sistemas-de-compras-e-orcamento\/","title":{"rendered":"Capacita\u00e7\u00e3o sobre procedimentos de compras\/contrata\u00e7\u00f5es e Sistemas de Compras e Or\u00e7amento"},"content":{"rendered":"<p><strong>Modalidade<\/strong>: Presencial<\/p>\n<p><strong>Carga Hor\u00e1ria<\/strong>: 3,5 horas<\/p>\n<p><strong>S\u00famula do Programa<\/strong>: PR\u00d3-REITORIA ADMINISTRATIVA: Procedimentos de compras, contrata\u00e7\u00f5es e utiliza\u00e7\u00e3o do Sistema de Compras; PR\u00d3-REITORIA DE PLANEJAMENTO E DESENVOLVIMENTO: Procedimentos or\u00e7ament\u00e1rios e utiliza\u00e7\u00e3o do sistema de Or\u00e7amento.<\/p>\n<p><strong>P\u00fablico alvo<\/strong>: todos os servidores que realizam procedimentos relacionados ao sistema de Compras\/Contrata\u00e7\u00e3o e Or\u00e7amento.<\/p>\n<p><strong>N\u00famero de vagas<\/strong>: 15 por turma<\/p>\n<p><strong>Ministrantes<\/strong>: Eliara Santos da Silva (PRA\/CMP), Danielle Nolasco Zaffalon \u2013 (PRA\/COLICON), Andreia Xavier Farias\u00a0\u2013 (PRA\/CMP) e Denis Teixeira Franco (PROPLAN\/SOR)<\/p>\n<p><strong>Cronograma\/Local<\/strong>:<\/p>\n<p>Turma A \u2013 Data: 13\/03\/2019 \u2013 Sala 117, Laborat\u00f3rio do CLC, Campus Anglo;<\/p>\n<p>Turma B \u2013 Data: 14\/03\/2019 \u2013 Sala 117, Laborat\u00f3rio do CLC, Campus Anglo;<\/p>\n<p>Turma C \u2013 Data: 15\/03\/2019 \u2013 Laborat\u00f3rio de Bioinform\u00e1tica, pr\u00e9dio 19, Biotecnologia, Campus Cap\u00e3o do Le\u00e3o.<\/p>\n<p><strong>Hor\u00e1rio<\/strong>: das 8h30min \u00e0s 12 horas<\/p>\n<p><strong>Per\u00edodo de inscri\u00e7\u00e3o<\/strong>: 20 de fevereiro a 10 de mar\u00e7o de 2019<\/p>\n<p><strong>Publica\u00e7\u00e3o das inscri\u00e7\u00f5es homologadas<\/strong>: 11 de mar\u00e7o de 2019<\/p>\n<p><span style=\"color: #ff6600\"><strong>ATEN\u00c7\u00c3O<\/strong>:<\/span> Devido ao grande n\u00famero de inscritos, ser\u00e1 realizada uma turma extra no dia 20\/03\/19 no campus Anglo, conforme lista de homologados abaixo. Solicitamos que os selecionados para esta turma confirmem presen\u00e7a at\u00e9 o dia 18\/03 (segunda-feira) pelo e-mail<strong> cdp.capacita@ufpel.edu.br<\/strong><\/p>\n<p>&nbsp;<\/p>\n<p><strong><span style=\"color: #ff6600\"><a style=\"color: #ff6600\" href=\"https:\/\/wp.ufpel.edu.br\/progep\/files\/2019\/03\/homologa_inscritos_turma-A.pdf\">INSCRI\u00c7\u00d5ES HOMOLOGADAS TURMA A<\/a><\/span><\/strong><\/p>\n<p><strong><span style=\"color: #ff6600\"><a style=\"color: #ff6600\" href=\"https:\/\/wp.ufpel.edu.br\/progep\/files\/2019\/03\/homologa_inscritos_turma-B.pdf\">INSCRI\u00c7\u00d5ES HOMOLOGADAS TURMA B<\/a><\/span><\/strong><\/p>\n<p><strong><span style=\"color: #ff6600\"><a style=\"color: #ff6600\" href=\"https:\/\/wp.ufpel.edu.br\/progep\/files\/2019\/03\/homologa_inscritos_turma-C.pdf\">INSCRI\u00c7\u00d5ES HOMOLOGADAS TURMA C<\/a><\/span><\/strong><\/p>\n<p><strong><span style=\"color: #ff6600\"><a style=\"color: #ff6600\" href=\"https:\/\/wp.ufpel.edu.br\/progep\/files\/2019\/03\/homologa_inscritos_turma-D.pdf\">INSCRI\u00c7\u00d5ES HOMOLOGADAS TURMA D &#8211; extra<\/a><\/span><\/strong><\/p>\n<p>&nbsp;<\/p>\n<p>&nbsp;<\/p>\n<p>&nbsp;<\/p>\n","protected":false},"excerpt":{"rendered":"<p>Modalidade: Presencial Carga Hor\u00e1ria: 3,5 horas S\u00famula do Programa: PR\u00d3-REITORIA ADMINISTRATIVA: Procedimentos de compras, contrata\u00e7\u00f5es e utiliza\u00e7\u00e3o do Sistema de Compras; PR\u00d3-REITORIA DE PLANEJAMENTO E DESENVOLVIMENTO: Procedimentos or\u00e7ament\u00e1rios e utiliza\u00e7\u00e3o do sistema de Or\u00e7amento. P\u00fablico alvo: todos os servidores que realizam procedimentos relacionados ao sistema de Compras\/Contrata\u00e7\u00e3o e Or\u00e7amento. N\u00famero de vagas: 15 por turma [&hellip;]<\/p>\n","protected":false},"author":21,"featured_media":0,"parent":0,"menu_order":0,"comment_status":"closed","ping_status":"closed","template":"","meta":{"footnotes":""},"class_list":["post-13245","page","type-page","status-publish","hentry"],"_links":{"self":[{"href":"https:\/\/wp.ufpel.edu.br\/progep\/wp-json\/wp\/v2\/pages\/13245","targetHints":{"allow":["GET"]}}],"collection":[{"href":"https:\/\/wp.ufpel.edu.br\/progep\/wp-json\/wp\/v2\/pages"}],"about":[{"href":"https:\/\/wp.ufpel.edu.br\/progep\/wp-json\/wp\/v2\/types\/page"}],"author":[{"embeddable":true,"href":"https:\/\/wp.ufpel.edu.br\/progep\/wp-json\/wp\/v2\/users\/21"}],"replies":[{"embeddable":true,"href":"https:\/\/wp.ufpel.edu.br\/progep\/wp-json\/wp\/v2\/comments?post=13245"}],"version-history":[{"count":2,"href":"https:\/\/wp.ufpel.edu.br\/progep\/wp-json\/wp\/v2\/pages\/13245\/revisions"}],"predecessor-version":[{"id":13281,"href":"https:\/\/wp.ufpel.edu.br\/progep\/wp-json\/wp\/v2\/pages\/13245\/revisions\/13281"}],"wp:attachment":[{"href":"https:\/\/wp.ufpel.edu.br\/progep\/wp-json\/wp\/v2\/media?parent=13245"}],"curies":[{"name":"wp","href":"https:\/\/api.w.org\/{rel}","templated":true}]}}