{"id":13186,"date":"2019-01-30T08:40:05","date_gmt":"2019-01-30T10:40:05","guid":{"rendered":"https:\/\/wp.ufpel.edu.br\/progep\/?page_id=13186"},"modified":"2025-06-30T13:28:25","modified_gmt":"2025-06-30T16:28:25","slug":"oficina-de-lingua-portuguesa-para-o-teste-anpad","status":"publish","type":"page","link":"https:\/\/wp.ufpel.edu.br\/progep\/oficina-de-lingua-portuguesa-para-o-teste-anpad\/","title":{"rendered":"Capacita\u00e7\u00e3o: Oficina de L\u00edngua Portuguesa para o Teste ANPAD"},"content":{"rendered":"<p><strong>Modalidade<\/strong>: presencial<\/p>\n<p><strong>Carga hor\u00e1ria<\/strong>: 12 horas<\/p>\n<p><strong>S\u00famula do Programa<\/strong>:<\/p>\n<p class=\"Texto_Justificado\">&#8211; Sem\u00e2ntica e Pragm\u00e1tica Textual<\/p>\n<p class=\"Texto_Justificado\">&#8211; Modaliza\u00e7\u00e3o em L\u00edngua Portuguesa<\/p>\n<p class=\"Texto_Justificado\">&#8211; Par\u00e1frase frasal e textual<\/p>\n<p class=\"Texto_Justificado\">&#8211; Pr\u00e1ticas de resolu\u00e7\u00e3o do Teste ANPAD<\/p>\n<p><strong>P\u00fablico alvo<\/strong>: servidores em geral, sendo que os temas a serem desenvolvidos nessa a\u00e7\u00e3o ter\u00e3o como base o teste da ANPAD, requisito do processo seletivo de ingresso ao PROFIAP \u2013 Mestrado Profissional em Administra\u00e7\u00e3o P\u00fablica.<\/p>\n<p><strong>N\u00famero de vagas<\/strong>: 35<\/p>\n<p><span style=\"color: #999999\">Observa\u00e7\u00e3o: 25% das vagas ser\u00e3o destinadas aos servidores do HE, ou seja, 09 vagas.<\/span><\/p>\n<p><strong>Ministrante<\/strong>: Eduardo Marks de Marques<\/p>\n<p><strong>Per\u00edodo<\/strong>: 08\/02, 11\/02 e 12\/02<\/p>\n<p><strong>Hor\u00e1rio<\/strong>: das 14h \u00e0s 18h.<\/p>\n<p><strong>Local<\/strong>: Sala\u00a0112 do Campus Anglo (Rua Gomes carneiro, 01)<\/p>\n<p><strong>Per\u00edodo de inscri\u00e7\u00e3o<\/strong>: de 30\/01 a 06\/02<\/p>\n<p><strong>Publica\u00e7\u00e3o das inscri\u00e7\u00f5es homologadas<\/strong>: 07 de fevereiro de 2019.<\/p>\n<p><strong><span style=\"color: #ff6600\"><a style=\"color: #ff6600\" href=\"https:\/\/wp.ufpel.edu.br\/progep\/files\/2019\/02\/homologa_inscritos_oficina-lingua-portuguesa.pdf\">Listagem das Inscri\u00e7\u00f5es Homologadas AQUI!<\/a><\/span><\/strong><\/p>\n","protected":false},"excerpt":{"rendered":"<p>Modalidade: presencial Carga hor\u00e1ria: 12 horas S\u00famula do Programa: &#8211; Sem\u00e2ntica e Pragm\u00e1tica Textual &#8211; Modaliza\u00e7\u00e3o em L\u00edngua Portuguesa &#8211; Par\u00e1frase frasal e textual &#8211; Pr\u00e1ticas de resolu\u00e7\u00e3o do Teste ANPAD P\u00fablico alvo: servidores em geral, sendo que os temas a serem desenvolvidos nessa a\u00e7\u00e3o ter\u00e3o como base o teste da ANPAD, requisito do processo [&hellip;]<\/p>\n","protected":false},"author":21,"featured_media":0,"parent":0,"menu_order":0,"comment_status":"closed","ping_status":"closed","template":"","meta":{"footnotes":""},"class_list":["post-13186","page","type-page","status-publish","hentry"],"_links":{"self":[{"href":"https:\/\/wp.ufpel.edu.br\/progep\/wp-json\/wp\/v2\/pages\/13186","targetHints":{"allow":["GET"]}}],"collection":[{"href":"https:\/\/wp.ufpel.edu.br\/progep\/wp-json\/wp\/v2\/pages"}],"about":[{"href":"https:\/\/wp.ufpel.edu.br\/progep\/wp-json\/wp\/v2\/types\/page"}],"author":[{"embeddable":true,"href":"https:\/\/wp.ufpel.edu.br\/progep\/wp-json\/wp\/v2\/users\/21"}],"replies":[{"embeddable":true,"href":"https:\/\/wp.ufpel.edu.br\/progep\/wp-json\/wp\/v2\/comments?post=13186"}],"version-history":[{"count":8,"href":"https:\/\/wp.ufpel.edu.br\/progep\/wp-json\/wp\/v2\/pages\/13186\/revisions"}],"predecessor-version":[{"id":33838,"href":"https:\/\/wp.ufpel.edu.br\/progep\/wp-json\/wp\/v2\/pages\/13186\/revisions\/33838"}],"wp:attachment":[{"href":"https:\/\/wp.ufpel.edu.br\/progep\/wp-json\/wp\/v2\/media?parent=13186"}],"curies":[{"name":"wp","href":"https:\/\/api.w.org\/{rel}","templated":true}]}}