{"id":13169,"date":"2019-01-28T10:59:11","date_gmt":"2019-01-28T12:59:11","guid":{"rendered":"https:\/\/wp.ufpel.edu.br\/progep\/?page_id=13169"},"modified":"2025-06-30T13:28:18","modified_gmt":"2025-06-30T16:28:18","slug":"oficina-de-raciocinio-quantitativo-para-anpad","status":"publish","type":"page","link":"https:\/\/wp.ufpel.edu.br\/progep\/oficina-de-raciocinio-quantitativo-para-anpad\/","title":{"rendered":"Capacita\u00e7\u00e3o: Oficina de Racioc\u00ednio Quantitativo para ANPAD"},"content":{"rendered":"<p><span style=\"color: #808080\"><strong>Modalidade<\/strong>: presencial<\/span><\/p>\n<p><span style=\"color: #808080\"><strong>Carga hor\u00e1ria<\/strong>: 20 horas<\/span><\/p>\n<p><span style=\"color: #808080\"><strong>S\u00famula do Programa<\/strong>:\u00a0Conjuntos, subconjuntos e opera\u00e7\u00f5es b\u00e1sicas de conjunto; Conjuntos de n\u00fameros e desigualdade; Express\u00f5es e equa\u00e7\u00f5es alg\u00e9bricas; Sequ\u00eancias e s\u00e9ries; Trigonometria, logaritmo e exponencial; Fun\u00e7\u00f5es; An\u00e1lise combinat\u00f3ria; Matrizes e determinantes; Geometria; Geometria anal\u00edtica; Estat\u00edstica e probabilidades; Matem\u00e1tica financeira.<\/span><\/p>\n<p><span style=\"color: #808080\"><strong>P\u00fablico alvo<\/strong>: servidores em geral, sendo que os temas a serem desenvolvidos nessa a\u00e7\u00e3o ter\u00e3o como base o teste da ANPAD, requisito do processo seletivo de ingresso ao PROFIAP \u2013 Mestrado Profissional em Administra\u00e7\u00e3o P\u00fablica.<\/span><\/p>\n<p><span style=\"color: #808080\"><strong>N\u00famero de vagas<\/strong>: 35<\/span><\/p>\n<p><span style=\"color: #999999\">Observa\u00e7\u00e3o: 25% das vagas ser\u00e3o destinadas aos servidores do HE, ou seja, 09 vagas.<\/span><\/p>\n<p><span style=\"color: #808080\"><strong>Ministrante<\/strong>: Bianca Herreira Capilheira<\/span><\/p>\n<p><span style=\"color: #808080\"><strong>Per\u00edodo<\/strong>: de 15\/02 a 09\/03 somente \u00e0s sextas-feiras e s\u00e1bados, exceto dia 02\/03 que n\u00e3o haver\u00e1 aula.<\/span><\/p>\n<p><span style=\"color: #808080\"><strong>Hor\u00e1rio<\/strong>: sextas-feiras das 14h \u00e0s 18h e s\u00e1bados das 08h \u00e0s 12h.<\/span><\/p>\n<p><span style=\"color: #808080\"><strong>Local<\/strong>: Sala <del>246<\/del>\u00a0112 do Campus Anglo (Rua Gomes carneiro, 01)<\/span><\/p>\n<p><span style=\"color: #808080\"><strong>Per\u00edodo de inscri\u00e7\u00e3o<\/strong>: de 28\/01 a 12\/02<\/span><\/p>\n<p><span style=\"color: #808080\"><strong>Publica\u00e7\u00e3o das inscri\u00e7\u00f5es homologadas<\/strong>: 13 de fevereiro de 2019.<\/span><\/p>\n<p><span style=\"color: #ff6600\"><strong><a style=\"color: #ff6600\" href=\"https:\/\/wp.ufpel.edu.br\/progep\/files\/2019\/02\/homologa_inscritos_Oficina-Raciocinio-Quantitativo.pdf\">Listagem das inscri\u00e7\u00f5es homologadas AQUI!<\/a><\/strong><\/span><\/p>\n","protected":false},"excerpt":{"rendered":"<p>Modalidade: presencial Carga hor\u00e1ria: 20 horas S\u00famula do Programa:\u00a0Conjuntos, subconjuntos e opera\u00e7\u00f5es b\u00e1sicas de conjunto; Conjuntos de n\u00fameros e desigualdade; Express\u00f5es e equa\u00e7\u00f5es alg\u00e9bricas; Sequ\u00eancias e s\u00e9ries; Trigonometria, logaritmo e exponencial; Fun\u00e7\u00f5es; An\u00e1lise combinat\u00f3ria; Matrizes e determinantes; Geometria; Geometria anal\u00edtica; Estat\u00edstica e probabilidades; Matem\u00e1tica financeira. P\u00fablico alvo: servidores em geral, sendo que os temas a [&hellip;]<\/p>\n","protected":false},"author":21,"featured_media":0,"parent":0,"menu_order":0,"comment_status":"closed","ping_status":"closed","template":"","meta":{"footnotes":""},"class_list":["post-13169","page","type-page","status-publish","hentry"],"_links":{"self":[{"href":"https:\/\/wp.ufpel.edu.br\/progep\/wp-json\/wp\/v2\/pages\/13169","targetHints":{"allow":["GET"]}}],"collection":[{"href":"https:\/\/wp.ufpel.edu.br\/progep\/wp-json\/wp\/v2\/pages"}],"about":[{"href":"https:\/\/wp.ufpel.edu.br\/progep\/wp-json\/wp\/v2\/types\/page"}],"author":[{"embeddable":true,"href":"https:\/\/wp.ufpel.edu.br\/progep\/wp-json\/wp\/v2\/users\/21"}],"replies":[{"embeddable":true,"href":"https:\/\/wp.ufpel.edu.br\/progep\/wp-json\/wp\/v2\/comments?post=13169"}],"version-history":[{"count":7,"href":"https:\/\/wp.ufpel.edu.br\/progep\/wp-json\/wp\/v2\/pages\/13169\/revisions"}],"predecessor-version":[{"id":33837,"href":"https:\/\/wp.ufpel.edu.br\/progep\/wp-json\/wp\/v2\/pages\/13169\/revisions\/33837"}],"wp:attachment":[{"href":"https:\/\/wp.ufpel.edu.br\/progep\/wp-json\/wp\/v2\/media?parent=13169"}],"curies":[{"name":"wp","href":"https:\/\/api.w.org\/{rel}","templated":true}]}}