{"id":13154,"date":"2019-01-28T09:33:48","date_gmt":"2019-01-28T11:33:48","guid":{"rendered":"https:\/\/wp.ufpel.edu.br\/progep\/?page_id=13154"},"modified":"2026-04-07T22:32:06","modified_gmt":"2026-04-08T01:32:06","slug":"pdp","status":"publish","type":"page","link":"https:\/\/wp.ufpel.edu.br\/progep\/pdp\/","title":{"rendered":"Plano de Desenvolvimento de Pessoas (PDP)"},"content":{"rendered":"\n<div class=\"wp-block-group\"><div class=\"wp-block-group__inner-container is-layout-constrained wp-block-group-is-layout-constrained\">\n<div class=\"logoTituloModelStyle\"><img class=\"size-medium wp-image-27184 alignleft\" src=\"https:\/\/wp.ufpel.edu.br\/progep\/files\/2025\/03\/logo-progep_atualizacao-nome_AZUL.png\" alt=\"\" \/><\/p>\n<div style=\"padding: 2rem 0\"><strong>Plano de Desenvolvimento de Pessoas (PDP)<\/strong><\/div>\n<\/div>\n<hr class=\"hrModelStyle\" \/>\n<div class=\"descriptionModelStyle\">\nA <strong>Pr\u00f3-Reitoria de Gest\u00e3o com Pessoas (PROGEP)<\/strong>, atrav\u00e9s de sua <strong>Coordena\u00e7\u00e3o de Desenvolvimento de Pessoal (CDP)<\/strong>, torna p\u00fablico o <strong>Plano de Desenvolvimento de Pessoas 2026<\/strong>.<\/div>\n<\/div><\/div>\n\n\n<div class=\"paragrafoComumStyle\">Este plano foi elaborado a partir do <em>Levantamento de Necessidades de Capacita\u00e7\u00e3o<\/em>, realizado pelas Unidades Acad\u00eamicas e Administrativas da UFPel nos meses de julho e agosto de 2025, em cumprimento ao disposto no <a href=\"https:\/\/www.planalto.gov.br\/ccivil_03\/_ato2019-2022\/2019\/decreto\/D9991.htm\" target=\"_blank\" rel=\"noopener\">artigo 5\u00ba do Decreto n\u00ba 9.991, de 28 de agosto de 2019<\/a>, e pode ser acessado no seguinte link:<\/div>\n<p><a class=\"linkPDPStyle\" href=\"https:\/\/wp.ufpel.edu.br\/progep\/files\/2026\/04\/Plano-de-Desenvolvimento-de-Pessoas-2026-PDP-26-2.pdf\" target=\"_blank\" rel=\"noopener\">PDP 2026<\/a><\/p>\n<div class=\"paragrafoComumStyle\">A partir das a\u00e7\u00f5es que comp\u00f5em o <strong>Plano de Desenvolvimento de Pessoas \u2013 PDP 2026<\/strong>, o Sistema de Pessoal Civil da Administra\u00e7\u00e3o P\u00fablica \u2013 SIPEC, indicou algumas capacita\u00e7\u00f5es que podem ser realizadas atrav\u00e9s de Escolas de Governo, que podem ser acessadas no link <a class=\"linkPDPStyle\" href=\"https:\/\/wp.ufpel.edu.br\/progep\/files\/2025\/12\/sugestoessipec26-Sheet1.pdf\" target=\"_blank\" rel=\"noopener\">Sugest\u00f5es de A\u00e7\u00f5es de Desenvolvimento<\/a><\/div>\n<div class=\"paragrafoComumStyle\"><strong>Aten\u00e7\u00e3o!<\/strong> Confira o memorando com as instru\u00e7\u00f5es sobre os ajustes:<\/div>\n<p><a class=\"linkPDPStyle\" href=\"https:\/\/wp.ufpel.edu.br\/progep\/files\/2026\/01\/SEI_3621498_Memorando_Circular_1.pdf\" target=\"_blank\" rel=\"noopener\">Memorando Circular 1: Ajustes PDP 2026<\/a><\/p>\n<div class=\"blocoDIVStyle\">\n<div class=\"titleComumStyle\">Datas dos Ajustes PDP 2026<\/div>\n<div class=\"paragrafoComumStyle\">Considerando o <a href=\"https:\/\/www.in.gov.br\/en\/web\/dou\/-\/instrucao-normativa-sgp-enap\/sedgg\/me-n-21-de-1-de-fevereiro-de-2021-302021570\" target=\"_blank\" rel=\"noopener\">art. 14 da Instru\u00e7\u00e3o Normativa n\u00ba 21\/2021<\/a>, as Unidades que n\u00e3o elencaram no Levantamento de Necessidades realizado em 2025 \u00e1rea ou \u00e1reas as quais observaram necessidade de capacita\u00e7\u00e3o para o ano de 2026, poder\u00e3o solicitar revis\u00e3o\/ajuste, conforme calend\u00e1rio abaixo:<\/div>\n\n<table id=\"tablepress-14\" class=\"tablepress tablepress-id-14\">\n<thead>\n<tr class=\"row-1\">\n\t<th class=\"column-1\">CICLO<\/th><th class=\"column-2\">DATA PARA SOLICITAR REVIS\u00c3O \u00c0 CDP\/PROGEP<\/th><th class=\"column-3\">DATA PARA ENVIO DA REVIS\u00c3O AO \u00d3RG\u00c3O CENTRAL<\/th><th class=\"column-4\">RESPOSTA PELO \u00d3RG\u00c3O CENTRAL AT\u00c9<\/th>\n<\/tr>\n<\/thead>\n<tbody class=\"row-striping row-hover\">\n<tr class=\"row-2\">\n\t<td class=\"column-1\">1\u00ba<\/td><td class=\"column-2\"><strong>AT\u00c9 15\/02\/2026<\/strong><\/td><td class=\"column-3\">AT\u00c9 06\/03\/2026<\/td><td class=\"column-4\">06\/04\/2026<\/td>\n<\/tr>\n<tr class=\"row-3\">\n\t<td class=\"column-1\">2\u00ba<\/td><td class=\"column-2\"><strong>AT\u00c9 15\/05\/2026<\/strong><\/td><td class=\"column-3\">AT\u00c9 05\/06\/2026<\/td><td class=\"column-4\">05\/07\/2026<\/td>\n<\/tr>\n<tr class=\"row-4\">\n\t<td class=\"column-1\">3\u00ba<\/td><td class=\"column-2\"><strong>AT\u00c9 15\/08\/2026<\/strong><\/td><td class=\"column-3\">AT\u00c9 04\/09\/2026<\/td><td class=\"column-4\">07\/10\/2026<\/td>\n<\/tr>\n<tr class=\"row-5\">\n\t<td class=\"column-1\">4\u00ba<\/td><td class=\"column-2\"><strong>AT\u00c9 15\/11\/2026<\/strong><\/td><td class=\"column-3\">AT\u00c9 07\/12\/2026<\/td><td class=\"column-4\">21\/12\/2026<\/td>\n<\/tr>\n<\/tbody>\n<\/table>\n<!-- #tablepress-14 from cache -->\n<\/div>\n<div class=\"titleComumStyle\">Documentos importantes:<\/div>\n<a class=\"linkPDPStyle\" href=\"https:\/\/wp.ufpel.edu.br\/progep\/files\/2025\/11\/PDP-2025-PREVIA-PDP-2025-2.pdf\">PDP 2025<\/a><a class=\"linkPDPStyle\" href=\"https:\/\/wp.ufpel.edu.br\/progep\/files\/2024\/10\/lnc25.pdf\" target=\"_blank\" rel=\"noopener\"><img width=\"24\" height=\"24\" class=\"wp-image-31629\" src=\"https:\/\/wp.ufpel.edu.br\/progep\/files\/2025\/04\/seta-direita.png\" alt=\"\" \/> Levantamento de Necessidades de Capacita\u00e7\u00e3o 2025<\/a>\n<a class=\"linkPDPStyle\" href=\"https:\/\/wp.ufpel.edu.br\/progep\/files\/2023\/12\/PDP-2023.pdf\" target=\"_blank\" rel=\"noopener\">Plano de Desenvolvimento de Pessoas (PDP) 2023<\/a>\n<a class=\"linkPDPStyle\" href=\"https:\/\/wp.ufpel.edu.br\/progep\/files\/2022\/07\/PDP2022ajustadojunho.xlsx.pdf\" target=\"_blank\" rel=\"noopener\">Plano de Desenvolvimento de Pessoas (PDP) 2022.<\/a>\n<a class=\"linkPDPStyle\" href=\"https:\/\/wp.ufpel.edu.br\/progep\/files\/2023\/10\/LNC-2024F.pdf\" target=\"_blank\" rel=\"noopener\"><img width=\"24\" height=\"24\" class=\"wp-image-31629\" src=\"https:\/\/wp.ufpel.edu.br\/progep\/files\/2025\/04\/seta-direita.png\" alt=\"\" \/>Levantamento de Necessidades de Capacita\u00e7\u00e3o 2024<\/a>\n<a class=\"linkPDPStyle\" href=\"https:\/\/wp.ufpel.edu.br\/progep\/files\/2024\/10\/PDP2024out.xlsx-Table-1-1.pdf\" target=\"_blank\" rel=\"noopener\"><img width=\"24\" height=\"24\" class=\"wp-image-31629\" src=\"https:\/\/wp.ufpel.edu.br\/progep\/files\/2025\/04\/seta-direita.png\" alt=\"\" \/> PDP 2024<\/a>\n<div class=\"botaoLNC\"><a href=\"https:\/\/wp.ufpel.edu.br\/progep\/levantamento-de-necessidades-de-capacitacao-2\/\"><br \/><img src=\"https:\/\/wp.ufpel.edu.br\/progep\/files\/2022\/04\/Levantamento-de-Necessidades.png\" alt=\"\" width=\"150\" height=\"150\" \/><br \/><strong>Levantamento de Necessidades de Capacita\u00e7\u00e3o<\/strong><br \/><\/a><\/div>\n<div class=\"footerPDPStyle\">A <strong>CDP<\/strong> se coloca \u00e0 disposi\u00e7\u00e3o por meio do e-mail <a href=\"mailto:cdp.capacita@ufpel.edu.br\" target=\"_blank\" rel=\"noopener\">cdp.capacita@ufpel.edu.br<\/a>,\u00a0 pelo\u00a0<a href=\"https:\/\/sei.ufpel.edu.br\/sei\/atendimento.ufpel.edu.br\" target=\"_blank\" rel=\"noopener\">sistema de atendimento<\/a> ou telefones 3284-3979 ou 3284-3980 para as elucida\u00e7\u00f5es que se fizerem necess\u00e1rias.<\/div>","protected":false},"excerpt":{"rendered":"<p>Plano de Desenvolvimento de Pessoas (PDP) A Pr\u00f3-Reitoria de Gest\u00e3o com Pessoas (PROGEP), atrav\u00e9s de sua Coordena\u00e7\u00e3o de Desenvolvimento de Pessoal (CDP), torna p\u00fablico o Plano de Desenvolvimento de Pessoas 2026. Este plano foi elaborado a partir do Levantamento de Necessidades de Capacita\u00e7\u00e3o, realizado pelas Unidades Acad\u00eamicas e Administrativas da UFPel nos meses de julho [&hellip;]<\/p>\n","protected":false},"author":21,"featured_media":0,"parent":0,"menu_order":0,"comment_status":"closed","ping_status":"closed","template":"","meta":{"footnotes":""},"class_list":["post-13154","page","type-page","status-publish","hentry"],"_links":{"self":[{"href":"https:\/\/wp.ufpel.edu.br\/progep\/wp-json\/wp\/v2\/pages\/13154","targetHints":{"allow":["GET"]}}],"collection":[{"href":"https:\/\/wp.ufpel.edu.br\/progep\/wp-json\/wp\/v2\/pages"}],"about":[{"href":"https:\/\/wp.ufpel.edu.br\/progep\/wp-json\/wp\/v2\/types\/page"}],"author":[{"embeddable":true,"href":"https:\/\/wp.ufpel.edu.br\/progep\/wp-json\/wp\/v2\/users\/21"}],"replies":[{"embeddable":true,"href":"https:\/\/wp.ufpel.edu.br\/progep\/wp-json\/wp\/v2\/comments?post=13154"}],"version-history":[{"count":3,"href":"https:\/\/wp.ufpel.edu.br\/progep\/wp-json\/wp\/v2\/pages\/13154\/revisions"}],"predecessor-version":[{"id":41074,"href":"https:\/\/wp.ufpel.edu.br\/progep\/wp-json\/wp\/v2\/pages\/13154\/revisions\/41074"}],"wp:attachment":[{"href":"https:\/\/wp.ufpel.edu.br\/progep\/wp-json\/wp\/v2\/media?parent=13154"}],"curies":[{"name":"wp","href":"https:\/\/api.w.org\/{rel}","templated":true}]}}