{"id":13078,"date":"2018-12-27T12:07:32","date_gmt":"2018-12-27T14:07:32","guid":{"rendered":"https:\/\/wp.ufpel.edu.br\/progep\/?page_id=13078"},"modified":"2018-12-28T12:56:35","modified_gmt":"2018-12-28T14:56:35","slug":"programa-de-educacao-para-aposentadoria-evoluidade","status":"publish","type":"page","link":"https:\/\/wp.ufpel.edu.br\/progep\/programa-de-educacao-para-aposentadoria-evoluidade\/","title":{"rendered":"Programa de Educa\u00e7\u00e3o para Aposentadoria &#8211; EVOLUIDADE"},"content":{"rendered":"<p><a href=\"https:\/\/wp.ufpel.edu.br\/progep\/files\/2018\/12\/Projeto-Evoluidade.pdf\">PROJETO EVOLUIDADE<\/a><\/p>\n<p>Este \u00e9 um Programa voltado aos\/as Servidores\/as da Universidade Federal de Pelotas (Docentes e T\u00e9cnico-Administrativos\/as), que tem dentre os objetivos, promover um espa\u00e7o para reflex\u00e3o, apresentar e\/ou facilitar a busca de informa\u00e7\u00f5es (aspectos previdenci\u00e1rios, legais, ocupacionais, sociais, comportamentais, emocionais, envolvidos na aposentadoria); estimular a busca da realiza\u00e7\u00e3o de seus interesses e\/ou na descoberta de novos (sejam eles hobbies, atividades art\u00edsticas, esportivas, participa\u00e7\u00e3o em cursos, criatividade, artesanato, atividades de voluntariado, etc); possibilitar o interrelacionamento e a troca afetiva e de experi\u00eancias entre colegas que estejam vivenciando a mesma etapa na carreira funcional e, principalmente experienciar a aposentadoria enquanto p\u00f3s-carreira e continuidade de uma vida de qualidade, bem-estar, sa\u00fade, produtividade e liberdade de tempo<\/p>\n<p>&nbsp;<\/p>\n<p><a href=\"https:\/\/wp.ufpel.edu.br\/progep\/files\/2018\/12\/Banner-Evoluidade.pdf\">Banner Evoluidade<\/a><\/p>\n<p><a href=\"https:\/\/wp.ufpel.edu.br\/progep\/files\/2018\/12\/Folder_Evoluidade-UFPEL-15x205cm_v07.pdf\">Folder Evoluidade-UFPEL <\/a><\/p>\n<p><a href=\"https:\/\/wp.ufpel.edu.br\/progep\/files\/2018\/12\/Historico-Evoluidade.pdf\">Hist\u00f3rico Evoluidade<\/a><\/p>\n<p>Registros de momentos da trajet\u00f3ria do programa Evoluidade em diversos ambientes .<\/p>\n<p>&nbsp;<\/p>\n<div id=\"attachment_13096\" style=\"width: 451px\" class=\"wp-caption aligncenter\"><img aria-describedby=\"caption-attachment-13096\" class=\"wp-image-13096\" src=\"https:\/\/wp.ufpel.edu.br\/progep\/files\/2018\/12\/ABRIL-2014-COPA-HE-Abordagem-Breve-400x225.jpg\" alt=\"\" width=\"441\" height=\"248\" srcset=\"https:\/\/wp.ufpel.edu.br\/progep\/files\/2018\/12\/ABRIL-2014-COPA-HE-Abordagem-Breve-400x225.jpg 400w, https:\/\/wp.ufpel.edu.br\/progep\/files\/2018\/12\/ABRIL-2014-COPA-HE-Abordagem-Breve-768x433.jpg 768w, https:\/\/wp.ufpel.edu.br\/progep\/files\/2018\/12\/ABRIL-2014-COPA-HE-Abordagem-Breve-1024x577.jpg 1024w\" sizes=\"(max-width: 441px) 100vw, 441px\" \/><p id=\"caption-attachment-13096\" class=\"wp-caption-text\">2014- Servidoras da Copa HE -Abordagem Breve<\/p><\/div>\n<p>&nbsp;<\/p>\n<div id=\"attachment_13097\" style=\"width: 425px\" class=\"wp-caption alignleft\"><img aria-describedby=\"caption-attachment-13097\" class=\"wp-image-13097\" src=\"https:\/\/wp.ufpel.edu.br\/progep\/files\/2018\/12\/DEZ-2014-Oficina-Evento-Desenvolvimento-Servidores-1-400x238.jpg\" alt=\"\" width=\"415\" height=\"247\" srcset=\"https:\/\/wp.ufpel.edu.br\/progep\/files\/2018\/12\/DEZ-2014-Oficina-Evento-Desenvolvimento-Servidores-1-400x238.jpg 400w, https:\/\/wp.ufpel.edu.br\/progep\/files\/2018\/12\/DEZ-2014-Oficina-Evento-Desenvolvimento-Servidores-1-768x457.jpg 768w, https:\/\/wp.ufpel.edu.br\/progep\/files\/2018\/12\/DEZ-2014-Oficina-Evento-Desenvolvimento-Servidores-1-1024x609.jpg 1024w\" sizes=\"(max-width: 415px) 100vw, 415px\" \/><p id=\"caption-attachment-13097\" class=\"wp-caption-text\">2014-Oficina &#8211; Evento de Desenvolvimento de Servidores(as)<\/p><\/div>\n<p><img class=\"wp-image-13094 aligncenter\" src=\"https:\/\/wp.ufpel.edu.br\/progep\/files\/2018\/12\/DEZ-2014-Oficina-Aposentadoria-Evento-Desenvolvimento-Servidores-400x300.jpg\" alt=\"\" width=\"332\" height=\"249\" srcset=\"https:\/\/wp.ufpel.edu.br\/progep\/files\/2018\/12\/DEZ-2014-Oficina-Aposentadoria-Evento-Desenvolvimento-Servidores-400x300.jpg 400w, https:\/\/wp.ufpel.edu.br\/progep\/files\/2018\/12\/DEZ-2014-Oficina-Aposentadoria-Evento-Desenvolvimento-Servidores-768x576.jpg 768w, https:\/\/wp.ufpel.edu.br\/progep\/files\/2018\/12\/DEZ-2014-Oficina-Aposentadoria-Evento-Desenvolvimento-Servidores-1024x768.jpg 1024w\" sizes=\"(max-width: 332px) 100vw, 332px\" \/><\/p>\n<p>&nbsp;<\/p>\n<p>&nbsp;<\/p>\n<p>&nbsp;<\/p>\n<div id=\"attachment_13098\" style=\"width: 410px\" class=\"wp-caption alignleft\"><img aria-describedby=\"caption-attachment-13098\" class=\"wp-image-13098 size-medium\" style=\"text-align: justify\" src=\"https:\/\/wp.ufpel.edu.br\/progep\/files\/2018\/12\/01-julho-2016-PArticipacao-Grupo-MEDICACAO-400x225.jpg\" alt=\"\" width=\"400\" height=\"225\" srcset=\"https:\/\/wp.ufpel.edu.br\/progep\/files\/2018\/12\/01-julho-2016-PArticipacao-Grupo-MEDICACAO-400x225.jpg 400w, https:\/\/wp.ufpel.edu.br\/progep\/files\/2018\/12\/01-julho-2016-PArticipacao-Grupo-MEDICACAO-768x432.jpg 768w, https:\/\/wp.ufpel.edu.br\/progep\/files\/2018\/12\/01-julho-2016-PArticipacao-Grupo-MEDICACAO-1024x576.jpg 1024w\" sizes=\"(max-width: 400px) 100vw, 400px\" \/><p id=\"caption-attachment-13098\" class=\"wp-caption-text\">Participa\u00e7\u00e3o do grupo &#8220;Medica\u00e7\u00e3o&#8221;<\/p><\/div>\n<p style=\"padding-left: 30px;text-align: justify\"><img class=\"aligncenter size-medium wp-image-13099\" src=\"https:\/\/wp.ufpel.edu.br\/progep\/files\/2018\/12\/2-julho-2016-Participacao-Grupo-MEDICACAO-400x225.jpg\" alt=\"\" width=\"400\" height=\"225\" srcset=\"https:\/\/wp.ufpel.edu.br\/progep\/files\/2018\/12\/2-julho-2016-Participacao-Grupo-MEDICACAO-400x225.jpg 400w, https:\/\/wp.ufpel.edu.br\/progep\/files\/2018\/12\/2-julho-2016-Participacao-Grupo-MEDICACAO-768x432.jpg 768w, https:\/\/wp.ufpel.edu.br\/progep\/files\/2018\/12\/2-julho-2016-Participacao-Grupo-MEDICACAO-1024x576.jpg 1024w\" sizes=\"(max-width: 400px) 100vw, 400px\" \/><\/p>\n<p>&nbsp;<\/p>\n<p>&nbsp;<\/p>\n<p>&nbsp;<\/p>\n<div id=\"attachment_13101\" style=\"width: 410px\" class=\"wp-caption alignleft\"><img aria-describedby=\"caption-attachment-13101\" class=\"wp-image-13101 size-medium\" src=\"https:\/\/wp.ufpel.edu.br\/progep\/files\/2018\/12\/ABRIL-2016-Grupo-Evoluidade-2016-400x265.jpg\" alt=\"\" width=\"400\" height=\"265\" srcset=\"https:\/\/wp.ufpel.edu.br\/progep\/files\/2018\/12\/ABRIL-2016-Grupo-Evoluidade-2016-400x265.jpg 400w, https:\/\/wp.ufpel.edu.br\/progep\/files\/2018\/12\/ABRIL-2016-Grupo-Evoluidade-2016-768x509.jpg 768w, https:\/\/wp.ufpel.edu.br\/progep\/files\/2018\/12\/ABRIL-2016-Grupo-Evoluidade-2016-1024x678.jpg 1024w, https:\/\/wp.ufpel.edu.br\/progep\/files\/2018\/12\/ABRIL-2016-Grupo-Evoluidade-2016.jpg 1631w\" sizes=\"(max-width: 400px) 100vw, 400px\" \/><p id=\"caption-attachment-13101\" class=\"wp-caption-text\">Grupo EVOLUIDADE 2016<\/p><\/div>\n<div id=\"attachment_13102\" style=\"width: 379px\" class=\"wp-caption alignleft\"><img aria-describedby=\"caption-attachment-13102\" class=\"wp-image-13102\" src=\"https:\/\/wp.ufpel.edu.br\/progep\/files\/2018\/12\/04-jul-2016-Estagiarias-Psicologia-400x300.jpg\" alt=\"\" width=\"369\" height=\"277\" srcset=\"https:\/\/wp.ufpel.edu.br\/progep\/files\/2018\/12\/04-jul-2016-Estagiarias-Psicologia-400x300.jpg 400w, https:\/\/wp.ufpel.edu.br\/progep\/files\/2018\/12\/04-jul-2016-Estagiarias-Psicologia-768x576.jpg 768w, https:\/\/wp.ufpel.edu.br\/progep\/files\/2018\/12\/04-jul-2016-Estagiarias-Psicologia-1024x768.jpg 1024w\" sizes=\"(max-width: 369px) 100vw, 369px\" \/><p id=\"caption-attachment-13102\" class=\"wp-caption-text\">Equipe CSQV com Estagi\u00e1rias da Psicologia-2016<\/p><\/div>\n<p>&nbsp;<\/p>\n<p>&nbsp;<\/p>\n<p>&nbsp;<\/p>\n<p>&nbsp;<\/p>\n<p>&nbsp;<\/p>\n<p>&nbsp;<\/p>\n<p>&nbsp;<\/p>\n<p>&nbsp;<\/p>\n<p>&nbsp;<\/p>\n<div id=\"attachment_13109\" style=\"width: 410px\" class=\"wp-caption alignleft\"><img aria-describedby=\"caption-attachment-13109\" class=\"wp-image-13109 size-medium\" src=\"https:\/\/wp.ufpel.edu.br\/progep\/files\/2018\/12\/27-junho-2016-3-400x225.jpg\" alt=\"\" width=\"400\" height=\"225\" srcset=\"https:\/\/wp.ufpel.edu.br\/progep\/files\/2018\/12\/27-junho-2016-3-400x225.jpg 400w, https:\/\/wp.ufpel.edu.br\/progep\/files\/2018\/12\/27-junho-2016-3-768x432.jpg 768w, https:\/\/wp.ufpel.edu.br\/progep\/files\/2018\/12\/27-junho-2016-3-1024x576.jpg 1024w\" sizes=\"(max-width: 400px) 100vw, 400px\" \/><p id=\"caption-attachment-13109\" class=\"wp-caption-text\">Depoimento de servidor aposentado-2016<\/p><\/div>\n<p><img class=\"size-medium wp-image-13108 alignleft\" src=\"https:\/\/wp.ufpel.edu.br\/progep\/files\/2018\/12\/27-julho-2016-Depoimento-Servidor-Aposentado-400x225.jpg\" alt=\"\" width=\"400\" height=\"225\" srcset=\"https:\/\/wp.ufpel.edu.br\/progep\/files\/2018\/12\/27-julho-2016-Depoimento-Servidor-Aposentado-400x225.jpg 400w, https:\/\/wp.ufpel.edu.br\/progep\/files\/2018\/12\/27-julho-2016-Depoimento-Servidor-Aposentado-768x432.jpg 768w, https:\/\/wp.ufpel.edu.br\/progep\/files\/2018\/12\/27-julho-2016-Depoimento-Servidor-Aposentado-1024x576.jpg 1024w\" sizes=\"(max-width: 400px) 100vw, 400px\" \/><\/p>\n<p>&nbsp;<\/p>\n<p>&nbsp;<\/p>\n<p>&nbsp;<\/p>\n<p>&nbsp;<\/p>\n<p>&nbsp;<\/p>\n<p>&nbsp;<\/p>\n<p>&nbsp;<\/p>\n<p>&nbsp;<\/p>\n<p>&nbsp;<\/p>\n<p>&nbsp;<\/p>\n<div id=\"attachment_13107\" style=\"width: 410px\" class=\"wp-caption alignleft\"><img aria-describedby=\"caption-attachment-13107\" class=\"wp-image-13107 size-medium\" src=\"https:\/\/wp.ufpel.edu.br\/progep\/files\/2018\/12\/19-DEZ-2018-2-400x300.jpg\" alt=\"\" width=\"400\" height=\"300\" srcset=\"https:\/\/wp.ufpel.edu.br\/progep\/files\/2018\/12\/19-DEZ-2018-2-400x300.jpg 400w, https:\/\/wp.ufpel.edu.br\/progep\/files\/2018\/12\/19-DEZ-2018-2-768x576.jpg 768w, https:\/\/wp.ufpel.edu.br\/progep\/files\/2018\/12\/19-DEZ-2018-2-1024x768.jpg 1024w, https:\/\/wp.ufpel.edu.br\/progep\/files\/2018\/12\/19-DEZ-2018-2.jpg 1280w\" sizes=\"(max-width: 400px) 100vw, 400px\" \/><p id=\"caption-attachment-13107\" class=\"wp-caption-text\">Presen\u00e7a da estagi\u00e1ria da Psilologia no tour pelas Charqueadas-2018<\/p><\/div>\n<p>&nbsp;<\/p>\n<p>&nbsp;<\/p>\n<p>&nbsp;<\/p>\n<p>&nbsp;<\/p>\n<p>&nbsp;<\/p>\n<p>&nbsp;<\/p>\n<p>&nbsp;<\/p>\n<p>&nbsp;<\/p>\n<p>&nbsp;<\/p>\n<p>Em breve mais fotos.<\/p>\n","protected":false},"excerpt":{"rendered":"<p>PROJETO EVOLUIDADE Este \u00e9 um Programa voltado aos\/as Servidores\/as da Universidade Federal de Pelotas (Docentes e T\u00e9cnico-Administrativos\/as), que tem dentre os objetivos, promover um espa\u00e7o para reflex\u00e3o, apresentar e\/ou facilitar a busca de informa\u00e7\u00f5es (aspectos previdenci\u00e1rios, legais, ocupacionais, sociais, comportamentais, emocionais, envolvidos na aposentadoria); estimular a busca da realiza\u00e7\u00e3o de seus interesses e\/ou na descoberta [&hellip;]<\/p>\n","protected":false},"author":21,"featured_media":0,"parent":0,"menu_order":0,"comment_status":"closed","ping_status":"closed","template":"","meta":{"footnotes":""},"class_list":["post-13078","page","type-page","status-publish","hentry"],"_links":{"self":[{"href":"https:\/\/wp.ufpel.edu.br\/progep\/wp-json\/wp\/v2\/pages\/13078","targetHints":{"allow":["GET"]}}],"collection":[{"href":"https:\/\/wp.ufpel.edu.br\/progep\/wp-json\/wp\/v2\/pages"}],"about":[{"href":"https:\/\/wp.ufpel.edu.br\/progep\/wp-json\/wp\/v2\/types\/page"}],"author":[{"embeddable":true,"href":"https:\/\/wp.ufpel.edu.br\/progep\/wp-json\/wp\/v2\/users\/21"}],"replies":[{"embeddable":true,"href":"https:\/\/wp.ufpel.edu.br\/progep\/wp-json\/wp\/v2\/comments?post=13078"}],"version-history":[{"count":6,"href":"https:\/\/wp.ufpel.edu.br\/progep\/wp-json\/wp\/v2\/pages\/13078\/revisions"}],"predecessor-version":[{"id":13111,"href":"https:\/\/wp.ufpel.edu.br\/progep\/wp-json\/wp\/v2\/pages\/13078\/revisions\/13111"}],"wp:attachment":[{"href":"https:\/\/wp.ufpel.edu.br\/progep\/wp-json\/wp\/v2\/media?parent=13078"}],"curies":[{"name":"wp","href":"https:\/\/api.w.org\/{rel}","templated":true}]}}