{"id":12954,"date":"2018-11-23T09:17:20","date_gmt":"2018-11-23T11:17:20","guid":{"rendered":"https:\/\/wp.ufpel.edu.br\/progep\/?page_id=12954"},"modified":"2025-06-30T13:27:37","modified_gmt":"2025-06-30T16:27:37","slug":"palestra-aposentadoria-e-pensao-do-servidor-publico","status":"publish","type":"page","link":"https:\/\/wp.ufpel.edu.br\/progep\/palestra-aposentadoria-e-pensao-do-servidor-publico\/","title":{"rendered":"Capacita\u00e7\u00e3o: Palestra: Aposentadoria e Pens\u00e3o do Servidor P\u00fablico"},"content":{"rendered":"<p><strong>Data:<\/strong>\u00a011 de dezembro de 2018<\/p>\n<p><strong>Local:<\/strong> <del>Audit\u00f3rio Acad\u00eamico &#8211; 4\u00ba andar &#8211; Campus Anglo.<\/del> <strong><span style=\"color: #ff0000\">NOVO LOCAL: Audit\u00f3rio da Reitoria, 4\u00ba andar Campus Anglo<\/span><\/strong><\/p>\n<p><strong>Hor\u00e1rio:<\/strong>\u00a08 horas<\/p>\n<p><strong>Ementa:\u00a0<\/strong>A palestra apresentar\u00e1 aspectos legais e pr\u00e1ticos acerca do processo de aposentadoria e tamb\u00e9m sobre pens\u00e3o, proporcionando ao servidor uma atualiza\u00e7\u00e3o de conhecimentos sobre o assunto.<\/p>\n<p><strong>Palestrante:<\/strong>\u00a0Roberta Funari Bacelo &#8211; PROGEP\/UFPel<\/p>\n<p><strong>Per\u00edodo de inscri\u00e7\u00f5es:<\/strong>\u00a0<del>de 23 de novembro at\u00e9 \u00e0s 12 horas de 7 de dezembro de 2018<\/del>\u00a0<span style=\"background-color: #ffffff;color: #333333\"> NOVA DATA:\u00a0de 23 de novembro at\u00e9 04 de dezembro de 2018.<\/span><\/p>\n<p><strong>Divulga\u00e7\u00e3o das inscri\u00e7\u00f5es homologadas:<\/strong>\u00a0<del>7 de dezembro de 2018, ap\u00f3s 12 horas, nesta p\u00e1gina<\/del>\u00a0 <span style=\"color: #333333\">NOVA DATA: 04 de dezembro de 2018<\/span><\/p>\n<p><span style=\"font-size: 10pt\">Obs.:\u00a0<\/span><span style=\"font-size: 10pt;font-family: Georgia, serif;color: #666666\">O Ciclo Anual de Palestras para Servidores possui certifica\u00e7\u00e3o m\u00ednima de 20 horas para docentes e t\u00e9cnico-administrativos, e, mediante solicita\u00e7\u00e3o, poder\u00e1 ser expedido atestado de cada palestra. Esta palestra encerra o Ciclo de 2018.<\/span><\/p>\n<p>&nbsp;<\/p>\n<p style=\"text-align: justify;line-height: 15.0pt;background: white;vertical-align: baseline;margin: 3.75pt 0cm 7.5pt 0cm\"><span style=\"color: #ff6600\"><strong><a style=\"color: #ff6600\" href=\"https:\/\/wp.ufpel.edu.br\/progep\/files\/2018\/12\/homologa_inscritos-1-1.pdf\">Inscri\u00e7\u00f5es Homologadas AQUI!<\/a><\/strong><\/span><\/p>\n","protected":false},"excerpt":{"rendered":"<p>Data:\u00a011 de dezembro de 2018 Local: Audit\u00f3rio Acad\u00eamico &#8211; 4\u00ba andar &#8211; Campus Anglo. NOVO LOCAL: Audit\u00f3rio da Reitoria, 4\u00ba andar Campus Anglo Hor\u00e1rio:\u00a08 horas Ementa:\u00a0A palestra apresentar\u00e1 aspectos legais e pr\u00e1ticos acerca do processo de aposentadoria e tamb\u00e9m sobre pens\u00e3o, proporcionando ao servidor uma atualiza\u00e7\u00e3o de conhecimentos sobre o assunto. Palestrante:\u00a0Roberta Funari Bacelo &#8211; [&hellip;]<\/p>\n","protected":false},"author":21,"featured_media":0,"parent":0,"menu_order":0,"comment_status":"closed","ping_status":"closed","template":"","meta":{"footnotes":""},"class_list":["post-12954","page","type-page","status-publish","hentry"],"_links":{"self":[{"href":"https:\/\/wp.ufpel.edu.br\/progep\/wp-json\/wp\/v2\/pages\/12954","targetHints":{"allow":["GET"]}}],"collection":[{"href":"https:\/\/wp.ufpel.edu.br\/progep\/wp-json\/wp\/v2\/pages"}],"about":[{"href":"https:\/\/wp.ufpel.edu.br\/progep\/wp-json\/wp\/v2\/types\/page"}],"author":[{"embeddable":true,"href":"https:\/\/wp.ufpel.edu.br\/progep\/wp-json\/wp\/v2\/users\/21"}],"replies":[{"embeddable":true,"href":"https:\/\/wp.ufpel.edu.br\/progep\/wp-json\/wp\/v2\/comments?post=12954"}],"version-history":[{"count":9,"href":"https:\/\/wp.ufpel.edu.br\/progep\/wp-json\/wp\/v2\/pages\/12954\/revisions"}],"predecessor-version":[{"id":33834,"href":"https:\/\/wp.ufpel.edu.br\/progep\/wp-json\/wp\/v2\/pages\/12954\/revisions\/33834"}],"wp:attachment":[{"href":"https:\/\/wp.ufpel.edu.br\/progep\/wp-json\/wp\/v2\/media?parent=12954"}],"curies":[{"name":"wp","href":"https:\/\/api.w.org\/{rel}","templated":true}]}}