{"id":12858,"date":"2018-10-16T14:23:09","date_gmt":"2018-10-16T17:23:09","guid":{"rendered":"https:\/\/wp.ufpel.edu.br\/progep\/?page_id=12858"},"modified":"2025-06-30T13:27:11","modified_gmt":"2025-06-30T16:27:11","slug":"calendario-semana-do-servidor","status":"publish","type":"page","link":"https:\/\/wp.ufpel.edu.br\/progep\/calendario-semana-do-servidor\/","title":{"rendered":"Capacita\u00e7\u00e3o: Calend\u00e1rio Semana do Servidor"},"content":{"rendered":"<p><img class=\"aligncenter size-full wp-image-12859\" src=\"https:\/\/wp.ufpel.edu.br\/progep\/files\/2018\/10\/Calendario-Servidor.png\" alt=\"\" width=\"842\" height=\"595\" srcset=\"https:\/\/wp.ufpel.edu.br\/progep\/files\/2018\/10\/Calendario-Servidor.png 842w, https:\/\/wp.ufpel.edu.br\/progep\/files\/2018\/10\/Calendario-Servidor-400x283.png 400w, https:\/\/wp.ufpel.edu.br\/progep\/files\/2018\/10\/Calendario-Servidor-768x543.png 768w\" sizes=\"(max-width: 842px) 100vw, 842px\" \/><\/p>\n<p>&nbsp;<\/p>\n<p><span style=\"color: #808080\">Inscri\u00e7\u00f5es e maiores informa\u00e7\u00f5es<\/span> <strong><span style=\"color: #ff6600\"><a style=\"color: #ff6600\" href=\"https:\/\/wp.ufpel.edu.br\/progep\/semana-do-servidor-ufpel\/\">AQUI!<\/a><\/span><\/strong><\/p>\n","protected":false},"excerpt":{"rendered":"<p>&nbsp; Inscri\u00e7\u00f5es e maiores informa\u00e7\u00f5es AQUI!<\/p>\n","protected":false},"author":21,"featured_media":0,"parent":0,"menu_order":0,"comment_status":"closed","ping_status":"closed","template":"","meta":{"footnotes":""},"class_list":["post-12858","page","type-page","status-publish","hentry"],"_links":{"self":[{"href":"https:\/\/wp.ufpel.edu.br\/progep\/wp-json\/wp\/v2\/pages\/12858","targetHints":{"allow":["GET"]}}],"collection":[{"href":"https:\/\/wp.ufpel.edu.br\/progep\/wp-json\/wp\/v2\/pages"}],"about":[{"href":"https:\/\/wp.ufpel.edu.br\/progep\/wp-json\/wp\/v2\/types\/page"}],"author":[{"embeddable":true,"href":"https:\/\/wp.ufpel.edu.br\/progep\/wp-json\/wp\/v2\/users\/21"}],"replies":[{"embeddable":true,"href":"https:\/\/wp.ufpel.edu.br\/progep\/wp-json\/wp\/v2\/comments?post=12858"}],"version-history":[{"count":3,"href":"https:\/\/wp.ufpel.edu.br\/progep\/wp-json\/wp\/v2\/pages\/12858\/revisions"}],"predecessor-version":[{"id":33833,"href":"https:\/\/wp.ufpel.edu.br\/progep\/wp-json\/wp\/v2\/pages\/12858\/revisions\/33833"}],"wp:attachment":[{"href":"https:\/\/wp.ufpel.edu.br\/progep\/wp-json\/wp\/v2\/media?parent=12858"}],"curies":[{"name":"wp","href":"https:\/\/api.w.org\/{rel}","templated":true}]}}