{"id":12849,"date":"2018-10-16T13:50:21","date_gmt":"2018-10-16T16:50:21","guid":{"rendered":"https:\/\/wp.ufpel.edu.br\/progep\/?page_id=12849"},"modified":"2025-06-30T13:26:29","modified_gmt":"2025-06-30T16:26:29","slug":"oficina-sabores-da-america","status":"publish","type":"page","link":"https:\/\/wp.ufpel.edu.br\/progep\/oficina-sabores-da-america\/","title":{"rendered":"Capacita\u00e7\u00e3o: OFICINA SABORES DA AM\u00c9RICA"},"content":{"rendered":"<p><span style=\"color: #ff6600\"><strong>OFICINA SABORES DA AM\u00c9RICA<\/strong><\/span><\/p>\n<p><span style=\"color: #808080\">Cada servidor que tiver sua inscri\u00e7\u00e3o homologada dever\u00e1 levar o kit abaixo:<\/span><\/p>\n<table width=\"526\">\n<tbody>\n<tr>\n<td style=\"text-align: center\" width=\"205\"><strong><span style=\"color: #808080\">Ingredientes<\/span><\/strong><\/td>\n<td style=\"text-align: center\" width=\"68\"><strong><span style=\"color: #808080\">Qtde<\/span><\/strong><\/td>\n<td style=\"text-align: center\" width=\"68\"><strong><span style=\"color: #808080\">Un<\/span><\/strong><\/td>\n<td style=\"text-align: center\" width=\"185\"><strong><span style=\"color: #808080\">Obs<\/span><\/strong><\/td>\n<\/tr>\n<tr>\n<td><span style=\"color: #808080\">p\u00e3o de hamb\u00farguer<\/span><\/td>\n<td><span style=\"color: #808080\">2<\/span><\/td>\n<td><span style=\"color: #808080\">unidades<\/span><\/td>\n<td><span style=\"color: #808080\">uns 12cm circunf<\/span><\/td>\n<\/tr>\n<tr>\n<td><span style=\"color: #808080\">carne bovina magra<\/span><\/td>\n<td><span style=\"color: #808080\">200<\/span><\/td>\n<td><span style=\"color: #808080\">g<\/span><\/td>\n<td><span style=\"color: #808080\">alcatra, entrecot\u2026<\/span><\/td>\n<\/tr>\n<tr>\n<td><span style=\"color: #808080\">bacon gordo<\/span><\/td>\n<td><span style=\"color: #808080\">100<\/span><\/td>\n<td><span style=\"color: #808080\">g<\/span><\/td>\n<td><\/td>\n<\/tr>\n<tr>\n<td><span style=\"color: #808080\">leite<\/span><\/td>\n<td><span style=\"color: #808080\">100<\/span><\/td>\n<td><span style=\"color: #808080\">ml<\/span><\/td>\n<td><\/td>\n<\/tr>\n<tr>\n<td><span style=\"color: #808080\">\u00f3leo de girassol<\/span><\/td>\n<td><span style=\"color: #808080\">400<\/span><\/td>\n<td><span style=\"color: #808080\">ml<\/span><\/td>\n<td><span style=\"color: #808080\">ou milho, ou canola<\/span><\/td>\n<\/tr>\n<tr>\n<td><span style=\"color: #808080\">salsa<\/span><\/td>\n<td><span style=\"color: #808080\">\u00a01\/2<\/span><\/td>\n<td><span style=\"color: #808080\">molho<\/span><\/td>\n<td><\/td>\n<\/tr>\n<tr>\n<td><span style=\"color: #808080\">queijo cheddar<\/span><\/td>\n<td><span style=\"color: #808080\">100<\/span><\/td>\n<td><span style=\"color: #808080\">g<\/span><\/td>\n<td><\/td>\n<\/tr>\n<tr>\n<td><span style=\"color: #808080\">alface<\/span><\/td>\n<td><span style=\"color: #808080\">\u00a01\/4<\/span><\/td>\n<td><span style=\"color: #808080\">p\u00e9<\/span><\/td>\n<td><span style=\"color: #808080\">2 folhas<\/span><\/td>\n<\/tr>\n<tr>\n<td><span style=\"color: #808080\">tomate<\/span><\/td>\n<td><span style=\"color: #808080\">2<\/span><\/td>\n<td><span style=\"color: #808080\">unidades<\/span><\/td>\n<td><\/td>\n<\/tr>\n<tr>\n<td><span style=\"color: #808080\">cebola roxa<\/span><\/td>\n<td><span style=\"color: #808080\">1<\/span><\/td>\n<td><span style=\"color: #808080\">unidades<\/span><\/td>\n<td><\/td>\n<\/tr>\n<tr>\n<td><span style=\"color: #808080\">abacate maduro<\/span><\/td>\n<td><span style=\"color: #808080\">1<\/span><\/td>\n<td><span style=\"color: #808080\">unidades<\/span><\/td>\n<td><span style=\"color: #808080\">macio<\/span><\/td>\n<\/tr>\n<tr>\n<td><span style=\"color: #808080\">lim\u00e3o<\/span><\/td>\n<td><span style=\"color: #808080\">1<\/span><\/td>\n<td><span style=\"color: #808080\">unidades<\/span><\/td>\n<td><\/td>\n<\/tr>\n<tr>\n<td><span style=\"color: #808080\">pimenta dedo de mo\u00e7a<\/span><\/td>\n<td><span style=\"color: #808080\">1<\/span><\/td>\n<td><span style=\"color: #808080\">unidades<\/span><\/td>\n<td><\/td>\n<\/tr>\n<tr>\n<td><span style=\"color: #808080\">farinha de milho<\/span><\/td>\n<td><span style=\"color: #808080\">200<\/span><\/td>\n<td><span style=\"color: #808080\">g<\/span><\/td>\n<td><\/td>\n<\/tr>\n<tr>\n<td><span style=\"color: #808080\">manteiga<\/span><\/td>\n<td><span style=\"color: #808080\">20<\/span><\/td>\n<td><span style=\"color: #808080\">g<\/span><\/td>\n<td><\/td>\n<\/tr>\n<\/tbody>\n<\/table>\n<p>&nbsp;<\/p>\n<div><span style=\"color: #808080\">E como instru\u00e7\u00f5es extras, os participantes devem ter no dia:<\/span><\/div>\n<div><span style=\"color: #808080\">&#8211; guardanapo de pano;<\/span><\/div>\n<div><span style=\"color: #808080\">&#8211; trajarem cal\u00e7a e sapato fechado (sem salto);<\/span><\/div>\n<div><span style=\"color: #808080\">&#8211; os que tiverem touca ou bandana (temos algumas descart\u00e1veis).<\/span><\/div>\n","protected":false},"excerpt":{"rendered":"<p>OFICINA SABORES DA AM\u00c9RICA Cada servidor que tiver sua inscri\u00e7\u00e3o homologada dever\u00e1 levar o kit abaixo: Ingredientes Qtde Un Obs p\u00e3o de hamb\u00farguer 2 unidades uns 12cm circunf carne bovina magra 200 g alcatra, entrecot\u2026 bacon gordo 100 g leite 100 ml \u00f3leo de girassol 400 ml ou milho, ou canola salsa \u00a01\/2 molho queijo [&hellip;]<\/p>\n","protected":false},"author":21,"featured_media":0,"parent":0,"menu_order":0,"comment_status":"closed","ping_status":"closed","template":"","meta":{"footnotes":""},"class_list":["post-12849","page","type-page","status-publish","hentry"],"_links":{"self":[{"href":"https:\/\/wp.ufpel.edu.br\/progep\/wp-json\/wp\/v2\/pages\/12849","targetHints":{"allow":["GET"]}}],"collection":[{"href":"https:\/\/wp.ufpel.edu.br\/progep\/wp-json\/wp\/v2\/pages"}],"about":[{"href":"https:\/\/wp.ufpel.edu.br\/progep\/wp-json\/wp\/v2\/types\/page"}],"author":[{"embeddable":true,"href":"https:\/\/wp.ufpel.edu.br\/progep\/wp-json\/wp\/v2\/users\/21"}],"replies":[{"embeddable":true,"href":"https:\/\/wp.ufpel.edu.br\/progep\/wp-json\/wp\/v2\/comments?post=12849"}],"version-history":[{"count":5,"href":"https:\/\/wp.ufpel.edu.br\/progep\/wp-json\/wp\/v2\/pages\/12849\/revisions"}],"predecessor-version":[{"id":33831,"href":"https:\/\/wp.ufpel.edu.br\/progep\/wp-json\/wp\/v2\/pages\/12849\/revisions\/33831"}],"wp:attachment":[{"href":"https:\/\/wp.ufpel.edu.br\/progep\/wp-json\/wp\/v2\/media?parent=12849"}],"curies":[{"name":"wp","href":"https:\/\/api.w.org\/{rel}","templated":true}]}}