{"id":12838,"date":"2018-10-16T14:14:41","date_gmt":"2018-10-16T17:14:41","guid":{"rendered":"https:\/\/wp.ufpel.edu.br\/progep\/?page_id=12838"},"modified":"2025-06-30T13:26:54","modified_gmt":"2025-06-30T16:26:54","slug":"semana-do-servidor-ufpel","status":"publish","type":"page","link":"https:\/\/wp.ufpel.edu.br\/progep\/semana-do-servidor-ufpel\/","title":{"rendered":"Capacita\u00e7\u00e3o: Semana do Servidor UFPel"},"content":{"rendered":"<p style=\"text-align: center\"><span style=\"color: #0000ff\"><em><span style=\"font-size: 14pt\"><strong>\u201cPara um grande p\u00fablico, uma grande comemora\u00e7\u00e3o\u201d<\/strong><\/span><\/em><\/span><\/p>\n<p><span style=\"color: #808080\">As atividades da Semana do Servidor que requerem inscri\u00e7\u00e3o pr\u00e9via: <strong>oficinas, palestra e caminhada no Campus Cap\u00e3o do Le\u00e3o<\/strong>. Os links para a inscri\u00e7\u00e3o est\u00e3o dispon\u00edveis a seguir, logo abaixo das informa\u00e7\u00f5es de cada atividade.<\/span><\/p>\n<p><span style=\"color: #808080\"><strong>Per\u00edodo de inscri\u00e7\u00f5es:<\/strong> <strong>15 a 24 de outubro de 2018<\/strong> (Havendo vagas remanescentes, poderemos prorrogar a inscri\u00e7\u00e3o at\u00e9 2 dias antes da data agendada para cada atividade).\u00a0<\/span><\/p>\n<p><strong><span style=\"color: #ff6600\">Aten\u00e7\u00e3o: Veja, abaixo, que as inscri\u00e7\u00f5es de algumas atividades ainda est\u00e3o abertas, tendo em vista as vagas ainda existentes.<\/span><\/strong><\/p>\n<p><span style=\"color: #808080\"><strong>Homologa\u00e7\u00e3o das inscri\u00e7\u00f5es:<\/strong> <strong>25 de outubro de 2018<\/strong>, nesta p\u00e1gina. Tamb\u00e9m ser\u00e1 enviado e-mail aos inscritos. Havendo prorroga\u00e7\u00e3o de inscri\u00e7\u00e3o a publica\u00e7\u00e3o das inscri\u00e7\u00f5es homologadas acontecer\u00e1 na v\u00e9spera da atividade.<\/span><\/p>\n<p><span style=\"color: #0000ff;font-size: 14pt\"><strong>Oficina: A Sa\u00fade atrav\u00e9s das Plantas<\/strong><\/span><\/p>\n<p><span style=\"color: #808080\"><strong>Ementa:\u00a0<\/strong><span style=\"font-weight: 400\">Conhecimento e manipula\u00e7\u00e3o de plantas medicinais. A contribui\u00e7\u00e3o para a sa\u00fade e a qualidade de vida.<\/span><\/span><\/p>\n<p><span style=\"color: #808080\"><strong>Data:<\/strong> 29 de outubro de 2018<\/span><\/p>\n<p><span style=\"color: #808080\"><strong>Hora:<\/strong> 14 horas<\/span><\/p>\n<p><span style=\"color: #808080\"><strong>Local:<\/strong> Laborat\u00f3rio de Gastronomia da Faculdade de Nutri\u00e7\u00e3o &#8211; sala 226 &#8211; 2\u00ba piso &#8211; Bloco B &#8211; Campus Anglo<\/span><\/p>\n<p><span style=\"color: #808080\"><strong>Vagas:<\/strong> 20<\/span><\/p>\n<p><span style=\"color: #808080\"><strong>Facilitadora:<\/strong> Professora Rita Maria Heck<\/span><\/p>\n<p><a href=\"https:\/\/wp.ufpel.edu.br\/progep\/files\/2018\/10\/homologa_inscritos_plantas-medicinais.pdf\"><strong><span style=\"color: #ff6600\">Listagem das inscri\u00e7\u00f5es homologadas AQUI!<\/span><\/strong><\/a><\/p>\n<p><span style=\"font-size: 14pt\"><strong><span style=\"color: #0000ff\">Oficina: Dan\u00e7ando Forr\u00f3<\/span><\/strong><\/span><\/p>\n<p><span style=\"color: #808080\"><strong>Ementa:<\/strong> Tem por objetivo estimular e desenvolver a sensibiliza\u00e7\u00e3o para as dan\u00e7as de sal\u00e3o, bem como experimentar as bases do forr\u00f3.<\/span><\/p>\n<p><span style=\"color: #808080\"><strong>Data:<\/strong> 29 de outubro de 2018<\/span><\/p>\n<p><span style=\"color: #808080\"><strong>Hora:<\/strong> 14 horas<\/span><\/p>\n<p><span style=\"color: #808080\"><strong>Local:<\/strong> Sala Tablado &#8211; Rua Tamandar\u00e9 n\u00ba 301 (pr\u00e9dio preto)<\/span><\/p>\n<p><span style=\"color: #808080\"><strong>Vagas: <\/strong>20<\/span><\/p>\n<p><span style=\"color: #808080\"><strong>Facilitador:<\/strong> Professor Robson Porto<\/span><\/p>\n<p><strong><span style=\"color: #ff6600\"><a style=\"color: #ff6600\" href=\"https:\/\/wp.ufpel.edu.br\/progep\/files\/2018\/10\/homologa_inscritos-1-3.pdf\">Listagem das Inscri\u00e7\u00f5es Homologadas AQUI!<\/a><\/span><\/strong><\/p>\n<p><span style=\"font-size: 14pt\"><strong><span style=\"color: #0000ff\">Oficina:\u00a0<strong>Uma tarde de afeto com os c\u00e3es do Pet terapia<\/strong><\/span><\/strong><\/span><\/p>\n<p><span style=\"color: #808080\"><strong>Ementa:<\/strong>\u00a0<span style=\"font-weight: 400\">A proposta \u00e9 conhecer os c\u00e3es do projeto Pet terapia e interagir com eles em atividades l\u00fadicas, desenvolvendo emo\u00e7\u00f5es baseadas na troca de carinho e de aten\u00e7\u00e3o, para aumentar a sensa\u00e7\u00e3o de bem-estar e diminuir os poss\u00edveis estresses.<\/span><\/span><\/p>\n<p><span style=\"color: #808080\"><strong>Data:<\/strong> 30 de outubro de 2018<\/span><\/p>\n<p><span style=\"color: #808080\"><strong>Hora:<\/strong> 14 horas<\/span><\/p>\n<p><span style=\"color: #808080\"><strong>Local:<\/strong> Sala <span style=\"font-weight: 400\">108 do Salis Goulart &#8211; Rua F\u00e9lix da Cunha n\u00ba\u00a0 510\u00a0 (entrada pela Rua Tiradentes)<\/span><\/span><\/p>\n<p><span style=\"color: #808080\"><strong>Vagas:<\/strong>\u00a0<span style=\"color: #999999\">20<\/span><\/span><\/p>\n<p><span style=\"color: #808080\"><strong>Facilitadoras:<\/strong>\u00a0<span style=\"font-weight: 400\">Professoras M\u00e1rcia de Oliveira Nobre e\u00a0<\/span><span style=\"font-weight: 400\">Maria Teresa Duarte Nogueira<\/span><\/span><\/p>\n<p><strong><span style=\"color: #ff6600\"><a style=\"color: #ff6600\" href=\"https:\/\/wp.ufpel.edu.br\/progep\/files\/2018\/10\/homologa_inscritos-1-2.pdf\">Listagem das Inscri\u00e7\u00f5es Homologadas AQUI!<\/a><\/span><\/strong><\/p>\n<p><span style=\"font-size: 14pt\"><strong><span style=\"color: #0000ff\">Oficina de Gastronomia: Sabores da It\u00e1lia\u00a0<\/span><\/strong><\/span><\/p>\n<p><span style=\"color: #808080\"><strong>Ementa:<\/strong>\u00a0Pr\u00e1tica da cozinha italiana: risoto e massa.<\/span><\/p>\n<p><span style=\"color: #808080\"><strong>Data:<\/strong> 29 de outubro de 2018<\/span><\/p>\n<p><span style=\"color: #808080\"><strong>Hora:<\/strong> 18h 30min<\/span><\/p>\n<p><span style=\"color: #808080\"><strong>Local:<\/strong>\u00a0Laborat\u00f3rio de Gastronomia da Faculdade de Nutri\u00e7\u00e3o &#8211; sala 226 &#8211; 2\u00ba piso &#8211; Bloco B &#8211; Campus Anglo<\/span><\/p>\n<p><span style=\"color: #808080\"><strong>Vagas:<\/strong> 16\u00a0<\/span><\/p>\n<p><span style=\"color: #808080\"><strong>Facilitador:<\/strong> Professor Alcides Gomes<\/span><\/p>\n<p><strong><span style=\"color: #ff0000\">ATEN\u00c7\u00c3O!<\/span><\/strong><\/p>\n<p><span style=\"color: #808080\">\u00c9 necess\u00e1rio a compra de insumos para participa\u00e7\u00e3o na oficina. Maiores informa\u00e7\u00f5es <strong><span style=\"color: #ff6600\"><a style=\"color: #ff6600\" href=\"https:\/\/wp.ufpel.edu.br\/progep\/oficina-sabores-da-italia\/\">AQUI.<\/a><\/span><\/strong><\/span><\/p>\n<p><a href=\"https:\/\/wp.ufpel.edu.br\/progep\/files\/2018\/10\/homologa_inscritos_sabores-da-Italia.pdf\"><strong><span style=\"color: #ff6600\">Listagem das inscri\u00e7\u00f5es homologadas AQUI!<\/span><\/strong><\/a><\/p>\n<p><span style=\"font-size: 14pt\"><strong><span style=\"color: #0000ff\">Oficina de Gastronomia: Sabores da Am\u00e9rica\u00a0<\/span><\/strong><\/span><\/p>\n<p><span style=\"color: #808080\"><strong>Ementa:<\/strong>\u00a0Pr\u00e1tica da cozinha norte-americana: hamb\u00farguer e guacamole.<\/span><\/p>\n<p><span style=\"color: #808080\"><strong>Data:<\/strong>\u00a031 de outubro de 2018<\/span><\/p>\n<p><span style=\"color: #808080\"><strong>Hora:<\/strong> 18h 30min<\/span><\/p>\n<p><span style=\"color: #808080\"><strong>Local:<\/strong>\u00a0Laborat\u00f3rio de Gastronomia da Faculdade de Nutri\u00e7\u00e3o &#8211; sala 226 &#8211; 2\u00ba piso &#8211; Bloco B &#8211; Campus Anglo<\/span><\/p>\n<p><span style=\"color: #808080\"><strong>Vagas:<\/strong> 16\u00a0<\/span><\/p>\n<p><span style=\"color: #808080\"><strong>Facilitador:<\/strong> Professor Alcides Gomes<\/span><\/p>\n<p><strong><span style=\"color: #ff0000\">ATEN\u00c7\u00c3O!<\/span><\/strong><\/p>\n<p><span style=\"color: #808080\">\u00c9 necess\u00e1rio a compra de insumos para participa\u00e7\u00e3o na oficina. Maiores informa\u00e7\u00f5es <strong><span style=\"color: #ff6600\"><a style=\"color: #ff6600\" href=\"https:\/\/wp.ufpel.edu.br\/progep\/oficina-sabores-da-america\/\">AQUI.<\/a><\/span><\/strong><\/span><\/p>\n<p><strong><span style=\"color: #ff6600\"><a style=\"color: #ff6600\" href=\"https:\/\/wp.ufpel.edu.br\/progep\/files\/2018\/10\/homologa_inscritos-1-7.pdf\">Listagem das Inscri\u00e7\u00f5es Homologadas AQUI!<\/a><\/span><\/strong><\/p>\n<p><span style=\"color: #0000ff;font-size: 14pt\"><strong>Caminhada no Campus Cap\u00e3o do Le\u00e3o<\/strong><\/span><\/p>\n<p><span style=\"color: #808080\"><strong>Data:<\/strong>\u00a031 de outubro de 2018<\/span><\/p>\n<p><span style=\"color: #808080\"><strong>Hora:<\/strong>\u00a09 horas<\/span><\/p>\n<p><span style=\"color: #808080\"><strong>Local:<\/strong>\u00a0Campus Cap\u00e3o do Le\u00e3o, sa\u00edda do pr\u00e9dio 3 da antiga Biblioteca, onde atualmente funciona a Academia.\u00a0<\/span><\/p>\n<p><span style=\"color: #808080\"><strong>Vagas:<\/strong> <span style=\"color: #999999\">40<\/span><\/span><\/p>\n<p><span style=\"color: #808080\"><strong>Guias:<\/strong>\u00a0Professor Volmar Geraldo da Silva Nunes e acad\u00eamica M\u00edrian (ESEF)<\/span><\/p>\n<p><span style=\"color: #808080\"><span style=\"color: #ff0000\"><strong>Aviso:<\/strong> <\/span>Importante que o participante compare\u00e7a no local da concentra\u00e7\u00e3o para a sa\u00edda da caminhada no hor\u00e1rio marcado, portando cal\u00e7ado e vestu\u00e1rio adequado para a atividade.\u00a0 Ser\u00e1 fornecida \u00e1gua aos participantes.<\/span><\/p>\n<p><strong><span style=\"color: #ff6600\"><a style=\"color: #ff6600\" href=\"https:\/\/wp.ufpel.edu.br\/progep\/files\/2018\/10\/homologa_inscritos-1-4.pdf\">Listagem das Inscri\u00e7\u00f5es Homologadas AQUI!<\/a><\/span><\/strong><\/p>\n<p><span style=\"color: #0000ff;font-size: 14pt\"><strong>Palestra &#8211;\u00a0<\/strong><b>A UFPel e Eu: como escrever nossa hist\u00f3ria<\/b><\/span><\/p>\n<p><span style=\"color: #808080\"><strong>Data:<\/strong>\u00a01\u00ba de novembro de 2018<\/span><\/p>\n<p><span style=\"color: #808080\"><strong>Hora:<\/strong>\u00a08h 30min<\/span><\/p>\n<p><span style=\"color: #808080\"><strong>Local:<\/strong>\u00a0Audit\u00f3rio 2 do Centro de Artes &#8211; Rua \u00c1lvaro Chaves n\u00ba 65<\/span><\/p>\n<p><span style=\"color: #808080\"><strong>Vagas:<\/strong> 150\u00a0<\/span><\/p>\n<p><span style=\"color: #808080\"><strong>Palestrante:<\/strong>\u00a0<span style=\"font-weight: 400\">Andr\u00e9ia Athaydes<\/span><\/span><\/p>\n<p><span style=\"color: #ff6600\"><strong><a style=\"color: #ff6600\" href=\"https:\/\/wp.ufpel.edu.br\/progep\/files\/2018\/10\/homologa_inscritos_PALESTRA-01nov.pdf\">Listagem das inscri\u00e7\u00f5es homologadas AQUI!<\/a><\/strong><\/span> (Atualizada com as \u00faltimas inscri\u00e7\u00f5es!)<\/p>\n<p><a href=\"https:\/\/wp.ufpel.edu.br\/progep\/inscricoes-para-curso\/\"><strong><span style=\"color: #ff6600\">Inscreva-se AQUI!<\/span><\/strong><\/a>\u00a0 (Ainda temos vagas!!!)<\/p>\n","protected":false},"excerpt":{"rendered":"<p>\u201cPara um grande p\u00fablico, uma grande comemora\u00e7\u00e3o\u201d As atividades da Semana do Servidor que requerem inscri\u00e7\u00e3o pr\u00e9via: oficinas, palestra e caminhada no Campus Cap\u00e3o do Le\u00e3o. Os links para a inscri\u00e7\u00e3o est\u00e3o dispon\u00edveis a seguir, logo abaixo das informa\u00e7\u00f5es de cada atividade. Per\u00edodo de inscri\u00e7\u00f5es: 15 a 24 de outubro de 2018 (Havendo vagas remanescentes, [&hellip;]<\/p>\n","protected":false},"author":21,"featured_media":0,"parent":0,"menu_order":0,"comment_status":"closed","ping_status":"closed","template":"","meta":{"footnotes":""},"class_list":["post-12838","page","type-page","status-publish","hentry"],"_links":{"self":[{"href":"https:\/\/wp.ufpel.edu.br\/progep\/wp-json\/wp\/v2\/pages\/12838","targetHints":{"allow":["GET"]}}],"collection":[{"href":"https:\/\/wp.ufpel.edu.br\/progep\/wp-json\/wp\/v2\/pages"}],"about":[{"href":"https:\/\/wp.ufpel.edu.br\/progep\/wp-json\/wp\/v2\/types\/page"}],"author":[{"embeddable":true,"href":"https:\/\/wp.ufpel.edu.br\/progep\/wp-json\/wp\/v2\/users\/21"}],"replies":[{"embeddable":true,"href":"https:\/\/wp.ufpel.edu.br\/progep\/wp-json\/wp\/v2\/comments?post=12838"}],"version-history":[{"count":29,"href":"https:\/\/wp.ufpel.edu.br\/progep\/wp-json\/wp\/v2\/pages\/12838\/revisions"}],"predecessor-version":[{"id":33832,"href":"https:\/\/wp.ufpel.edu.br\/progep\/wp-json\/wp\/v2\/pages\/12838\/revisions\/33832"}],"wp:attachment":[{"href":"https:\/\/wp.ufpel.edu.br\/progep\/wp-json\/wp\/v2\/media?parent=12838"}],"curies":[{"name":"wp","href":"https:\/\/api.w.org\/{rel}","templated":true}]}}