{"id":12822,"date":"2018-10-10T10:25:32","date_gmt":"2018-10-10T13:25:32","guid":{"rendered":"https:\/\/wp.ufpel.edu.br\/progep\/?page_id=12822"},"modified":"2025-05-16T09:54:11","modified_gmt":"2025-05-16T12:54:11","slug":"ciclo-de-palestras-para-servidores-outubro-rosa-novembro-azul-do-que-estamos-falando","status":"publish","type":"page","link":"https:\/\/wp.ufpel.edu.br\/progep\/ciclo-de-palestras-para-servidores-outubro-rosa-novembro-azul-do-que-estamos-falando\/","title":{"rendered":"Capacita\u00e7\u00e3o: Ciclo de Palestras para Servidores &#8211; Outubro Rosa, Novembro azul: do que estamos falando?"},"content":{"rendered":"<p><span style=\"color: #808080\"><strong>Data:<\/strong> 22 de novembro de 2018\u00a0 \u00a0<\/span><\/p>\n<p><span style=\"color: #808080\"><strong>Hora:<\/strong> 8h 30min<\/span><\/p>\n<p><span style=\"color: #808080\"><strong>Local:<\/strong> Audit\u00f3rio do Campus II &#8211; 3\u00ba piso &#8211; Rua Alm. Barroso, 1202. <strong><span style=\"color: #ff0000\">(Aten\u00e7\u00e3o: esse \u00e9 o novo local!)<\/span><\/strong><\/span><\/p>\n<p><span style=\"color: #808080\"><strong>Palestrantes:<\/strong>\u00a0M\u00e9dicos Lu\u00eds Ol\u00edmpio Dias Jord\u00e3o, Josayres Armindo Buss Cecconi e Maria Ang\u00e9lica Scheidemandel Sieburger (mediadora)<\/span><\/p>\n<p><strong><span style=\"color: #808080\">Ementa:\u00a0<\/span><\/strong><span style=\"color: #808080\">Outubro Rosa e Novembro Azul: esses meses coloridos dizem respeito a mobiliza\u00e7\u00f5es mundiais para prevenir o c\u00e2ncer de mama e o c\u00e2ncer de pr\u00f3stata, funcionando como alertas para mulheres e homens.<\/span><\/p>\n<p><strong style=\"color: #808080\">P\u00fablico alvo:<\/strong><span style=\"color: #808080\"> servidores em geral\u00a0<\/span><\/p>\n<p><span style=\"color: #808080\"><strong>N\u00famero de vagas:<\/strong>\u00a050<\/span><\/p>\n<p><span style=\"color: #808080\"><strong><span style=\"color: #808080\">Per\u00edodo de inscri\u00e7\u00e3o: <\/span><\/strong><span style=\"color: #808080\">de 01 a 19 de novembro de 2018<\/span><\/span><\/p>\n<p><span style=\"color: #808080\"><strong>Divulga\u00e7\u00e3o das inscri\u00e7\u00f5es homologadas:<\/strong>\u00a020 de novembro de 2018<\/span><\/p>\n<p><strong><span style=\"color: #ff6600\"><a style=\"color: #ff6600\" href=\"https:\/\/wp.ufpel.edu.br\/progep\/files\/2018\/11\/homologa_inscritos-1-1.pdf\">Listagem das Inscri\u00e7\u00f5es Homologadas<\/a><\/span><\/strong><\/p>\n","protected":false},"excerpt":{"rendered":"<p>Data: 22 de novembro de 2018\u00a0 \u00a0 Hora: 8h 30min Local: Audit\u00f3rio do Campus II &#8211; 3\u00ba piso &#8211; Rua Alm. Barroso, 1202. (Aten\u00e7\u00e3o: esse \u00e9 o novo local!) Palestrantes:\u00a0M\u00e9dicos Lu\u00eds Ol\u00edmpio Dias Jord\u00e3o, Josayres Armindo Buss Cecconi e Maria Ang\u00e9lica Scheidemandel Sieburger (mediadora) Ementa:\u00a0Outubro Rosa e Novembro Azul: esses meses coloridos dizem respeito a [&hellip;]<\/p>\n","protected":false},"author":21,"featured_media":0,"parent":0,"menu_order":0,"comment_status":"closed","ping_status":"closed","template":"","meta":{"footnotes":""},"class_list":["post-12822","page","type-page","status-publish","hentry"],"_links":{"self":[{"href":"https:\/\/wp.ufpel.edu.br\/progep\/wp-json\/wp\/v2\/pages\/12822","targetHints":{"allow":["GET"]}}],"collection":[{"href":"https:\/\/wp.ufpel.edu.br\/progep\/wp-json\/wp\/v2\/pages"}],"about":[{"href":"https:\/\/wp.ufpel.edu.br\/progep\/wp-json\/wp\/v2\/types\/page"}],"author":[{"embeddable":true,"href":"https:\/\/wp.ufpel.edu.br\/progep\/wp-json\/wp\/v2\/users\/21"}],"replies":[{"embeddable":true,"href":"https:\/\/wp.ufpel.edu.br\/progep\/wp-json\/wp\/v2\/comments?post=12822"}],"version-history":[{"count":9,"href":"https:\/\/wp.ufpel.edu.br\/progep\/wp-json\/wp\/v2\/pages\/12822\/revisions"}],"predecessor-version":[{"id":32596,"href":"https:\/\/wp.ufpel.edu.br\/progep\/wp-json\/wp\/v2\/pages\/12822\/revisions\/32596"}],"wp:attachment":[{"href":"https:\/\/wp.ufpel.edu.br\/progep\/wp-json\/wp\/v2\/media?parent=12822"}],"curies":[{"name":"wp","href":"https:\/\/api.w.org\/{rel}","templated":true}]}}