{"id":12777,"date":"2018-09-18T17:22:20","date_gmt":"2018-09-18T20:22:20","guid":{"rendered":"https:\/\/wp.ufpel.edu.br\/progep\/?page_id=12777"},"modified":"2025-06-30T13:25:38","modified_gmt":"2025-06-30T16:25:38","slug":"curso-intermediario-de-libras","status":"publish","type":"page","link":"https:\/\/wp.ufpel.edu.br\/progep\/curso-intermediario-de-libras\/","title":{"rendered":"Capacita\u00e7\u00e3o: Curso Intermedi\u00e1rio de Libras"},"content":{"rendered":"<p><span style=\"color: #ff0000\"><strong>Em virtude do baixo n\u00famero de inscritos o curso foi CANCELADO.<\/strong><\/span><\/p>\n<p><span style=\"color: #808080\"><strong>Modalidade:<\/strong> presencial<\/span><\/p>\n<p><span style=\"color: #808080\"><strong>Carga Hor\u00e1ria:<\/strong> 60 horas<\/span><\/p>\n<p><span style=\"color: #808080\"><strong>S\u00famula do programa:<\/strong>\u00a0Sintaxe (express\u00f5es faciais e corporais: afirmativas, negativas e interrogativas e exclamativas; express\u00f5es faciais e corporais gramaticais);\u00a0Morfologia (incorpora\u00e7\u00e3o numeral, sinais compostos, diminutivo e aumentativo;\u00a0Fonologia (condi\u00e7\u00e3o de simetria e domin\u00e2ncia);\u00a0Tipos de verbos: verbos com concord\u00e2ncia, verbos sem concord\u00e2ncia e verbos manuais;\u00a0Verbos que dependem do contexto;\u00a0Principais \u00e1reas de vocabul\u00e1rio a serem desenvolvidos (n\u00edvel b\u00e1sico): top\u00f4nimos (continentes; Am\u00e9rica do Sul; Brasil: cidades e estados); valores monet\u00e1rios e moedas;\u00a0Principais \u00e1reas de vocabul\u00e1rio a serem desenvolvidos (n\u00edvel intermedi\u00e1rio): espa\u00e7os urbanos; alimenta\u00e7\u00e3o (verduras e legumes); ambientes dom\u00e9sticos e escolares (objetos); animais selvagens do Brasil; profiss\u00f5es;\u00a0Adv\u00e9rbios de lugar;\u00a0Adjetivos \u2013 sinais de adjetiva\u00e7\u00e3o (ant\u00f4nimos);\u00a0Caracter\u00edsticas de iconicidade e arbitrariedade na Libras.<\/span><\/p>\n<p><span style=\"color: #808080\"><strong>P\u00fablico alvo:<\/strong> t\u00e9cnico-administrativos e docentes da UFPel que tenham conhecimentos b\u00e1sicos sobre a L\u00edngua Brasileira de Sinais \u2013 LIBRAS.<\/span><\/p>\n<p><span style=\"color: #808080\"><strong>N\u00famero de vagas:<\/strong> 20<\/span><\/p>\n<p><span style=\"color: #808080\"><strong>Ministrantes:<\/strong> Fabiano Souto Rosa e Daniel Lopes Romeu<\/span><\/p>\n<p><span style=\"color: #808080\"><strong>Per\u00edodo:<\/strong><del> de 09 de outubro a 12 de dezembro de 2018 (somente \u00e0s ter\u00e7as e quartas-feiras)<\/del><\/span><\/p>\n<p><span style=\"color: #808080\"><strong>Hor\u00e1rio:<\/strong> das 8h30min \u00e0s 11h 30min<\/span><\/p>\n<p><span style=\"color: #808080\"><strong>Local:<\/strong> sala 205 do Salis Goulart &#8211;\u00a0Rua F\u00e9lix da Cunha, 520 (entrada pela Rua Tiradentes)<\/span><\/p>\n<p><span style=\"color: #808080\"><strong>Per\u00edodo de inscri\u00e7\u00e3o:<\/strong> 18 de setembro a 4 de outubro de 2018<\/span><\/p>\n<p><span style=\"color: #808080\"><strong>Publica\u00e7\u00e3o das inscri\u00e7\u00f5es homologadas:<\/strong><del> 5 de outubro de 2018, nesta p\u00e1gina.<\/del><\/span><\/p>\n<p><strong><span style=\"color: #ff0000\">Curso Cancelado!<\/span><\/strong><\/p>\n","protected":false},"excerpt":{"rendered":"<p>Em virtude do baixo n\u00famero de inscritos o curso foi CANCELADO. Modalidade: presencial Carga Hor\u00e1ria: 60 horas S\u00famula do programa:\u00a0Sintaxe (express\u00f5es faciais e corporais: afirmativas, negativas e interrogativas e exclamativas; express\u00f5es faciais e corporais gramaticais);\u00a0Morfologia (incorpora\u00e7\u00e3o numeral, sinais compostos, diminutivo e aumentativo;\u00a0Fonologia (condi\u00e7\u00e3o de simetria e domin\u00e2ncia);\u00a0Tipos de verbos: verbos com concord\u00e2ncia, verbos sem concord\u00e2ncia [&hellip;]<\/p>\n","protected":false},"author":21,"featured_media":0,"parent":0,"menu_order":0,"comment_status":"closed","ping_status":"closed","template":"","meta":{"footnotes":""},"class_list":["post-12777","page","type-page","status-publish","hentry"],"_links":{"self":[{"href":"https:\/\/wp.ufpel.edu.br\/progep\/wp-json\/wp\/v2\/pages\/12777","targetHints":{"allow":["GET"]}}],"collection":[{"href":"https:\/\/wp.ufpel.edu.br\/progep\/wp-json\/wp\/v2\/pages"}],"about":[{"href":"https:\/\/wp.ufpel.edu.br\/progep\/wp-json\/wp\/v2\/types\/page"}],"author":[{"embeddable":true,"href":"https:\/\/wp.ufpel.edu.br\/progep\/wp-json\/wp\/v2\/users\/21"}],"replies":[{"embeddable":true,"href":"https:\/\/wp.ufpel.edu.br\/progep\/wp-json\/wp\/v2\/comments?post=12777"}],"version-history":[{"count":7,"href":"https:\/\/wp.ufpel.edu.br\/progep\/wp-json\/wp\/v2\/pages\/12777\/revisions"}],"predecessor-version":[{"id":33829,"href":"https:\/\/wp.ufpel.edu.br\/progep\/wp-json\/wp\/v2\/pages\/12777\/revisions\/33829"}],"wp:attachment":[{"href":"https:\/\/wp.ufpel.edu.br\/progep\/wp-json\/wp\/v2\/media?parent=12777"}],"curies":[{"name":"wp","href":"https:\/\/api.w.org\/{rel}","templated":true}]}}