{"id":12748,"date":"2018-09-06T13:24:11","date_gmt":"2018-09-06T16:24:11","guid":{"rendered":"https:\/\/wp.ufpel.edu.br\/progep\/?page_id=12748"},"modified":"2025-06-30T13:25:29","modified_gmt":"2025-06-30T16:25:29","slug":"curso-nocoes-de-direito-administrativo-7a-edicao","status":"publish","type":"page","link":"https:\/\/wp.ufpel.edu.br\/progep\/curso-nocoes-de-direito-administrativo-7a-edicao\/","title":{"rendered":"Capacita\u00e7\u00e3o: Curso: No\u00e7\u00f5es de Direito Administrativo &#8211; 7\u00aa edi\u00e7\u00e3o"},"content":{"rendered":"<p><span style=\"color: #808080\"><strong>Data:\u00a0<\/strong>16 a 19 de outubro de 2018<\/span><\/p>\n<p><span style=\"color: #808080\"><strong>Modalidade:\u00a0<\/strong>presencial<\/span><\/p>\n<p><span style=\"font-style: inherit;font-weight: inherit;color: #808080\"><strong style=\"font-style: inherit\">Carga Hor\u00e1ria:\u00a0<\/strong>32 horas<\/span><\/p>\n<p><span style=\"font-style: inherit;font-weight: inherit;color: #808080\"><strong style=\"font-style: inherit\">Hor\u00e1rio:\u00a0<\/strong>das 08:00 \u00e0s 12:00 e das 13:30 \u00e0s 17:30<\/span><\/p>\n<p><span style=\"font-style: inherit;font-weight: inherit;color: #808080\"><strong style=\"font-style: inherit\">Local:\u00a0<\/strong>sala 352 da Faculdade de Educa\u00e7\u00e3o\u00a0 &#8211; FAE (R. Cel. Alberto Rosa, 154)<\/span><\/p>\n<p><span style=\"font-style: inherit;font-weight: inherit;color: #808080\"><strong style=\"font-style: inherit\">P\u00fablico alvo:<\/strong>\u00a0servidores em geral<\/span><\/p>\n<p><span style=\"font-style: inherit;font-weight: inherit;color: #808080\"><strong style=\"font-style: inherit\">Vagas:\u00a0<\/strong>25<\/span><\/p>\n<p><span style=\"color: #808080\"><strong style=\"font-style: inherit\"><span style=\"font-style: inherit;font-weight: inherit\">Conte\u00fado Program\u00e1tico:<\/span><\/strong><\/span><\/p>\n<p><span style=\"color: #808080\">1. Regime Jur\u00eddico Administrativo.<\/span><br \/>\n<span style=\"color: #808080\">2. Princ\u00edpios Gerais da Administra\u00e7\u00e3o P\u00fablica.<\/span><br \/>\n<span style=\"color: #808080\">3. Organiza\u00e7\u00e3o Administrativa e Estrutura da Administra\u00e7\u00e3o P\u00fablica Federal.<\/span><br \/>\n<span style=\"color: #808080\">4.0 Controle da Administra\u00e7\u00e3o P\u00fablica.<\/span><br \/>\n<span style=\"color: #808080\">S. Assessoramento Juridico na Administra\u00e7\u00e3o P\u00fablica (Lei Complementar 73\/93).<\/span><br \/>\n<span style=\"color: #808080\">6. Sistematiza\u00e7\u00e3o da Administra\u00e7\u00e3o P\u00fablica.<\/span><br \/>\n<span style=\"color: #808080\">7. Regimes Juridicos dos Agentes P\u00fablicos.<\/span><br \/>\n<span style=\"color: #808080\">8. Atividade Administrativa e Prerrogativas P\u00fablicas.<\/span><br \/>\n<span style=\"color: #808080\">9. Desfazimento do Ato.<\/span><br \/>\n<span style=\"color: #808080\">10. Processo Administrativo Geral e a Lei 9784\/99.<\/span><br \/>\n<span style=\"color: #808080\">11. C\u00f3digo de \u00c9tica Profissional do Servidor P\u00fablico Civil do Poder Executivo Federal.<\/span><br \/>\n<span style=\"color: #808080\">12. Regime Disciplinar dos agentes p\u00fablicos.<\/span><br \/>\n<span style=\"color: #808080\">13. Do direito a recurso de decis\u00e3o administrativa.<\/span><br \/>\n<span style=\"color: #808080\">14. Dos impedimentos e da suspei\u00e7\u00e3o<\/span><br \/>\n<span style=\"color: #808080\">15. Contratos Administrativos \u2013 Lei 8666\/83 e Lei 10520\/02<\/span><br \/>\n<span style=\"color: #808080\">16. Responsabilidade civil do servidor.<\/span><br \/>\n<span style=\"color: #808080\">17. Requisitos e regras de acesso a informa\u00e7\u00e3o em processos f\u00edsicos e eletr\u00f4nicos.<\/span><br \/>\n<span style=\"color: #808080\">18. Regras de Ouro para atua\u00e7\u00e3o segura dos servidores p\u00fablicos.<\/span><\/p>\n<p><span style=\"color: #808080\"><strong>Ministrante:<\/strong>\u00a0Fabr\u00edcio Colombo \u2013 ESAF\/RS<\/span><\/p>\n<p><span style=\"font-style: inherit;font-weight: inherit;color: #808080\"><strong style=\"font-style: inherit\">Inscri\u00e7\u00f5es:\u00a0<\/strong>\u00a0de 06 de setembro a 10 de outubro de 2018<\/span><\/p>\n<p><span style=\"color: #808080\"><strong>Divulga\u00e7\u00e3o das inscri\u00e7\u00f5es homologadas:\u00a0<\/strong>11 de outubro de 2018<\/span><\/p>\n<p><strong><span style=\"color: #ff6600\"><a style=\"color: #ff6600\" href=\"https:\/\/wp.ufpel.edu.br\/progep\/files\/2018\/10\/homologa_inscritos-1-1.pdf\">Inscri\u00e7\u00f5es Homologadas AQUI!<\/a><\/span><\/strong><\/p>\n","protected":false},"excerpt":{"rendered":"<p>Data:\u00a016 a 19 de outubro de 2018 Modalidade:\u00a0presencial Carga Hor\u00e1ria:\u00a032 horas Hor\u00e1rio:\u00a0das 08:00 \u00e0s 12:00 e das 13:30 \u00e0s 17:30 Local:\u00a0sala 352 da Faculdade de Educa\u00e7\u00e3o\u00a0 &#8211; FAE (R. Cel. Alberto Rosa, 154) P\u00fablico alvo:\u00a0servidores em geral Vagas:\u00a025 Conte\u00fado Program\u00e1tico: 1. Regime Jur\u00eddico Administrativo. 2. Princ\u00edpios Gerais da Administra\u00e7\u00e3o P\u00fablica. 3. Organiza\u00e7\u00e3o Administrativa e Estrutura [&hellip;]<\/p>\n","protected":false},"author":21,"featured_media":0,"parent":0,"menu_order":0,"comment_status":"closed","ping_status":"closed","template":"","meta":{"footnotes":""},"class_list":["post-12748","page","type-page","status-publish","hentry"],"_links":{"self":[{"href":"https:\/\/wp.ufpel.edu.br\/progep\/wp-json\/wp\/v2\/pages\/12748","targetHints":{"allow":["GET"]}}],"collection":[{"href":"https:\/\/wp.ufpel.edu.br\/progep\/wp-json\/wp\/v2\/pages"}],"about":[{"href":"https:\/\/wp.ufpel.edu.br\/progep\/wp-json\/wp\/v2\/types\/page"}],"author":[{"embeddable":true,"href":"https:\/\/wp.ufpel.edu.br\/progep\/wp-json\/wp\/v2\/users\/21"}],"replies":[{"embeddable":true,"href":"https:\/\/wp.ufpel.edu.br\/progep\/wp-json\/wp\/v2\/comments?post=12748"}],"version-history":[{"count":6,"href":"https:\/\/wp.ufpel.edu.br\/progep\/wp-json\/wp\/v2\/pages\/12748\/revisions"}],"predecessor-version":[{"id":33828,"href":"https:\/\/wp.ufpel.edu.br\/progep\/wp-json\/wp\/v2\/pages\/12748\/revisions\/33828"}],"wp:attachment":[{"href":"https:\/\/wp.ufpel.edu.br\/progep\/wp-json\/wp\/v2\/media?parent=12748"}],"curies":[{"name":"wp","href":"https:\/\/api.w.org\/{rel}","templated":true}]}}