{"id":12743,"date":"2018-09-06T13:16:16","date_gmt":"2018-09-06T16:16:16","guid":{"rendered":"https:\/\/wp.ufpel.edu.br\/progep\/?page_id=12743"},"modified":"2025-06-30T13:24:41","modified_gmt":"2025-06-30T16:24:41","slug":"curso-salvar-vidas-uma-responsabilidade-de-todos-praticas-pre-hospitalares","status":"publish","type":"page","link":"https:\/\/wp.ufpel.edu.br\/progep\/curso-salvar-vidas-uma-responsabilidade-de-todos-praticas-pre-hospitalares\/","title":{"rendered":"Capacita\u00e7\u00e3o: Curso: SALVAR VIDAS, UMA RESPONSABILIDADE DE TODOS: PR\u00c1TICAS PR\u00c9-HOSPITALARES"},"content":{"rendered":"<p><span style=\"color: #808080\"><strong>Modalidade:<\/strong> presencial<\/span><\/p>\n<p><span style=\"color: #808080\"><strong>Carga Hor\u00e1ria:<\/strong> 20 horas<\/span><\/p>\n<p><span style=\"color: #808080\"><strong>S\u00famula do programa:\u00a0<\/strong>Introdu\u00e7\u00e3o ao Suporte B\u00e1sico de Vida,\u00a0 desmaio, crise convulsiva, envenenamento, queimaduras, ferimentos,entorse, luxa\u00e7\u00e3o, fraturas e imobiliza\u00e7\u00f5es, hemorragias, engasgo (asfixia), parada cardiorrespirat\u00f3ria e picadas de animais pe\u00e7onhentos, emerg\u00eancias cl\u00ednicas \u00a0e\u00a0 Simula\u00e7\u00f5es.<\/span><\/p>\n<p><span style=\"color: #808080\"><strong>P\u00fablico alvo:<\/strong> servidores em geral.<\/span><\/p>\n<p><span style=\"color: #808080\"><strong>N\u00famero de vagas:<\/strong> 20<\/span><\/p>\n<p><span style=\"color: #808080\"><strong>Ministrantes:<\/strong> Celmira Lange e\u00a0Lenice de Castro Muniz de Quadros<\/span><\/p>\n<p><span style=\"color: #808080\"><strong>Per\u00edodo:<\/strong> 27 de setembro a 25 de outubro de 2018 (somente \u00e0s quintas-feiras)<\/span><\/p>\n<p><span style=\"color: #808080\"><strong>Hor\u00e1rio:<\/strong> das 14 \u00e0s 18 horas<\/span><\/p>\n<p><span style=\"color: #808080\"><strong>Local:<\/strong> nos dias 27\/9, 11\/10 e 25\/10 na sala 2 da P\u00f3s-Gradua\u00e7\u00e3o do PPGOM\/Economia &#8211; 4\u00ba piso\/bloco B do Campus Anglo; nos dias 4 e 18\/10, no laborat\u00f3rio da sala 255 da Faculdade de Enfermagem &#8211; 2\u00ba piso\/bloco B do Campus Anglo.<\/span><\/p>\n<p><span style=\"color: #808080\"><strong>Per\u00edodo de inscri\u00e7\u00e3o:<\/strong> 6 a 24 de setembro<\/span><\/p>\n<p><span style=\"color: #808080\"><strong>Publica\u00e7\u00e3o das inscri\u00e7\u00f5es homologadas:<\/strong> 25 de setembro de 2018, nesta p\u00e1gina<\/span>.<\/p>\n<p><strong><span style=\"color: #ff6600\"><a style=\"color: #ff6600\" href=\"https:\/\/wp.ufpel.edu.br\/progep\/files\/2018\/09\/homologa_inscritos_.pdf\">Inscri\u00e7\u00f5es Homologadas AQUI!<\/a><\/span><\/strong><\/p>\n<p>&nbsp;<\/p>\n","protected":false},"excerpt":{"rendered":"<p>Modalidade: presencial Carga Hor\u00e1ria: 20 horas S\u00famula do programa:\u00a0Introdu\u00e7\u00e3o ao Suporte B\u00e1sico de Vida,\u00a0 desmaio, crise convulsiva, envenenamento, queimaduras, ferimentos,entorse, luxa\u00e7\u00e3o, fraturas e imobiliza\u00e7\u00f5es, hemorragias, engasgo (asfixia), parada cardiorrespirat\u00f3ria e picadas de animais pe\u00e7onhentos, emerg\u00eancias cl\u00ednicas \u00a0e\u00a0 Simula\u00e7\u00f5es. P\u00fablico alvo: servidores em geral. N\u00famero de vagas: 20 Ministrantes: Celmira Lange e\u00a0Lenice de Castro Muniz de [&hellip;]<\/p>\n","protected":false},"author":21,"featured_media":0,"parent":0,"menu_order":0,"comment_status":"closed","ping_status":"closed","template":"","meta":{"footnotes":""},"class_list":["post-12743","page","type-page","status-publish","hentry"],"_links":{"self":[{"href":"https:\/\/wp.ufpel.edu.br\/progep\/wp-json\/wp\/v2\/pages\/12743","targetHints":{"allow":["GET"]}}],"collection":[{"href":"https:\/\/wp.ufpel.edu.br\/progep\/wp-json\/wp\/v2\/pages"}],"about":[{"href":"https:\/\/wp.ufpel.edu.br\/progep\/wp-json\/wp\/v2\/types\/page"}],"author":[{"embeddable":true,"href":"https:\/\/wp.ufpel.edu.br\/progep\/wp-json\/wp\/v2\/users\/21"}],"replies":[{"embeddable":true,"href":"https:\/\/wp.ufpel.edu.br\/progep\/wp-json\/wp\/v2\/comments?post=12743"}],"version-history":[{"count":5,"href":"https:\/\/wp.ufpel.edu.br\/progep\/wp-json\/wp\/v2\/pages\/12743\/revisions"}],"predecessor-version":[{"id":33827,"href":"https:\/\/wp.ufpel.edu.br\/progep\/wp-json\/wp\/v2\/pages\/12743\/revisions\/33827"}],"wp:attachment":[{"href":"https:\/\/wp.ufpel.edu.br\/progep\/wp-json\/wp\/v2\/media?parent=12743"}],"curies":[{"name":"wp","href":"https:\/\/api.w.org\/{rel}","templated":true}]}}