{"id":12677,"date":"2018-08-17T12:33:05","date_gmt":"2018-08-17T15:33:05","guid":{"rendered":"https:\/\/wp.ufpel.edu.br\/progep\/?page_id=12677"},"modified":"2025-06-30T13:24:29","modified_gmt":"2025-06-30T16:24:29","slug":"curso-sistema-eletronico-de-informacoes-sei-2","status":"publish","type":"page","link":"https:\/\/wp.ufpel.edu.br\/progep\/curso-sistema-eletronico-de-informacoes-sei-2\/","title":{"rendered":"Capacita\u00e7\u00e3o: Curso: Sistema Eletr\u00f4nico de Informa\u00e7\u00f5es &#8211; SEI &#8211; Turma 12"},"content":{"rendered":"<p><span style=\"color: #808080\"><strong>Data:<\/strong> <del>28 de agosto de 2018\u00a0<\/del><span style=\"color: #ff0000\"> Nova data: 04 de setembro de 2018 (ter\u00e7a-feira)<\/span><\/span><\/p>\n<p><span style=\"color: #808080\"><strong>Carga Hor\u00e1ria:<\/strong> 4 horas<\/span><\/p>\n<p><span style=\"color: #808080\"><strong>Hor\u00e1rio:<\/strong> 8 \u00e0s 12 horas<\/span><\/p>\n<p><span style=\"color: #808080\"><strong>Local:<\/strong> Laborat\u00f3rio do CLC &#8211; sala 117 (campus Anglo)<\/span><\/p>\n<p><span style=\"color: #808080\"><strong>S\u00famula do Programa:<\/strong> 1.\u00a0Introdu\u00e7\u00e3o \u2013 Apresenta\u00e7\u00e3o SEI UFPEL; 2.\u00a0Acessando o sistema; 3.\u00a0O que \u00e9 um processo no SEI? Tipos, Iniciando, Adicionando anota\u00e7\u00e3o e marcador; 4.\u00a0Incluindo documentos em um processo no SEI. Tipos. Incluindo documento interno e externo; 5.\u00a0Recebendo processos na Unidade. Atribuir. Acompanhamento especial. Ci\u00eancia; 6.\u00a0Enviando um processo para outra Unidade. Mantendo aberto. E-mail de notifica\u00e7\u00e3o; 7.\u00a0Opera\u00e7\u00f5es com processos. Relacionando. Gerando PDF. Hist\u00f3rico. Pesquisa. Reabertura; 8.\u00a0Opera\u00e7\u00f5es com documentos. Modelos favoritos. Gerando vers\u00f5es. Envio de e-mail; 9.\u00a0Opera\u00e7\u00f5es com blocos. Bloco de assinatura.<\/span><\/p>\n<p><span style=\"color: #808080\"><strong>Instrutora:<\/strong> Rosana Avila Pereira Chollet<\/span><\/p>\n<p><span style=\"color: #808080\"><strong>P\u00fablico alvo:<\/strong> servidores em geral<\/span><\/p>\n<p><span style=\"color: #808080\"><strong>Vagas:<\/strong> 22<\/span><\/p>\n<p><span style=\"color: #808080\"><strong>Inscri\u00e7\u00f5es:<\/strong> de 17 a 30 de agosto de 2018<\/span><\/p>\n<p><span style=\"color: #808080\"><strong>Divulga\u00e7\u00e3o das inscri\u00e7\u00f5es homologadas:<\/strong> 31 de agosto de 2018, nesta p\u00e1gina.<\/span><\/p>\n<p><strong><span style=\"color: #ff6600\"><a style=\"color: #ff6600\" href=\"https:\/\/wp.ufpel.edu.br\/progep\/files\/2018\/08\/homologacao-SEI_turma-12_2018-1.pdf\">Listagem das inscri\u00e7\u00f5es homologadas AQUI!<\/a><\/span><\/strong><\/p>\n","protected":false},"excerpt":{"rendered":"<p>Data: 28 de agosto de 2018\u00a0 Nova data: 04 de setembro de 2018 (ter\u00e7a-feira) Carga Hor\u00e1ria: 4 horas Hor\u00e1rio: 8 \u00e0s 12 horas Local: Laborat\u00f3rio do CLC &#8211; sala 117 (campus Anglo) S\u00famula do Programa: 1.\u00a0Introdu\u00e7\u00e3o \u2013 Apresenta\u00e7\u00e3o SEI UFPEL; 2.\u00a0Acessando o sistema; 3.\u00a0O que \u00e9 um processo no SEI? Tipos, Iniciando, Adicionando anota\u00e7\u00e3o e [&hellip;]<\/p>\n","protected":false},"author":21,"featured_media":0,"parent":0,"menu_order":0,"comment_status":"closed","ping_status":"closed","template":"","meta":{"footnotes":""},"class_list":["post-12677","page","type-page","status-publish","hentry"],"_links":{"self":[{"href":"https:\/\/wp.ufpel.edu.br\/progep\/wp-json\/wp\/v2\/pages\/12677","targetHints":{"allow":["GET"]}}],"collection":[{"href":"https:\/\/wp.ufpel.edu.br\/progep\/wp-json\/wp\/v2\/pages"}],"about":[{"href":"https:\/\/wp.ufpel.edu.br\/progep\/wp-json\/wp\/v2\/types\/page"}],"author":[{"embeddable":true,"href":"https:\/\/wp.ufpel.edu.br\/progep\/wp-json\/wp\/v2\/users\/21"}],"replies":[{"embeddable":true,"href":"https:\/\/wp.ufpel.edu.br\/progep\/wp-json\/wp\/v2\/comments?post=12677"}],"version-history":[{"count":8,"href":"https:\/\/wp.ufpel.edu.br\/progep\/wp-json\/wp\/v2\/pages\/12677\/revisions"}],"predecessor-version":[{"id":33825,"href":"https:\/\/wp.ufpel.edu.br\/progep\/wp-json\/wp\/v2\/pages\/12677\/revisions\/33825"}],"wp:attachment":[{"href":"https:\/\/wp.ufpel.edu.br\/progep\/wp-json\/wp\/v2\/media?parent=12677"}],"curies":[{"name":"wp","href":"https:\/\/api.w.org\/{rel}","templated":true}]}}