{"id":12668,"date":"2018-08-17T12:06:32","date_gmt":"2018-08-17T15:06:32","guid":{"rendered":"https:\/\/wp.ufpel.edu.br\/progep\/?page_id=12668"},"modified":"2025-06-30T13:24:23","modified_gmt":"2025-06-30T16:24:23","slug":"curso-nocoes-de-direito-administrativo-6a-edicao","status":"publish","type":"page","link":"https:\/\/wp.ufpel.edu.br\/progep\/curso-nocoes-de-direito-administrativo-6a-edicao\/","title":{"rendered":"Capacita\u00e7\u00e3o: Curso: No\u00e7\u00f5es de Direito Administrativo &#8211; 6\u00aa edi\u00e7\u00e3o"},"content":{"rendered":"<p><span style=\"color: #808080\"><strong>Data:\u00a0<\/strong><del>11 a 14 de setembro de 2018\u00a0\u00a0<\/del> <strong><span style=\"color: #ff0000\">02 a 05 de outubro de 2018<\/span><\/strong><\/span><\/p>\n<p><span style=\"color: #808080\"><strong>Modalidade:\u00a0<\/strong>presencial<\/span><\/p>\n<p><span style=\"color: #808080\"><strong>Carga Hor\u00e1ria:\u00a0<\/strong>32 horas<\/span><\/p>\n<p><span style=\"color: #808080\"><strong>Hor\u00e1rio: <\/strong>das 08:00 \u00e0s 12:00 e das 13:30 \u00e0s 17:30<\/span><\/p>\n<p><span style=\"color: #808080\"><strong>Local:\u00a0<\/strong><del>Audit\u00f3rio da Ag\u00eancia da Lagoa Mirim (Sala 17) &#8211; Rua Lobo da Costa, 447.\u00a0<\/del><strong><span style=\"color: #ff0000\"> Sala 316 do IFISP (\u00a0R. Cel. Alberto Rosa, 154)<\/span><\/strong><\/span><\/p>\n<p><span style=\"color: #808080\"><strong>P\u00fablico alvo:<\/strong> servidores em geral<\/span><\/p>\n<p><span style=\"color: #808080\"><strong>Vagas:\u00a0<\/strong>25<\/span><\/p>\n<p><strong><span style=\"color: #999999\">Conte\u00fado Program\u00e1tico:<\/span><\/strong><\/p>\n<p><span style=\"color: #999999\">1. Regime Jur\u00eddico Administrativo.<\/span><br \/>\n<span style=\"color: #999999\">2. Princ\u00edpios Gerais da Administra\u00e7\u00e3o P\u00fablica.<\/span><br \/>\n<span style=\"color: #999999\">3. Organiza\u00e7\u00e3o Administrativa e Estrutura da Administra\u00e7\u00e3o P\u00fablica Federal.<\/span><br \/>\n<span style=\"color: #999999\">4.0 Controle da Administra\u00e7\u00e3o P\u00fablica.<\/span><br \/>\n<span style=\"color: #999999\">S. Assessoramento Juridico na Administra\u00e7\u00e3o P\u00fablica (Lei Complementar 73\/93).<\/span><br \/>\n<span style=\"color: #999999\">6. Sistematiza\u00e7\u00e3o da Administra\u00e7\u00e3o P\u00fablica.<\/span><br \/>\n<span style=\"color: #999999\">7. Regimes Juridicos dos Agentes P\u00fablicos.<\/span><br \/>\n<span style=\"color: #999999\">8. Atividade Administrativa e Prerrogativas P\u00fablicas.<\/span><br \/>\n<span style=\"color: #999999\">9. Desfazimento do Ato.<\/span><br \/>\n<span style=\"color: #999999\">10. Processo Administrativo Geral e a Lei 9784\/99.<\/span><br \/>\n<span style=\"color: #999999\">11. C\u00f3digo de \u00c9tica Profissional do Servidor P\u00fablico Civil do Poder Executivo Federal.<\/span><br \/>\n<span style=\"color: #999999\">12. Regime Disciplinar dos agentes p\u00fablicos.<\/span><br \/>\n<span style=\"color: #999999\">13. Do direito a recurso de decis\u00e3o administrativa.<\/span><br \/>\n<span style=\"color: #999999\">14. Dos impedimentos e da suspei\u00e7\u00e3o<\/span><br \/>\n<span style=\"color: #999999\">15. Contratos Administrativos &#8211; Lei 8666\/83 e Lei 10520\/02<\/span><br \/>\n<span style=\"color: #999999\">16. Responsabilidade civil do servidor.<\/span><br \/>\n<span style=\"color: #999999\">17. Requisitos e regras de acesso a informa\u00e7\u00e3o em processos f\u00edsicos e eletr\u00f4nicos.<\/span><br \/>\n<span style=\"color: #999999\">18. Regras de Ouro para atua\u00e7\u00e3o segura dos servidores p\u00fablicos.<\/span><\/p>\n<p><span style=\"color: #808080\"><strong>Ministrante:<\/strong> Fabr\u00edcio Colombo &#8211; ESAF\/RS<\/span><\/p>\n<p><span style=\"color: #808080\"><strong>Inscri\u00e7\u00f5es: <\/strong><del>de 17 de agosto a 4 de setembro de 2018\u00a0<\/del> <span style=\"color: #ff0000\">de 17 de agosto a 3 de setembro de 2018<\/span><\/span><\/p>\n<p><span style=\"color: #808080\"><strong>Divulga\u00e7\u00e3o das inscri\u00e7\u00f5es homologadas: <\/strong><del>03 de setembro de 2018<\/del> <span style=\"color: #ff0000\">04 de setembro de 2018<\/span><\/span><\/p>\n<p><strong><span style=\"color: #ff6600\"><a style=\"color: #ff6600\" href=\"https:\/\/wp.ufpel.edu.br\/progep\/files\/2018\/09\/homologa_inscritos-1-1.pdf\">Inscri\u00e7\u00f5es Homologadas AQUI!<\/a><\/span><\/strong><\/p>\n<p>&nbsp;<\/p>\n<p>&nbsp;<\/p>\n","protected":false},"excerpt":{"rendered":"<p>Data:\u00a011 a 14 de setembro de 2018\u00a0\u00a0 02 a 05 de outubro de 2018 Modalidade:\u00a0presencial Carga Hor\u00e1ria:\u00a032 horas Hor\u00e1rio: das 08:00 \u00e0s 12:00 e das 13:30 \u00e0s 17:30 Local:\u00a0Audit\u00f3rio da Ag\u00eancia da Lagoa Mirim (Sala 17) &#8211; Rua Lobo da Costa, 447.\u00a0 Sala 316 do IFISP (\u00a0R. Cel. Alberto Rosa, 154) P\u00fablico alvo: servidores em [&hellip;]<\/p>\n","protected":false},"author":21,"featured_media":0,"parent":0,"menu_order":0,"comment_status":"closed","ping_status":"closed","template":"","meta":{"footnotes":""},"class_list":["post-12668","page","type-page","status-publish","hentry"],"_links":{"self":[{"href":"https:\/\/wp.ufpel.edu.br\/progep\/wp-json\/wp\/v2\/pages\/12668","targetHints":{"allow":["GET"]}}],"collection":[{"href":"https:\/\/wp.ufpel.edu.br\/progep\/wp-json\/wp\/v2\/pages"}],"about":[{"href":"https:\/\/wp.ufpel.edu.br\/progep\/wp-json\/wp\/v2\/types\/page"}],"author":[{"embeddable":true,"href":"https:\/\/wp.ufpel.edu.br\/progep\/wp-json\/wp\/v2\/users\/21"}],"replies":[{"embeddable":true,"href":"https:\/\/wp.ufpel.edu.br\/progep\/wp-json\/wp\/v2\/comments?post=12668"}],"version-history":[{"count":10,"href":"https:\/\/wp.ufpel.edu.br\/progep\/wp-json\/wp\/v2\/pages\/12668\/revisions"}],"predecessor-version":[{"id":33824,"href":"https:\/\/wp.ufpel.edu.br\/progep\/wp-json\/wp\/v2\/pages\/12668\/revisions\/33824"}],"wp:attachment":[{"href":"https:\/\/wp.ufpel.edu.br\/progep\/wp-json\/wp\/v2\/media?parent=12668"}],"curies":[{"name":"wp","href":"https:\/\/api.w.org\/{rel}","templated":true}]}}