{"id":12609,"date":"2018-08-06T15:04:14","date_gmt":"2018-08-06T18:04:14","guid":{"rendered":"https:\/\/wp.ufpel.edu.br\/progep\/?page_id=12609"},"modified":"2025-05-16T11:07:55","modified_gmt":"2025-05-16T14:07:55","slug":"conversando-sobre-a-carreira-do-magisterio-superior","status":"publish","type":"page","link":"https:\/\/wp.ufpel.edu.br\/progep\/conversando-sobre-a-carreira-do-magisterio-superior\/","title":{"rendered":"Capacita\u00e7\u00e3o: Conversando sobre a Carreira do Magist\u00e9rio Superior"},"content":{"rendered":"<p><span style=\"color: #808080\"><strong>Modalidade:<\/strong>\u00a0presencial<\/span><\/p>\n<p><span style=\"color: #808080\"><strong>Carga hor\u00e1ria:<\/strong>\u00a04 horas<\/span><\/p>\n<p><span style=\"color: #808080\"><strong>Data:<\/strong>\u00a029 de agosto de 2018<\/span><\/p>\n<p><span style=\"color: #808080\"><strong>Hor\u00e1rio:<\/strong>\u00a0das 8 \u00e0s 12 horas<\/span><\/p>\n<p><span style=\"color: #808080\"><strong>Local:<\/strong>\u00a0<span style=\"color: #ff0000\">audit\u00f3rio da Ag\u00eancia da Lagoa Mirim (Rua Lobo da Costa, 447)<\/span><\/span><\/p>\n<p><span style=\"color: #808080\"><strong>S\u00famula do Programa:<\/strong><\/span><\/p>\n<p class=\"Texto_Justificado\"><span style=\"color: #808080\">&#8211; Lei n\u00ba 12772\/2012 e suas altera\u00e7\u00f5es;<\/span><\/p>\n<p class=\"Texto_Justificado\"><span style=\"color: #808080\">&#8211; Estrutura da carreira docente;<\/span><\/p>\n<p class=\"Texto_Justificado\"><span style=\"color: #808080\">&#8211; Desenvolvimento na carreira: Progress\u00e3o Funcional e Promo\u00e7\u00e3o;<\/span><\/p>\n<p class=\"Texto_Justificado\"><span style=\"color: #808080\">&#8211; Retribui\u00e7\u00e3o por titula\u00e7\u00e3o;<\/span><\/p>\n<p class=\"Texto_Justificado\"><span style=\"color: #808080\">&#8211; Pagamentos retroativos &#8211; marco inicial.<\/span><\/p>\n<p><span style=\"color: #808080\"><strong>Ministrante<\/strong>: Rita de C\u00e1ssia Grecco dos Santos<\/span><\/p>\n<p><span style=\"color: #808080\"><strong>P\u00fablico alvo:<\/strong>\u00a0docentes da UFPel<\/span><\/p>\n<p><span style=\"color: #808080\"><strong>N\u00famero de vagas:<\/strong>\u00a050<\/span><\/p>\n<p><span style=\"color: #808080\"><strong>Per\u00edodo de inscri\u00e7\u00e3o: <\/strong>6\u00a0a 26 de agosto de 2018<\/span><\/p>\n<p><span style=\"color: #808080\"><strong>Divulga\u00e7\u00e3o das inscri\u00e7\u00f5es homologadas:<\/strong>\u00a027\/08\/2018, nesta p\u00e1gina.<\/span><\/p>\n<p><strong><span style=\"color: #ff6600\"><a style=\"color: #ff6600\" href=\"https:\/\/wp.ufpel.edu.br\/progep\/files\/2018\/08\/homologa_inscritos_-5.pdf\">Inscri\u00e7\u00f5es Homologadas AQUI!<\/a><\/span><\/strong><\/p>\n<p>&nbsp;<\/p>\n","protected":false},"excerpt":{"rendered":"<p>Modalidade:\u00a0presencial Carga hor\u00e1ria:\u00a04 horas Data:\u00a029 de agosto de 2018 Hor\u00e1rio:\u00a0das 8 \u00e0s 12 horas Local:\u00a0audit\u00f3rio da Ag\u00eancia da Lagoa Mirim (Rua Lobo da Costa, 447) S\u00famula do Programa: &#8211; Lei n\u00ba 12772\/2012 e suas altera\u00e7\u00f5es; &#8211; Estrutura da carreira docente; &#8211; Desenvolvimento na carreira: Progress\u00e3o Funcional e Promo\u00e7\u00e3o; &#8211; Retribui\u00e7\u00e3o por titula\u00e7\u00e3o; &#8211; Pagamentos retroativos [&hellip;]<\/p>\n","protected":false},"author":21,"featured_media":0,"parent":0,"menu_order":0,"comment_status":"closed","ping_status":"closed","template":"","meta":{"footnotes":""},"class_list":["post-12609","page","type-page","status-publish","hentry"],"_links":{"self":[{"href":"https:\/\/wp.ufpel.edu.br\/progep\/wp-json\/wp\/v2\/pages\/12609","targetHints":{"allow":["GET"]}}],"collection":[{"href":"https:\/\/wp.ufpel.edu.br\/progep\/wp-json\/wp\/v2\/pages"}],"about":[{"href":"https:\/\/wp.ufpel.edu.br\/progep\/wp-json\/wp\/v2\/types\/page"}],"author":[{"embeddable":true,"href":"https:\/\/wp.ufpel.edu.br\/progep\/wp-json\/wp\/v2\/users\/21"}],"replies":[{"embeddable":true,"href":"https:\/\/wp.ufpel.edu.br\/progep\/wp-json\/wp\/v2\/comments?post=12609"}],"version-history":[{"count":5,"href":"https:\/\/wp.ufpel.edu.br\/progep\/wp-json\/wp\/v2\/pages\/12609\/revisions"}],"predecessor-version":[{"id":32623,"href":"https:\/\/wp.ufpel.edu.br\/progep\/wp-json\/wp\/v2\/pages\/12609\/revisions\/32623"}],"wp:attachment":[{"href":"https:\/\/wp.ufpel.edu.br\/progep\/wp-json\/wp\/v2\/media?parent=12609"}],"curies":[{"name":"wp","href":"https:\/\/api.w.org\/{rel}","templated":true}]}}