{"id":12589,"date":"2018-07-31T10:33:25","date_gmt":"2018-07-31T13:33:25","guid":{"rendered":"https:\/\/wp.ufpel.edu.br\/progep\/?page_id=12589"},"modified":"2025-06-30T13:24:03","modified_gmt":"2025-06-30T16:24:03","slug":"curso-processo-administrativo-disciplinar-pad-avancado","status":"publish","type":"page","link":"https:\/\/wp.ufpel.edu.br\/progep\/curso-processo-administrativo-disciplinar-pad-avancado\/","title":{"rendered":"Capacita\u00e7\u00e3o: Curso Processo Administrativo Disciplinar &#8211; PAD &#8211; Avan\u00e7ado"},"content":{"rendered":"<p><strong>Modalidade:<\/strong> presencial<\/p>\n<p><strong>Carga hor\u00e1ria:<\/strong> 24 horas<\/p>\n<p><strong>Per\u00edodo:<\/strong> 20, 21 e 22 de agosto de 2018<\/p>\n<p><strong>Hor\u00e1rio:<\/strong> das 8h30min \u00e0s 12 horas e das 13h30min \u00e0s 18 horas<\/p>\n<p><strong>Local:<\/strong> Sala 2 da P\u00f3s-Gradua\u00e7\u00e3o da FAT \u2013 bloco B \u2013 4\u00ba andar \u2013 Campus Anglo<\/p>\n<p><strong>S\u00famula do Programa:<\/strong> Prescri\u00e7\u00e3o &#8211; T\u00e9cnica de Entrevista e Interrogat\u00f3rio &#8211; An\u00e1lise de defesa em PAD &#8211; Estrutura\u00e7\u00e3o de Relat\u00f3rio Final em PAD &#8211; Estudo de casos reais divulgados na m\u00eddia.<\/p>\n<p><strong>Ministrante<\/strong>: Rodrigo Costa Rodrigues \u2013 PRF-RS<\/p>\n<p><strong>P\u00fablico alvo:<\/strong> servidores que atuam nas comiss\u00f5es de sindic\u00e2ncias e processos administrativos disciplinares.<\/p>\n<p><strong>N\u00famero de vagas:<\/strong> 25<\/p>\n<p><strong>Per\u00edodo de inscri\u00e7\u00e3o:<\/strong>\u00a031 de julho a 14 de agosto de 2018<\/p>\n<p><strong>Divulga\u00e7\u00e3o das inscri\u00e7\u00f5es homologadas:<\/strong>\u00a015\/08\/2018, nesta p\u00e1gina.<\/p>\n<p><strong><span style=\"color: #ff6600\"><a style=\"color: #ff6600\" href=\"https:\/\/wp.ufpel.edu.br\/progep\/files\/2018\/08\/homologa_inscritos_-1.pdf\">Inscri\u00e7\u00f5es Homologadas AQUI!<\/a><\/span><\/strong><\/p>\n","protected":false},"excerpt":{"rendered":"<p>Modalidade: presencial Carga hor\u00e1ria: 24 horas Per\u00edodo: 20, 21 e 22 de agosto de 2018 Hor\u00e1rio: das 8h30min \u00e0s 12 horas e das 13h30min \u00e0s 18 horas Local: Sala 2 da P\u00f3s-Gradua\u00e7\u00e3o da FAT \u2013 bloco B \u2013 4\u00ba andar \u2013 Campus Anglo S\u00famula do Programa: Prescri\u00e7\u00e3o &#8211; T\u00e9cnica de Entrevista e Interrogat\u00f3rio &#8211; An\u00e1lise [&hellip;]<\/p>\n","protected":false},"author":21,"featured_media":0,"parent":0,"menu_order":0,"comment_status":"closed","ping_status":"closed","template":"","meta":{"footnotes":""},"class_list":["post-12589","page","type-page","status-publish","hentry"],"_links":{"self":[{"href":"https:\/\/wp.ufpel.edu.br\/progep\/wp-json\/wp\/v2\/pages\/12589","targetHints":{"allow":["GET"]}}],"collection":[{"href":"https:\/\/wp.ufpel.edu.br\/progep\/wp-json\/wp\/v2\/pages"}],"about":[{"href":"https:\/\/wp.ufpel.edu.br\/progep\/wp-json\/wp\/v2\/types\/page"}],"author":[{"embeddable":true,"href":"https:\/\/wp.ufpel.edu.br\/progep\/wp-json\/wp\/v2\/users\/21"}],"replies":[{"embeddable":true,"href":"https:\/\/wp.ufpel.edu.br\/progep\/wp-json\/wp\/v2\/comments?post=12589"}],"version-history":[{"count":8,"href":"https:\/\/wp.ufpel.edu.br\/progep\/wp-json\/wp\/v2\/pages\/12589\/revisions"}],"predecessor-version":[{"id":33821,"href":"https:\/\/wp.ufpel.edu.br\/progep\/wp-json\/wp\/v2\/pages\/12589\/revisions\/33821"}],"wp:attachment":[{"href":"https:\/\/wp.ufpel.edu.br\/progep\/wp-json\/wp\/v2\/media?parent=12589"}],"curies":[{"name":"wp","href":"https:\/\/api.w.org\/{rel}","templated":true}]}}