{"id":12477,"date":"2018-06-04T11:30:50","date_gmt":"2018-06-04T14:30:50","guid":{"rendered":"https:\/\/wp.ufpel.edu.br\/progep\/?page_id=12477"},"modified":"2025-06-30T13:23:35","modified_gmt":"2025-06-30T16:23:35","slug":"minicurso-processo-de-avaliacao-de-estagio-probatorio-docente","status":"publish","type":"page","link":"https:\/\/wp.ufpel.edu.br\/progep\/minicurso-processo-de-avaliacao-de-estagio-probatorio-docente\/","title":{"rendered":"Capacita\u00e7\u00e3o: Minicurso: Processo de Avalia\u00e7\u00e3o de Est\u00e1gio Probat\u00f3rio Docente"},"content":{"rendered":"<p><span style=\"color: #808080\"><strong>Modalidade:<\/strong> presencial<\/span><\/p>\n<p><span style=\"color: #808080\"><strong>Carga Hor\u00e1ria:<\/strong> 4 horas<\/span><\/p>\n<p><span style=\"color: #808080\"><strong>S\u00famula do Programa:<\/strong>\u00a0Legisla\u00e7\u00e3o sobre o tema:\u00a0Lei 8.112\/90;\u00a0Resolu\u00e7\u00f5es internas: 11, 12 e 13 de maio de 2014;\u00a0Sistema Eletr\u00f4nico de Informa\u00e7\u00f5es &#8211; SEI;\u00a0O Processo de Avalia\u00e7\u00e3o de Est\u00e1gio Probat\u00f3rio Docente na UFPel.<\/span><\/p>\n<p><span style=\"color: #808080\"><strong>P\u00fablico Alvo:<\/strong> docentes em geral<\/span><\/p>\n<p><span style=\"color: #808080\"><strong>N\u00famero de Vagas:<\/strong> 40<\/span><\/p>\n<p><span style=\"color: #808080\"><strong>Ministrante:<\/strong>\u00a0Gerson Geraldo Homrich Cavalheiro<\/span><\/p>\n<p><span style=\"color: #808080\"><strong>Data:<\/strong>\u00a015 de junho de 2018<\/span><\/p>\n<p><span style=\"color: #808080\"><strong>Hor\u00e1rio:<\/strong>\u00a0das 8 \u00e0s 12 horas<\/span><\/p>\n<p><span style=\"color: #808080\"><strong>Local:<\/strong>\u00a0Audit\u00f3rio da Reitoria &#8211; Campus Anglo &#8211; Rua Gomes Carneiro n\u00ba 1<\/span><\/p>\n<p><span style=\"color: #808080\"><strong>Per\u00edodo de inscri\u00e7\u00e3o:<\/strong>\u00a04 a 13 de junho de 2018<\/span><\/p>\n<p><span style=\"color: #808080\"><strong>Publica\u00e7\u00e3o das Inscri\u00e7\u00f5es Homologadas:<\/strong>\u00a014 de junho de 2018, nesta p\u00e1gina<\/span><\/p>\n<p><a href=\"https:\/\/wp.ufpel.edu.br\/progep\/files\/2018\/06\/homologa_inscritos_minicurso-EP.pdf\"><strong><span style=\"color: #ff6600\">Listagem das inscri\u00e7\u00f5es homologadas AQUI!<\/span><\/strong><\/a><\/p>\n<p>&nbsp;<\/p>\n","protected":false},"excerpt":{"rendered":"<p>Modalidade: presencial Carga Hor\u00e1ria: 4 horas S\u00famula do Programa:\u00a0Legisla\u00e7\u00e3o sobre o tema:\u00a0Lei 8.112\/90;\u00a0Resolu\u00e7\u00f5es internas: 11, 12 e 13 de maio de 2014;\u00a0Sistema Eletr\u00f4nico de Informa\u00e7\u00f5es &#8211; SEI;\u00a0O Processo de Avalia\u00e7\u00e3o de Est\u00e1gio Probat\u00f3rio Docente na UFPel. P\u00fablico Alvo: docentes em geral N\u00famero de Vagas: 40 Ministrante:\u00a0Gerson Geraldo Homrich Cavalheiro Data:\u00a015 de junho de 2018 Hor\u00e1rio:\u00a0das [&hellip;]<\/p>\n","protected":false},"author":21,"featured_media":0,"parent":0,"menu_order":0,"comment_status":"closed","ping_status":"closed","template":"","meta":{"footnotes":""},"class_list":["post-12477","page","type-page","status-publish","hentry"],"_links":{"self":[{"href":"https:\/\/wp.ufpel.edu.br\/progep\/wp-json\/wp\/v2\/pages\/12477","targetHints":{"allow":["GET"]}}],"collection":[{"href":"https:\/\/wp.ufpel.edu.br\/progep\/wp-json\/wp\/v2\/pages"}],"about":[{"href":"https:\/\/wp.ufpel.edu.br\/progep\/wp-json\/wp\/v2\/types\/page"}],"author":[{"embeddable":true,"href":"https:\/\/wp.ufpel.edu.br\/progep\/wp-json\/wp\/v2\/users\/21"}],"replies":[{"embeddable":true,"href":"https:\/\/wp.ufpel.edu.br\/progep\/wp-json\/wp\/v2\/comments?post=12477"}],"version-history":[{"count":4,"href":"https:\/\/wp.ufpel.edu.br\/progep\/wp-json\/wp\/v2\/pages\/12477\/revisions"}],"predecessor-version":[{"id":33818,"href":"https:\/\/wp.ufpel.edu.br\/progep\/wp-json\/wp\/v2\/pages\/12477\/revisions\/33818"}],"wp:attachment":[{"href":"https:\/\/wp.ufpel.edu.br\/progep\/wp-json\/wp\/v2\/media?parent=12477"}],"curies":[{"name":"wp","href":"https:\/\/api.w.org\/{rel}","templated":true}]}}