{"id":12474,"date":"2018-06-04T11:14:59","date_gmt":"2018-06-04T14:14:59","guid":{"rendered":"https:\/\/wp.ufpel.edu.br\/progep\/?page_id=12474"},"modified":"2025-06-30T13:23:30","modified_gmt":"2025-06-30T16:23:30","slug":"curso-processo-administrativo-disciplinar-pad-basico","status":"publish","type":"page","link":"https:\/\/wp.ufpel.edu.br\/progep\/curso-processo-administrativo-disciplinar-pad-basico\/","title":{"rendered":"Capacita\u00e7\u00e3o: Curso: Processo Administrativo Disciplinar &#8211; PAD (B\u00e1sico)"},"content":{"rendered":"<p><span style=\"color: #808080\"><strong>Modalidade:<\/strong> presencial<\/span><\/p>\n<p><span style=\"color: #808080\"><strong>Carga Hor\u00e1ria:<\/strong> 40 horas<\/span><\/p>\n<p><span style=\"color: #808080\"><strong>S\u00famula do Programa:\u00a0<\/strong><\/span><\/p>\n<ul>\n<li class=\"Texto_Justificado\"><span style=\"color: #808080\">Deveres e proibi\u00e7\u00f5es dos servidores p\u00fablicos;<\/span><\/li>\n<li class=\"Texto_Justificado\"><span style=\"color: #808080\">Independ\u00eancia de inst\u00e2ncia e a Responsabilidade do servidor p\u00fablico;<\/span><\/li>\n<li class=\"Texto_Justificado\"><span style=\"color: #808080\">Condi\u00e7\u00f5es preliminares para abertura de processo disciplinar;<\/span><\/li>\n<li class=\"Texto_Justificado\"><span style=\"color: #808080\">Poder de apura\u00e7\u00e3o e den\u00fancia an\u00f4nima;<\/span><\/li>\n<li class=\"Texto_Justificado\"><span style=\"color: #808080\">Autoridade instauradora &#8211; compet\u00eancia;<\/span><\/li>\n<li class=\"Texto_Justificado\"><span style=\"color: #808080\">Comiss\u00e3o de Procedimento Disciplinar;<\/span><\/li>\n<li class=\"Texto_Justificado\"><span style=\"color: #808080\">Suspei\u00e7\u00e3o e Impedimento;<\/span><\/li>\n<li class=\"Texto_Justificado\"><span style=\"color: #808080\">Penalidade Disciplinar;<\/span><\/li>\n<li class=\"Texto_Justificado\"><span style=\"color: #808080\">Sindic\u00e2ncia;<\/span><\/li>\n<li class=\"Texto_Justificado\"><span style=\"color: #808080\">Procedimento Sum\u00e1rio;<\/span><\/li>\n<li class=\"Texto_Justificado\"><span style=\"color: #808080\">Remessa de processo ao Minist\u00e9rio P\u00fablico;<\/span><\/li>\n<li class=\"Texto_Justificado\"><span style=\"color: #808080\">No\u00e7\u00f5es de Prescri\u00e7\u00e3o;<\/span><\/li>\n<li class=\"Texto_Justificado\"><span style=\"color: #808080\">Revis\u00e3o do Processo;<\/span><\/li>\n<li class=\"Texto_Justificado\"><span style=\"color: #808080\">A Lei 9.784\/83;<\/span><\/li>\n<li class=\"Texto_Justificado\"><span style=\"color: #808080\">Comunica\u00e7\u00e3o Processual;<\/span><\/li>\n<li class=\"Texto_Justificado\"><span style=\"color: #808080\">Responsabilidade;<\/span><\/li>\n<li class=\"Texto_Justificado\"><span style=\"color: #808080\">Principais causas de nulidade;<\/span><\/li>\n<li class=\"Texto_Justificado\"><span style=\"color: #808080\">Atua\u00e7\u00e3o da Controladoria-Geral da Uni\u00e3o e suas Corregedorias;<\/span><\/li>\n<li class=\"Texto_Justificado\"><span style=\"color: #808080\">Elabora\u00e7\u00e3o de processo hipot\u00e9tico com a realiza\u00e7\u00e3o de exerc\u00edcios pr\u00e1ticos.<\/span><\/li>\n<\/ul>\n<p><span style=\"color: #808080\"><strong>P\u00fablico Alvo:<\/strong> servidores em geral,\u00a0que futuramente poder\u00e3o ser designados para compor comiss\u00f5es de sindic\u00e2ncias e processos administrativos disciplinares e tamb\u00e9m \u00e0queles servidores que j\u00e1 atuam nas referidas comiss\u00f5es\/processos.<\/span><\/p>\n<p><span style=\"color: #808080\"><strong>N\u00famero de Vagas:<\/strong> 30<\/span><\/p>\n<p><span style=\"color: #808080\"><strong>Ministrante:<\/strong>\u00a0Leandro Stachovski Garcia<\/span><\/p>\n<p><span style=\"color: #808080\"><strong>Per\u00edodo:<\/strong>\u00a026 de junho a 26 de julho de 2018, \u00e0s ter\u00e7as e quintas-feiras<\/span><\/p>\n<p><span style=\"color: #808080\"><strong>Hor\u00e1rio:<\/strong>\u00a0das 14 \u00e0s 18 horas<\/span><\/p>\n<p><span style=\"color: #808080\"><strong>Local:<\/strong>\u00a0Faculdade de Direito &#8211; sala 9 &#8211; Pra\u00e7a Conselheiro Maciel n\u00ba 215 &#8211; Centro<\/span><\/p>\n<p><span style=\"color: #808080\"><strong>Per\u00edodo de inscri\u00e7\u00e3o:<\/strong>\u00a04 a 24 de junho de 2018 <strong><span style=\"color: #ff0000\">(Nova data!)<\/span><\/strong><\/span><\/p>\n<p><span style=\"color: #808080\"><strong>Publica\u00e7\u00e3o das Inscri\u00e7\u00f5es Homologadas:<\/strong>\u00a025 de junho de 2018, nesta p\u00e1gina<strong><span style=\"color: #ff0000\"> (Nova data!)<\/span><\/strong><\/span><\/p>\n<p><span style=\"color: #ff6600\"><strong>OBS.<\/strong>: O curso foi cancelado tendo em vista que n\u00e3o foi preenchido o percentual m\u00ednimo das vagas oferecidas (50%).<\/span><\/p>\n","protected":false},"excerpt":{"rendered":"<p>Modalidade: presencial Carga Hor\u00e1ria: 40 horas S\u00famula do Programa:\u00a0 Deveres e proibi\u00e7\u00f5es dos servidores p\u00fablicos; Independ\u00eancia de inst\u00e2ncia e a Responsabilidade do servidor p\u00fablico; Condi\u00e7\u00f5es preliminares para abertura de processo disciplinar; Poder de apura\u00e7\u00e3o e den\u00fancia an\u00f4nima; Autoridade instauradora &#8211; compet\u00eancia; Comiss\u00e3o de Procedimento Disciplinar; Suspei\u00e7\u00e3o e Impedimento; Penalidade Disciplinar; Sindic\u00e2ncia; Procedimento Sum\u00e1rio; Remessa de [&hellip;]<\/p>\n","protected":false},"author":21,"featured_media":0,"parent":0,"menu_order":0,"comment_status":"closed","ping_status":"closed","template":"","meta":{"footnotes":""},"class_list":["post-12474","page","type-page","status-publish","hentry"],"_links":{"self":[{"href":"https:\/\/wp.ufpel.edu.br\/progep\/wp-json\/wp\/v2\/pages\/12474","targetHints":{"allow":["GET"]}}],"collection":[{"href":"https:\/\/wp.ufpel.edu.br\/progep\/wp-json\/wp\/v2\/pages"}],"about":[{"href":"https:\/\/wp.ufpel.edu.br\/progep\/wp-json\/wp\/v2\/types\/page"}],"author":[{"embeddable":true,"href":"https:\/\/wp.ufpel.edu.br\/progep\/wp-json\/wp\/v2\/users\/21"}],"replies":[{"embeddable":true,"href":"https:\/\/wp.ufpel.edu.br\/progep\/wp-json\/wp\/v2\/comments?post=12474"}],"version-history":[{"count":5,"href":"https:\/\/wp.ufpel.edu.br\/progep\/wp-json\/wp\/v2\/pages\/12474\/revisions"}],"predecessor-version":[{"id":33817,"href":"https:\/\/wp.ufpel.edu.br\/progep\/wp-json\/wp\/v2\/pages\/12474\/revisions\/33817"}],"wp:attachment":[{"href":"https:\/\/wp.ufpel.edu.br\/progep\/wp-json\/wp\/v2\/media?parent=12474"}],"curies":[{"name":"wp","href":"https:\/\/api.w.org\/{rel}","templated":true}]}}