{"id":12470,"date":"2018-06-04T10:54:14","date_gmt":"2018-06-04T13:54:14","guid":{"rendered":"https:\/\/wp.ufpel.edu.br\/progep\/?page_id=12470"},"modified":"2025-06-30T13:23:26","modified_gmt":"2025-06-30T16:23:26","slug":"workshop-como-tramitar-processos-de-mobilidade-internacionais","status":"publish","type":"page","link":"https:\/\/wp.ufpel.edu.br\/progep\/workshop-como-tramitar-processos-de-mobilidade-internacionais\/","title":{"rendered":"Capacita\u00e7\u00e3o: Workshop: como tramitar processos de mobilidade internacionais"},"content":{"rendered":"<p><span style=\"color: #808080\"><strong>Modalidade:<\/strong> presencial<\/span><\/p>\n<p><span style=\"color: #808080\"><strong>Carga Hor\u00e1ria:<\/strong> 4 horas<\/span><\/p>\n<p><span style=\"color: #808080\"><strong>S\u00famula do Programa:\u00a0<\/strong>&#8211; Mobilidade acad\u00eamica <em>outgoing<\/em> (conceito e procedimentos);\u00a0&#8211; Mobilidade acad\u00eamica <em>incoming<\/em> (conceito e procedimentos);\u00a0&#8211; Conv\u00eanios internacionais (conceito e procedimentos).<\/span><\/p>\n<p><span style=\"color: #808080\"><strong>P\u00fablico alvo:<\/strong> servidores em geral<\/span><\/p>\n<p><span style=\"color: #808080\"><strong>N\u00famero de vagas:<\/strong> 30<\/span><\/p>\n<p><span style=\"color: #808080\"><strong>Ministrantes:<\/strong>\u00a0Amanda Bleggi e\u00a0Anelise Alves &#8211; CRInter\/UFPel<\/span><\/p>\n<p><span style=\"color: #808080\"><strong>Data:<\/strong> 21 de junho de 2018<\/span><\/p>\n<p><span style=\"color: #808080\"><strong>Hor\u00e1rio:<\/strong> das 14 \u00e0s 18 horas<\/span><\/p>\n<p><span style=\"color: #808080\"><strong>Local:<\/strong>\u00a0Audit\u00f3rio da Ag\u00eancia de Desenvolvimento da Lagoa Mirim (ALM &#8211; Lobo da Costa, 447, sala 17)<\/span><\/p>\n<p><span style=\"color: #808080\"><strong>Per\u00edodo de inscri\u00e7\u00e3o:<\/strong> 4 a 17 de junho de 2018<\/span><\/p>\n<p><span style=\"color: #808080\"><strong>Publica\u00e7\u00e3o das Inscri\u00e7\u00f5es Homologadas:<\/strong> 18 de junho de 2018, nesta p\u00e1gina<\/span><\/p>\n<p><strong><span style=\"color: #ff6600\"><a style=\"color: #ff6600\" href=\"https:\/\/wp.ufpel.edu.br\/progep\/files\/2018\/06\/homologa_inscritos_.pdf\">Inscri\u00e7\u00f5es Homologadas AQUI!<\/a><\/span><\/strong><\/p>\n<p>&nbsp;<\/p>\n","protected":false},"excerpt":{"rendered":"<p>Modalidade: presencial Carga Hor\u00e1ria: 4 horas S\u00famula do Programa:\u00a0&#8211; Mobilidade acad\u00eamica outgoing (conceito e procedimentos);\u00a0&#8211; Mobilidade acad\u00eamica incoming (conceito e procedimentos);\u00a0&#8211; Conv\u00eanios internacionais (conceito e procedimentos). P\u00fablico alvo: servidores em geral N\u00famero de vagas: 30 Ministrantes:\u00a0Amanda Bleggi e\u00a0Anelise Alves &#8211; CRInter\/UFPel Data: 21 de junho de 2018 Hor\u00e1rio: das 14 \u00e0s 18 horas Local:\u00a0Audit\u00f3rio da [&hellip;]<\/p>\n","protected":false},"author":21,"featured_media":0,"parent":0,"menu_order":0,"comment_status":"closed","ping_status":"closed","template":"","meta":{"footnotes":""},"class_list":["post-12470","page","type-page","status-publish","hentry"],"_links":{"self":[{"href":"https:\/\/wp.ufpel.edu.br\/progep\/wp-json\/wp\/v2\/pages\/12470","targetHints":{"allow":["GET"]}}],"collection":[{"href":"https:\/\/wp.ufpel.edu.br\/progep\/wp-json\/wp\/v2\/pages"}],"about":[{"href":"https:\/\/wp.ufpel.edu.br\/progep\/wp-json\/wp\/v2\/types\/page"}],"author":[{"embeddable":true,"href":"https:\/\/wp.ufpel.edu.br\/progep\/wp-json\/wp\/v2\/users\/21"}],"replies":[{"embeddable":true,"href":"https:\/\/wp.ufpel.edu.br\/progep\/wp-json\/wp\/v2\/comments?post=12470"}],"version-history":[{"count":4,"href":"https:\/\/wp.ufpel.edu.br\/progep\/wp-json\/wp\/v2\/pages\/12470\/revisions"}],"predecessor-version":[{"id":33816,"href":"https:\/\/wp.ufpel.edu.br\/progep\/wp-json\/wp\/v2\/pages\/12470\/revisions\/33816"}],"wp:attachment":[{"href":"https:\/\/wp.ufpel.edu.br\/progep\/wp-json\/wp\/v2\/media?parent=12470"}],"curies":[{"name":"wp","href":"https:\/\/api.w.org\/{rel}","templated":true}]}}