{"id":12346,"date":"2018-04-18T14:18:47","date_gmt":"2018-04-18T17:18:47","guid":{"rendered":"https:\/\/wp.ufpel.edu.br\/progep\/?page_id=12346"},"modified":"2025-06-30T13:23:01","modified_gmt":"2025-06-30T16:23:01","slug":"12346-2","status":"publish","type":"page","link":"https:\/\/wp.ufpel.edu.br\/progep\/12346-2\/","title":{"rendered":"Capacita\u00e7\u00e3o: Curso SEI &#8211; Turmas 06, 07 e 08"},"content":{"rendered":"<p><span style=\"color: #ff6600\"><strong>Turma 06 \u2013 Campus Cap\u00e3o do Le\u00e3o<\/strong><\/span><\/p>\n<p><span style=\"color: #999999\"><strong>Data:\u00a0<\/strong>07 de maio<\/span><\/p>\n<p><span style=\"color: #999999\"><strong>Modalidade:<\/strong>\u00a0Presencial<\/span><\/p>\n<p><span style=\"font-style: inherit;font-weight: inherit;color: #999999\"><strong style=\"font-style: inherit\">Carga Hor\u00e1ria:<\/strong>\u00a04h<\/span><\/p>\n<p><span style=\"font-style: inherit;font-weight: inherit;color: #999999\"><strong style=\"font-style: inherit\">Hor\u00e1rio:<\/strong>\u00a0das 14h \u00e0s 18h<\/span><\/p>\n<p><span style=\"font-style: inherit;font-weight: inherit;color: #999999\"><strong style=\"font-style: inherit\">Local:<\/strong>\u00a0Laborat\u00f3rio de Bioinform\u00e1tica (Pr\u00e9dio 19 no curso de Biotecnologia, campus Cap\u00e3o do Le\u00e3o)<\/span><\/p>\n<p><span style=\"color: #999999\"><strong>P\u00fablico alvo:<\/strong>\u00a0servidores em geral<\/span><\/p>\n<p><span style=\"font-style: inherit;font-weight: inherit;color: #999999\"><strong style=\"font-style: inherit\">Ministrante:<\/strong>\u00a0Rosana Avila Pereira<\/span><\/p>\n<p><span style=\"font-style: inherit;font-weight: inherit;color: #999999\"><strong style=\"font-style: inherit\">Vagas:<\/strong>\u00a018<\/span><\/p>\n<p><span style=\"font-style: inherit;font-weight: inherit;color: #999999\"><strong style=\"font-style: inherit\">Inscri\u00e7\u00f5es:<\/strong>\u00a0de 18 de abril a 02 de maio de 2018<\/span><\/p>\n<p><span style=\"font-style: inherit;font-weight: inherit;color: #999999\"><strong style=\"font-style: inherit\">Divulga\u00e7\u00e3o das inscri\u00e7\u00f5es homologadas:<\/strong>\u00a003 de maio de 2018, nesta p\u00e1gina.<\/span><\/p>\n<p><span style=\"color: #ff6600\"><strong><a style=\"color: #ff6600\" href=\"https:\/\/wp.ufpel.edu.br\/progep\/files\/2018\/05\/turma-6.pdf\">Listagem de homologados AQUI!<\/a><\/strong><\/span><\/p>\n<p>&nbsp;<\/p>\n<p><strong><span style=\"color: #ff6600\">Turma 07 \u2013 Campus Anglo<\/span><\/strong><\/p>\n<p><span style=\"color: #999999\"><strong>Data:\u00a0<\/strong>22 de maio<\/span><\/p>\n<p><span style=\"font-style: inherit;font-weight: inherit;color: #999999\"><strong style=\"font-style: inherit\">Modalidade:<\/strong>\u00a0Presencial<\/span><\/p>\n<p><span style=\"font-style: inherit;font-weight: inherit;color: #999999\"><strong style=\"font-style: inherit\">Carga Hor\u00e1ria:<\/strong>\u00a04h<\/span><\/p>\n<p><span style=\"font-style: inherit;font-weight: inherit;color: #999999\"><strong style=\"font-style: inherit\">Hor\u00e1rio:<\/strong>\u00a008h \u00e0s 12h<\/span><\/p>\n<p><span style=\"font-style: inherit;font-weight: inherit;color: #999999\"><strong style=\"font-style: inherit\">Local:<\/strong>\u00a0Laborat\u00f3rio do CLC \u2013 sala 117 (campus Anglo)<\/span><\/p>\n<p><span style=\"font-style: inherit;font-weight: inherit;color: #999999\"><strong style=\"font-style: inherit\">P\u00fablico alvo:<\/strong>\u00a0servidores em geral<\/span><\/p>\n<p><span style=\"font-style: inherit;font-weight: inherit;color: #999999\"><strong style=\"font-style: inherit\">Ministrante:<\/strong>\u00a0Rosana Avila Pereira<\/span><\/p>\n<p><span style=\"font-style: inherit;font-weight: inherit;color: #999999\"><strong style=\"font-style: inherit\">Vagas:<\/strong>\u00a022<\/span><\/p>\n<p><span style=\"font-style: inherit;font-weight: inherit;color: #999999\"><strong style=\"font-style: inherit\">Inscri\u00e7\u00f5es:<\/strong>\u00a0de 18 de abril a 14 de maio de 2018<\/span><\/p>\n<p><span style=\"font-style: inherit;font-weight: inherit;color: #999999\"><strong style=\"font-style: inherit\">Divulga\u00e7\u00e3o das inscri\u00e7\u00f5es homologadas:<\/strong>\u00a015 de maio de 2018, nesta p\u00e1gina.<\/span><\/p>\n<p><span style=\"color: #ff6600\"><a style=\"color: #ff6600\" href=\"https:\/\/wp.ufpel.edu.br\/progep\/files\/2018\/05\/turma-7.pdf\"><strong>Listagem de homologados AQUI!<\/strong><\/a><\/span><\/p>\n<p>&nbsp;<\/p>\n<p><strong><span style=\"color: #ff6600\">Turma 08 \u2013 Campus Anglo (atendimento aos suplentes da turma 06)<\/span><\/strong><\/p>\n<p><span style=\"color: #999999\"><strong>Data: <\/strong>15\u00a0de maio<\/span><\/p>\n<p><span style=\"font-style: inherit;font-weight: inherit;color: #999999\"><strong style=\"font-style: inherit\">Modalidade:<\/strong>\u00a0Presencial<\/span><\/p>\n<p><span style=\"font-style: inherit;font-weight: inherit;color: #999999\"><strong style=\"font-style: inherit\">Carga Hor\u00e1ria:<\/strong>\u00a04h<\/span><\/p>\n<p><span style=\"font-style: inherit;font-weight: inherit;color: #999999\"><strong style=\"font-style: inherit\">Hor\u00e1rio:<\/strong>\u00a008h \u00e0s 12h<\/span><\/p>\n<p><span style=\"font-style: inherit;font-weight: inherit;color: #999999\"><strong style=\"font-style: inherit\">Local:<\/strong>\u00a0Laborat\u00f3rio do CLC \u2013 sala 117 (campus Anglo)<\/span><\/p>\n<p><span style=\"font-style: inherit;font-weight: inherit;color: #999999\"><strong style=\"font-style: inherit\">P\u00fablico alvo:<\/strong>\u00a0servidores em geral<\/span><\/p>\n<p><span style=\"font-style: inherit;font-weight: inherit;color: #999999\"><strong style=\"font-style: inherit\">Ministrante:<\/strong>\u00a0Rosana Avila Pereira<\/span><\/p>\n<p><span style=\"font-style: inherit;font-weight: inherit;color: #999999\"><strong style=\"font-style: inherit\">Vagas:<\/strong>\u00a022\u00a0<\/span><\/p>\n<p><strong><span style=\"color: #ff6600\"><a style=\"color: #ff6600\" href=\"https:\/\/wp.ufpel.edu.br\/progep\/files\/2018\/05\/turma-8.pdf\">Listagem dos participantes AQUI!<\/a><\/span><\/strong><\/p>\n","protected":false},"excerpt":{"rendered":"<p>Turma 06 \u2013 Campus Cap\u00e3o do Le\u00e3o Data:\u00a007 de maio Modalidade:\u00a0Presencial Carga Hor\u00e1ria:\u00a04h Hor\u00e1rio:\u00a0das 14h \u00e0s 18h Local:\u00a0Laborat\u00f3rio de Bioinform\u00e1tica (Pr\u00e9dio 19 no curso de Biotecnologia, campus Cap\u00e3o do Le\u00e3o) P\u00fablico alvo:\u00a0servidores em geral Ministrante:\u00a0Rosana Avila Pereira Vagas:\u00a018 Inscri\u00e7\u00f5es:\u00a0de 18 de abril a 02 de maio de 2018 Divulga\u00e7\u00e3o das inscri\u00e7\u00f5es homologadas:\u00a003 de maio de [&hellip;]<\/p>\n","protected":false},"author":21,"featured_media":0,"parent":0,"menu_order":0,"comment_status":"closed","ping_status":"closed","template":"","meta":{"footnotes":""},"class_list":["post-12346","page","type-page","status-publish","hentry"],"_links":{"self":[{"href":"https:\/\/wp.ufpel.edu.br\/progep\/wp-json\/wp\/v2\/pages\/12346","targetHints":{"allow":["GET"]}}],"collection":[{"href":"https:\/\/wp.ufpel.edu.br\/progep\/wp-json\/wp\/v2\/pages"}],"about":[{"href":"https:\/\/wp.ufpel.edu.br\/progep\/wp-json\/wp\/v2\/types\/page"}],"author":[{"embeddable":true,"href":"https:\/\/wp.ufpel.edu.br\/progep\/wp-json\/wp\/v2\/users\/21"}],"replies":[{"embeddable":true,"href":"https:\/\/wp.ufpel.edu.br\/progep\/wp-json\/wp\/v2\/comments?post=12346"}],"version-history":[{"count":10,"href":"https:\/\/wp.ufpel.edu.br\/progep\/wp-json\/wp\/v2\/pages\/12346\/revisions"}],"predecessor-version":[{"id":33813,"href":"https:\/\/wp.ufpel.edu.br\/progep\/wp-json\/wp\/v2\/pages\/12346\/revisions\/33813"}],"wp:attachment":[{"href":"https:\/\/wp.ufpel.edu.br\/progep\/wp-json\/wp\/v2\/media?parent=12346"}],"curies":[{"name":"wp","href":"https:\/\/api.w.org\/{rel}","templated":true}]}}