{"id":12264,"date":"2018-03-20T11:25:08","date_gmt":"2018-03-20T14:25:08","guid":{"rendered":"https:\/\/wp.ufpel.edu.br\/progep\/?page_id=12264"},"modified":"2018-04-03T17:15:57","modified_gmt":"2018-04-03T20:15:57","slug":"capacitacao-sistema-eletronico-de-informacoes-novas-turmas","status":"publish","type":"page","link":"https:\/\/wp.ufpel.edu.br\/progep\/capacitacao-sistema-eletronico-de-informacoes-novas-turmas\/","title":{"rendered":"Capacita\u00e7\u00e3o: Sistema Eletr\u00f4nico de Informa\u00e7\u00f5es &#8211; Novas Turmas!"},"content":{"rendered":"<p><span style=\"color: #ff6600\"><strong>Turma 04 &#8211; Campus Anglo<\/strong><\/span><\/p>\n<p><span style=\"color: #808080\"><strong>Data:\u00a0<\/strong>06 de abril de 2018<\/span><\/p>\n<p><span style=\"color: #808080\"><strong>Modalidade:<\/strong> Presencial<\/span><\/p>\n<p><span style=\"color: #808080\"><strong>Carga Hor\u00e1ria:<\/strong> 4h<\/span><\/p>\n<p><span style=\"color: #808080\"><strong>Hor\u00e1rio:<\/strong> 08h \u00e0s 12h<\/span><\/p>\n<p><span style=\"color: #808080\"><strong>Local:<\/strong> Laborat\u00f3rio do CLC &#8211; sala 117 (campus Anglo)<\/span><\/p>\n<p><span style=\"color: #808080\"><strong>P\u00fablico alvo:<\/strong> servidores em geral<\/span><\/p>\n<p><span style=\"color: #808080\"><strong>Ministrante:<\/strong> Paulo de Almeida Afonso<\/span><\/p>\n<p><span style=\"color: #808080\"><strong>Vagas:<\/strong> 22<\/span><\/p>\n<p><span style=\"color: #808080\"><strong>Inscri\u00e7\u00f5es:<\/strong> de 20 de mar\u00e7o a 03 de abril de 2018<\/span><\/p>\n<p><span style=\"color: #808080\"><strong>Divulga\u00e7\u00e3o das inscri\u00e7\u00f5es homologadas:<\/strong> 04 de abril de 2018, nesta p\u00e1gina.<\/span><\/p>\n<p><strong><span style=\"color: #ff6600\"><a style=\"color: #ff6600\" href=\"https:\/\/wp.ufpel.edu.br\/progep\/files\/2018\/04\/homologa_inscritos-Anglo-1.pdf\">Inscri\u00e7\u00f5es Homologadas<\/a><\/span><\/strong><\/p>\n<p>&nbsp;<\/p>\n<p><strong><span style=\"color: #ff6600\">Turma 05 &#8211; Campus Cap\u00e3o do Le\u00e3o<\/span><\/strong><\/p>\n<p><span style=\"color: #808080\"><strong>Data: <\/strong>11\u00a0de abril de 2018<\/span><\/p>\n<p><span style=\"color: #808080\"><strong>Modalidade:<\/strong> Presencial<\/span><\/p>\n<p><span style=\"color: #808080\"><strong>Carga Hor\u00e1ria:<\/strong> 4h<\/span><\/p>\n<p><span style=\"color: #808080\"><strong>Hor\u00e1rio:<\/strong> 08h \u00e0s 12h<\/span><\/p>\n<p><span style=\"color: #808080\"><strong>Local:<\/strong> Laborat\u00f3rio de Bioinform\u00e1tica (Pr\u00e9dio 19 no curso de Biotecnologia, campus Cap\u00e3o do Le\u00e3o)<\/span><\/p>\n<p><span style=\"color: #808080\"><strong>P\u00fablico alvo:<\/strong> servidores em geral<\/span><\/p>\n<p><span style=\"color: #808080\"><strong>Ministrante:<\/strong> Paulo de Almeida Afonso<\/span><\/p>\n<p><span style=\"color: #808080\"><strong>Vagas:\u00a0<\/strong>18<\/span><\/p>\n<p><span style=\"color: #808080\"><strong>Inscri\u00e7\u00f5es:<\/strong> de 20 de mar\u00e7o a 08 de abril de 2018<\/span><\/p>\n<p><span style=\"color: #808080\"><strong>Divulga\u00e7\u00e3o das inscri\u00e7\u00f5es homologadas:<\/strong> 09 de abril de 2018, nesta p\u00e1gina.<\/span><\/p>\n<p><strong><span style=\"color: #ff6600\"><a style=\"color: #ff6600\" href=\"https:\/\/wp.ufpel.edu.br\/progep\/files\/2018\/04\/homologa_inscritos-Capao-do-Leao.pdf\">Inscri\u00e7\u00f5es Homologadas<\/a><\/span><\/strong><\/p>\n","protected":false},"excerpt":{"rendered":"<p>Turma 04 &#8211; Campus Anglo Data:\u00a006 de abril de 2018 Modalidade: Presencial Carga Hor\u00e1ria: 4h Hor\u00e1rio: 08h \u00e0s 12h Local: Laborat\u00f3rio do CLC &#8211; sala 117 (campus Anglo) P\u00fablico alvo: servidores em geral Ministrante: Paulo de Almeida Afonso Vagas: 22 Inscri\u00e7\u00f5es: de 20 de mar\u00e7o a 03 de abril de 2018 Divulga\u00e7\u00e3o das inscri\u00e7\u00f5es homologadas: [&hellip;]<\/p>\n","protected":false},"author":21,"featured_media":0,"parent":0,"menu_order":0,"comment_status":"closed","ping_status":"closed","template":"","meta":{"footnotes":""},"class_list":["post-12264","page","type-page","status-publish","hentry"],"_links":{"self":[{"href":"https:\/\/wp.ufpel.edu.br\/progep\/wp-json\/wp\/v2\/pages\/12264","targetHints":{"allow":["GET"]}}],"collection":[{"href":"https:\/\/wp.ufpel.edu.br\/progep\/wp-json\/wp\/v2\/pages"}],"about":[{"href":"https:\/\/wp.ufpel.edu.br\/progep\/wp-json\/wp\/v2\/types\/page"}],"author":[{"embeddable":true,"href":"https:\/\/wp.ufpel.edu.br\/progep\/wp-json\/wp\/v2\/users\/21"}],"replies":[{"embeddable":true,"href":"https:\/\/wp.ufpel.edu.br\/progep\/wp-json\/wp\/v2\/comments?post=12264"}],"version-history":[{"count":7,"href":"https:\/\/wp.ufpel.edu.br\/progep\/wp-json\/wp\/v2\/pages\/12264\/revisions"}],"predecessor-version":[{"id":12302,"href":"https:\/\/wp.ufpel.edu.br\/progep\/wp-json\/wp\/v2\/pages\/12264\/revisions\/12302"}],"wp:attachment":[{"href":"https:\/\/wp.ufpel.edu.br\/progep\/wp-json\/wp\/v2\/media?parent=12264"}],"curies":[{"name":"wp","href":"https:\/\/api.w.org\/{rel}","templated":true}]}}