{"id":12258,"date":"2018-03-20T10:35:22","date_gmt":"2018-03-20T13:35:22","guid":{"rendered":"https:\/\/wp.ufpel.edu.br\/progep\/?page_id=12258"},"modified":"2025-06-30T13:21:28","modified_gmt":"2025-06-30T16:21:28","slug":"curso-nocoes-de-direito-administrativo","status":"publish","type":"page","link":"https:\/\/wp.ufpel.edu.br\/progep\/curso-nocoes-de-direito-administrativo\/","title":{"rendered":"Capacita\u00e7\u00e3o: Curso: No\u00e7\u00f5es de Direito Administrativo"},"content":{"rendered":"<p><span style=\"color: #808080\"><strong>Data:\u00a0<\/strong>10 a 13 de abril de 2018<\/span><\/p>\n<p><span style=\"color: #808080\"><strong>Modalidade:\u00a0<\/strong>presencial<\/span><\/p>\n<p><span style=\"color: #808080\"><strong>Carga Hor\u00e1ria:\u00a0<\/strong>30 horas<\/span><\/p>\n<p><span style=\"color: #808080\"><strong>Hor\u00e1rio: <\/strong>das 08:00 \u00e0s 12:00 e das 13:30 \u00e0s 17:30<\/span><\/p>\n<p><span style=\"color: #808080\"><strong>Local:<\/strong><\/span><\/p>\n<p><span style=\"color: #999999\">Manh\u00e3s:<\/span><\/p>\n<p><span style=\"color: #999999\">Dia 10 de abril: Audit\u00f3rio da Reitoria\u00a0(4\u00b0 andar do campus Anglo)<\/span><\/p>\n<p><span style=\"color: #999999\">Dias 11, 12 e 13 de abril: Audit\u00f3rio Acad\u00eamico\u00a0(4\u00b0 andar do campus Anglo)<\/span><\/p>\n<p><span style=\"color: #999999\">Tardes:<\/span><\/p>\n<p><span style=\"color: #999999\">Todas as tardes ser\u00e3o na sala 2 do PPGOM da Economia (4\u00b0 andar do bloco B do campus Anglo)<\/span><\/p>\n<p><span style=\"color: #808080\"><strong>P\u00fablico alvo:<\/strong> servidores em geral<\/span><\/p>\n<p><span style=\"color: #808080\"><strong>Vagas:\u00a0<\/strong>23<\/span><\/p>\n<p><strong><span style=\"color: #999999\">Conte\u00fado Program\u00e1tico:<\/span><\/strong><\/p>\n<p><span style=\"color: #999999\">1. Regime Jur\u00eddico Administrativo.<\/span><br \/>\n<span style=\"color: #999999\">2. Princ\u00edpios Gerais da Administra\u00e7\u00e3o P\u00fablica.<\/span><br \/>\n<span style=\"color: #999999\">3. Organiza\u00e7\u00e3o Administrativa e Estrutura da Administra\u00e7\u00e3o P\u00fablica Federal.<\/span><br \/>\n<span style=\"color: #999999\">4.0 Controle da Administra\u00e7\u00e3o P\u00fablica.<\/span><br \/>\n<span style=\"color: #999999\">S. Assessoramento Juridico na Administra\u00e7\u00e3o P\u00fablica (Lei Complementar 73\/93).<\/span><br \/>\n<span style=\"color: #999999\">6. Sistematiza\u00e7\u00e3o da Administra\u00e7\u00e3o P\u00fablica.<\/span><br \/>\n<span style=\"color: #999999\">7. Regimes Juridicos dos Agentes P\u00fablicos.<\/span><br \/>\n<span style=\"color: #999999\">8. Atividade Administrativa e Prerrogativas P\u00fablicas.<\/span><br \/>\n<span style=\"color: #999999\">9. Desfazimento do Ato.<\/span><br \/>\n<span style=\"color: #999999\">10. Processo Administrativo Geral e a Lei 9784\/99.<\/span><br \/>\n<span style=\"color: #999999\">11. C\u00f3digo de \u00c9tica Profissional do Servidor P\u00fablico Civil do Poder Executivo Federal.<\/span><br \/>\n<span style=\"color: #999999\">12. Regime Disciplinar dos agentes p\u00fablicos.<\/span><br \/>\n<span style=\"color: #999999\">13. Do direito a recurso de decis\u00e3o administrativa.<\/span><br \/>\n<span style=\"color: #999999\">14. Dos impedimentos e da suspei\u00e7\u00e3o<\/span><br \/>\n<span style=\"color: #999999\">15. Contratos Administrativos &#8211; Lei 8666\/83 e Lei 10520\/02<\/span><br \/>\n<span style=\"color: #999999\">16. Responsabilidade civil do servidor.<\/span><br \/>\n<span style=\"color: #999999\">17. Requisitos e regras de acesso a informa\u00e7\u00e3o em processos f\u00edsicos e eletr\u00f4nicos.<\/span><br \/>\n<span style=\"color: #999999\">18. Regras de Ouro para atua\u00e7\u00e3o segura dos servidores p\u00fablicos.<\/span><\/p>\n<p><span style=\"color: #808080\"><strong>Ministrante:<\/strong> Fabr\u00edcio Colombo &#8211; ESAF\/RS<\/span><\/p>\n<p><span style=\"color: #808080\"><strong>Inscri\u00e7\u00f5es: <\/strong>De\u00a020 de mar\u00e7o a 04 de abril de 2018<\/span><\/p>\n<p><span style=\"color: #808080\"><strong>Divulga\u00e7\u00e3o das inscri\u00e7\u00f5es homologadas:\u00a0<\/strong>05 de abril de 2018<\/span><\/p>\n<p><strong><span style=\"color: #ff6600\"><a style=\"color: #ff6600\" href=\"https:\/\/wp.ufpel.edu.br\/progep\/files\/2018\/04\/homologa_inscritos-.pdf\">Inscri\u00e7\u00f5es Homologadas!<\/a><\/span><\/strong><\/p>\n<p>&nbsp;<\/p>\n","protected":false},"excerpt":{"rendered":"<p>Data:\u00a010 a 13 de abril de 2018 Modalidade:\u00a0presencial Carga Hor\u00e1ria:\u00a030 horas Hor\u00e1rio: das 08:00 \u00e0s 12:00 e das 13:30 \u00e0s 17:30 Local: Manh\u00e3s: Dia 10 de abril: Audit\u00f3rio da Reitoria\u00a0(4\u00b0 andar do campus Anglo) Dias 11, 12 e 13 de abril: Audit\u00f3rio Acad\u00eamico\u00a0(4\u00b0 andar do campus Anglo) Tardes: Todas as tardes ser\u00e3o na sala 2 [&hellip;]<\/p>\n","protected":false},"author":21,"featured_media":0,"parent":0,"menu_order":0,"comment_status":"closed","ping_status":"closed","template":"","meta":{"footnotes":""},"class_list":["post-12258","page","type-page","status-publish","hentry"],"_links":{"self":[{"href":"https:\/\/wp.ufpel.edu.br\/progep\/wp-json\/wp\/v2\/pages\/12258","targetHints":{"allow":["GET"]}}],"collection":[{"href":"https:\/\/wp.ufpel.edu.br\/progep\/wp-json\/wp\/v2\/pages"}],"about":[{"href":"https:\/\/wp.ufpel.edu.br\/progep\/wp-json\/wp\/v2\/types\/page"}],"author":[{"embeddable":true,"href":"https:\/\/wp.ufpel.edu.br\/progep\/wp-json\/wp\/v2\/users\/21"}],"replies":[{"embeddable":true,"href":"https:\/\/wp.ufpel.edu.br\/progep\/wp-json\/wp\/v2\/comments?post=12258"}],"version-history":[{"count":8,"href":"https:\/\/wp.ufpel.edu.br\/progep\/wp-json\/wp\/v2\/pages\/12258\/revisions"}],"predecessor-version":[{"id":33808,"href":"https:\/\/wp.ufpel.edu.br\/progep\/wp-json\/wp\/v2\/pages\/12258\/revisions\/33808"}],"wp:attachment":[{"href":"https:\/\/wp.ufpel.edu.br\/progep\/wp-json\/wp\/v2\/media?parent=12258"}],"curies":[{"name":"wp","href":"https:\/\/api.w.org\/{rel}","templated":true}]}}