{"id":12165,"date":"2018-02-27T11:32:05","date_gmt":"2018-02-27T14:32:05","guid":{"rendered":"https:\/\/wp.ufpel.edu.br\/progep\/?page_id=12165"},"modified":"2025-05-16T09:53:50","modified_gmt":"2025-05-16T12:53:50","slug":"ciclo-de-palestras-mesa-redonda-dialogos-das-mulheres-reflexoes-sobre-o-papel-da-mulher-no-servico-publico-e-no-mundo-do-trabalho-na-contemporaneidade","status":"publish","type":"page","link":"https:\/\/wp.ufpel.edu.br\/progep\/ciclo-de-palestras-mesa-redonda-dialogos-das-mulheres-reflexoes-sobre-o-papel-da-mulher-no-servico-publico-e-no-mundo-do-trabalho-na-contemporaneidade\/","title":{"rendered":"Capacita\u00e7\u00e3o: Ciclo de Palestras &#8211; Mesa Redonda: Di\u00e1logos das Mulheres: reflex\u00f5es sobre o papel da mulher no servi\u00e7o p\u00fablico e no mundo do trabalho na contemporaneidade"},"content":{"rendered":"<p><strong>Data:<\/strong>\u00a007 de mar\u00e7o\u00a0de 2018<\/p>\n<p><strong>Local:<\/strong>\u00a0Audit\u00f3rio da Faculdade de Direito &#8211;\u00a0R. F\u00e9lix Xavier da Cunha, 363<\/p>\n<p><strong>Hor\u00e1rio:<\/strong>\u00a014h<\/p>\n<p style=\"text-align: justify\"><strong>Ementa: <\/strong>Promover um debate acerca dos desafios no mundo do trabalho e servi\u00e7o\u00a0\u00a0p\u00fablico a partir das reflex\u00f5es te\u00f3ricas e experi\u00eancias do cotidiano das mulheres nos diferentes espa\u00e7os sociais da contemporaneidade, compondo o calend\u00e1rio de lutas do 8 de mar\u00e7o pela manuten\u00e7\u00e3o e amplia\u00e7\u00e3o dos direitos das mulheres e no enfrentamento de todas as formas de viol\u00eancia de g\u00eanero.<\/p>\n<p><strong>Palestrantes:<\/strong>\u00a0Alexandra Domingues; Mara Beatriz Nunes Gomes; Rog\u00e9ria aparecida Garcia; Sara Teixeira Munaretto. Mediadora: Carolina Andersson Bunde<\/p>\n<p><strong>Apresenta\u00e7\u00e3o art\u00edstica:<\/strong>\u00a0O evento ter\u00e1 in\u00edcio com o GRUPO VOCAL DO CORREDOR, o qual\u00a0foi criado em 2015 com a inten\u00e7\u00e3o de reunir alunos dos cursos de m\u00fasica da Universidade Federal de Pelotas interessados em canto coral, com \u00eanfase em m\u00fasica popular e acapella. Por, a princ\u00edpio, n\u00e3o ser um grupo que se enquadra ou pertence a um \u00fanico curso, mas que re\u00fane colegas das variadas habilita\u00e7\u00f5es em m\u00fasica oferecidas pela UFPel, recebeu a designa\u00e7\u00e3o de \u2018Grupo Vocal do Corredor\u2019, remetendo ao quinto andar do Centro de Artes, que re\u00fane os bacharelados em m\u00fasica da Universidade. Coordena\u00e7\u00e3o: Fernanda Miki.<\/p>\n<p><strong>Per\u00edodo de inscri\u00e7\u00f5es: <\/strong>27 de fevereiro de 2018 a 04 de mar\u00e7o de 2018<\/p>\n<p><strong>Divulga\u00e7\u00e3o das inscri\u00e7\u00f5es homologadas:<\/strong>\u00a005 de mar\u00e7o\u00a0de 2018, nesta p\u00e1gina<\/p>\n<p>Obs.:<\/p>\n<p style=\"text-align: justify\">Esta palestra encerra o Ciclo Anual de 2017, que foi interrompido pelo movimento grevista. Se necess\u00e1rio, mediante solicita\u00e7\u00e3o, a CDP poder\u00e1 expedir atestado de participa\u00e7\u00e3o.<\/p>\n<p style=\"text-align: justify\">A certifica\u00e7\u00e3o total de cada Ciclo ser\u00e1 emitida pela CDP e os certificados ser\u00e3o enviados para os servidores via e-mail.<\/p>\n<p><strong><span style=\"color: #ff6600\"><a style=\"color: #ff6600\" href=\"https:\/\/wp.ufpel.edu.br\/progep\/files\/2018\/03\/homologa_inscritos-1-1.pdf\">Inscri\u00e7\u00f5es Homologadas AQUI!<\/a><\/span><\/strong><\/p>\n<p>&nbsp;<\/p>\n","protected":false},"excerpt":{"rendered":"<p>Data:\u00a007 de mar\u00e7o\u00a0de 2018 Local:\u00a0Audit\u00f3rio da Faculdade de Direito &#8211;\u00a0R. F\u00e9lix Xavier da Cunha, 363 Hor\u00e1rio:\u00a014h Ementa: Promover um debate acerca dos desafios no mundo do trabalho e servi\u00e7o\u00a0\u00a0p\u00fablico a partir das reflex\u00f5es te\u00f3ricas e experi\u00eancias do cotidiano das mulheres nos diferentes espa\u00e7os sociais da contemporaneidade, compondo o calend\u00e1rio de lutas do 8 de mar\u00e7o [&hellip;]<\/p>\n","protected":false},"author":21,"featured_media":0,"parent":0,"menu_order":0,"comment_status":"closed","ping_status":"closed","template":"","meta":{"footnotes":""},"class_list":["post-12165","page","type-page","status-publish","hentry"],"_links":{"self":[{"href":"https:\/\/wp.ufpel.edu.br\/progep\/wp-json\/wp\/v2\/pages\/12165","targetHints":{"allow":["GET"]}}],"collection":[{"href":"https:\/\/wp.ufpel.edu.br\/progep\/wp-json\/wp\/v2\/pages"}],"about":[{"href":"https:\/\/wp.ufpel.edu.br\/progep\/wp-json\/wp\/v2\/types\/page"}],"author":[{"embeddable":true,"href":"https:\/\/wp.ufpel.edu.br\/progep\/wp-json\/wp\/v2\/users\/21"}],"replies":[{"embeddable":true,"href":"https:\/\/wp.ufpel.edu.br\/progep\/wp-json\/wp\/v2\/comments?post=12165"}],"version-history":[{"count":5,"href":"https:\/\/wp.ufpel.edu.br\/progep\/wp-json\/wp\/v2\/pages\/12165\/revisions"}],"predecessor-version":[{"id":32592,"href":"https:\/\/wp.ufpel.edu.br\/progep\/wp-json\/wp\/v2\/pages\/12165\/revisions\/32592"}],"wp:attachment":[{"href":"https:\/\/wp.ufpel.edu.br\/progep\/wp-json\/wp\/v2\/media?parent=12165"}],"curies":[{"name":"wp","href":"https:\/\/api.w.org\/{rel}","templated":true}]}}