{"id":12073,"date":"2018-01-23T09:21:45","date_gmt":"2018-01-23T11:21:45","guid":{"rendered":"https:\/\/wp.ufpel.edu.br\/progep\/?page_id=12073"},"modified":"2025-06-30T13:20:59","modified_gmt":"2025-06-30T16:20:59","slug":"curso-sistema-eletronico-de-informacoes-sei-turma-02","status":"publish","type":"page","link":"https:\/\/wp.ufpel.edu.br\/progep\/curso-sistema-eletronico-de-informacoes-sei-turma-02\/","title":{"rendered":"Capacita\u00e7\u00e3o: Curso: Sistema Eletr\u00f4nico de Informa\u00e7\u00f5es &#8211; SEI &#8211; Turma 02"},"content":{"rendered":"<p><span style=\"color: #808080\"><strong>Data:<\/strong> 07 de fevereiro de 2018<\/span><\/p>\n<p><span style=\"color: #808080\"><strong>Modalidade:<\/strong> Presencial<\/span><\/p>\n<p><span style=\"color: #808080\"><strong>Carga Hor\u00e1ria:<\/strong> 4h<\/span><\/p>\n<p><span style=\"color: #808080\"><strong>Hor\u00e1rio:<\/strong> 08h \u00e0s 12h<\/span><\/p>\n<p><span style=\"color: #808080\"><strong>Local:<\/strong> Laborat\u00f3rio do CLC &#8211; sala 117 (campus Anglo)<\/span><\/p>\n<p><span style=\"color: #808080\"><strong>P\u00fablico alvo:<\/strong> servidores em geral<\/span><\/p>\n<p><span style=\"color: #808080\"><strong>Vagas:<\/strong> 24<\/span><\/p>\n<p><span style=\"color: #808080\"><strong>Inscri\u00e7\u00f5es:<\/strong> de 23 de janeiro a 04 de fevereiro de 2018<\/span><\/p>\n<p><span style=\"color: #808080\"><strong>Divulga\u00e7\u00e3o das inscri\u00e7\u00f5es homologadas:<\/strong> 05 de fevereiro de 2018, nesta p\u00e1gina.<\/span><\/p>\n<p><strong><span style=\"color: #ff6600\"><a style=\"color: #ff6600\" href=\"https:\/\/wp.ufpel.edu.br\/progep\/files\/2018\/02\/homologa_inscritos-.pdf\">Inscri\u00e7\u00f5es Homologadas AQUI!<\/a><\/span><\/strong><\/p>\n","protected":false},"excerpt":{"rendered":"<p>Data: 07 de fevereiro de 2018 Modalidade: Presencial Carga Hor\u00e1ria: 4h Hor\u00e1rio: 08h \u00e0s 12h Local: Laborat\u00f3rio do CLC &#8211; sala 117 (campus Anglo) P\u00fablico alvo: servidores em geral Vagas: 24 Inscri\u00e7\u00f5es: de 23 de janeiro a 04 de fevereiro de 2018 Divulga\u00e7\u00e3o das inscri\u00e7\u00f5es homologadas: 05 de fevereiro de 2018, nesta p\u00e1gina. Inscri\u00e7\u00f5es Homologadas [&hellip;]<\/p>\n","protected":false},"author":21,"featured_media":0,"parent":0,"menu_order":0,"comment_status":"closed","ping_status":"closed","template":"","meta":{"footnotes":""},"class_list":["post-12073","page","type-page","status-publish","hentry"],"_links":{"self":[{"href":"https:\/\/wp.ufpel.edu.br\/progep\/wp-json\/wp\/v2\/pages\/12073","targetHints":{"allow":["GET"]}}],"collection":[{"href":"https:\/\/wp.ufpel.edu.br\/progep\/wp-json\/wp\/v2\/pages"}],"about":[{"href":"https:\/\/wp.ufpel.edu.br\/progep\/wp-json\/wp\/v2\/types\/page"}],"author":[{"embeddable":true,"href":"https:\/\/wp.ufpel.edu.br\/progep\/wp-json\/wp\/v2\/users\/21"}],"replies":[{"embeddable":true,"href":"https:\/\/wp.ufpel.edu.br\/progep\/wp-json\/wp\/v2\/comments?post=12073"}],"version-history":[{"count":6,"href":"https:\/\/wp.ufpel.edu.br\/progep\/wp-json\/wp\/v2\/pages\/12073\/revisions"}],"predecessor-version":[{"id":33806,"href":"https:\/\/wp.ufpel.edu.br\/progep\/wp-json\/wp\/v2\/pages\/12073\/revisions\/33806"}],"wp:attachment":[{"href":"https:\/\/wp.ufpel.edu.br\/progep\/wp-json\/wp\/v2\/media?parent=12073"}],"curies":[{"name":"wp","href":"https:\/\/api.w.org\/{rel}","templated":true}]}}