{"id":12045,"date":"2018-01-09T08:32:39","date_gmt":"2018-01-09T10:32:39","guid":{"rendered":"https:\/\/wp.ufpel.edu.br\/progep\/?page_id=12045"},"modified":"2018-01-17T08:46:29","modified_gmt":"2018-01-17T10:46:29","slug":"capacitacao-sistema-eletronico-de-informacoes-sei","status":"publish","type":"page","link":"https:\/\/wp.ufpel.edu.br\/progep\/capacitacao-sistema-eletronico-de-informacoes-sei\/","title":{"rendered":"Capacita\u00e7\u00e3o: Sistema Eletr\u00f4nico de Informa\u00e7\u00f5es &#8211; SEI"},"content":{"rendered":"<p>Data: 18 de janeiro de 2017<\/p>\n<p>Carga Hor\u00e1ria: 4h<\/p>\n<p>Hor\u00e1rio: 14h \u00e0s 18h<\/p>\n<p>Local: Laborat\u00f3rio do CLC &#8211; sala 117 (campus Anglo)<\/p>\n<p>P\u00fablico alvo: servidores em geral<\/p>\n<p>Vagas: 24<\/p>\n<p>Inscri\u00e7\u00f5es: de 9 a 16 de janeiro de 2018<\/p>\n<p>Divulga\u00e7\u00e3o das inscri\u00e7\u00f5es homologadas: 17 de janeiro de 2018, nesta p\u00e1gina.<\/p>\n<p><span style=\"color: #ff6600\"><strong><a style=\"color: #ff6600\" href=\"https:\/\/wp.ufpel.edu.br\/progep\/files\/2018\/01\/homologacao-SEI_turma-1_2018.pdf\">Listagem das inscri\u00e7\u00f5es homologadas!<\/a><\/strong><\/span><\/p>\n<p>&nbsp;<\/p>\n","protected":false},"excerpt":{"rendered":"<p>Data: 18 de janeiro de 2017 Carga Hor\u00e1ria: 4h Hor\u00e1rio: 14h \u00e0s 18h Local: Laborat\u00f3rio do CLC &#8211; sala 117 (campus Anglo) P\u00fablico alvo: servidores em geral Vagas: 24 Inscri\u00e7\u00f5es: de 9 a 16 de janeiro de 2018 Divulga\u00e7\u00e3o das inscri\u00e7\u00f5es homologadas: 17 de janeiro de 2018, nesta p\u00e1gina. Listagem das inscri\u00e7\u00f5es homologadas! &nbsp;<\/p>\n","protected":false},"author":21,"featured_media":0,"parent":0,"menu_order":0,"comment_status":"closed","ping_status":"closed","template":"","meta":{"footnotes":""},"class_list":["post-12045","page","type-page","status-publish","hentry"],"_links":{"self":[{"href":"https:\/\/wp.ufpel.edu.br\/progep\/wp-json\/wp\/v2\/pages\/12045","targetHints":{"allow":["GET"]}}],"collection":[{"href":"https:\/\/wp.ufpel.edu.br\/progep\/wp-json\/wp\/v2\/pages"}],"about":[{"href":"https:\/\/wp.ufpel.edu.br\/progep\/wp-json\/wp\/v2\/types\/page"}],"author":[{"embeddable":true,"href":"https:\/\/wp.ufpel.edu.br\/progep\/wp-json\/wp\/v2\/users\/21"}],"replies":[{"embeddable":true,"href":"https:\/\/wp.ufpel.edu.br\/progep\/wp-json\/wp\/v2\/comments?post=12045"}],"version-history":[{"count":6,"href":"https:\/\/wp.ufpel.edu.br\/progep\/wp-json\/wp\/v2\/pages\/12045\/revisions"}],"predecessor-version":[{"id":12067,"href":"https:\/\/wp.ufpel.edu.br\/progep\/wp-json\/wp\/v2\/pages\/12045\/revisions\/12067"}],"wp:attachment":[{"href":"https:\/\/wp.ufpel.edu.br\/progep\/wp-json\/wp\/v2\/media?parent=12045"}],"curies":[{"name":"wp","href":"https:\/\/api.w.org\/{rel}","templated":true}]}}