{"id":11837,"date":"2017-10-20T10:53:28","date_gmt":"2017-10-20T12:53:28","guid":{"rendered":"https:\/\/wp.ufpel.edu.br\/progep\/?page_id=11837"},"modified":"2025-06-30T13:20:51","modified_gmt":"2025-06-30T16:20:51","slug":"processo-administrativo-disciplinar-pad","status":"publish","type":"page","link":"https:\/\/wp.ufpel.edu.br\/progep\/processo-administrativo-disciplinar-pad\/","title":{"rendered":"Capacita\u00e7\u00e3o: Curso: Processo Administrativo Disciplinar &#8211; PAD"},"content":{"rendered":"<p>Modalidade: presencial<\/p>\n<p>Carga Hor\u00e1ria: 32 horas<\/p>\n<p>S\u00famula do programa: Processo Administrativo Disciplinar; Deveres e proibi\u00e7\u00f5es dos servidores p\u00fablicos; Independ\u00eancia de inst\u00e2ncia e a Responsabilidade do servidor p\u00fablico; Condi\u00e7\u00f5es preliminares para abertura de processo disciplinar; Poder de apura\u00e7\u00e3o e den\u00fancia an\u00f4nima; Autoridade instauradora-compet\u00eancia; Comiss\u00e3o de Procedimento Disciplinar; Suspei\u00e7\u00e3o e impedimento; Penalidade Disciplinar; Sindic\u00e2ncia; Procedimento Sum\u00e1rio; Remessa de processo ao Minist\u00e9rio P\u00fablico; No\u00e7\u00f5es de Prescri\u00e7\u00e3o; Revis\u00e3o do Processo; A Lei 9784\/83; Comunica\u00e7\u00e3o processual; Responsabilidade; Principais causas de nulidade; Atua\u00e7\u00e3o da Controladoria-Geral da Uni\u00e3o e suas Corregedorias; Elabora\u00e7\u00e3o de processo hipot\u00e9tico coma a elabora\u00e7\u00e3o de exerc\u00edcios pr\u00e1ticos, depoimento de testemunha, interrogat\u00f3rio acusado, Indiciamento e Relat\u00f3rio Final.<\/p>\n<p>P\u00fablico alvo: servidores em geral,\u00a0<strong>preferencialmente aqueles que tenham interesse em atuar em comiss\u00f5es de sindic\u00e2ncias e processos administrativos disciplinares.<\/strong><\/p>\n<p>N\u00famero de vagas: 30<\/p>\n<p>Ministrante: Leandro Stachovski Garcia<\/p>\n<p>Per\u00edodo: 7, 9, 14, 16, 28 e 30 de novembro e 5 e 7 de dezembro de 2017<\/p>\n<p>Hor\u00e1rio: das 14 \u00e0s 18 horas<\/p>\n<p>Local: a ser informado quando da homologa\u00e7\u00e3o das inscri\u00e7\u00f5es<\/p>\n<p>Per\u00edodo de inscri\u00e7\u00e3o: 20 a 31 de outubro\u00a0de 2017<\/p>\n<p>Publica\u00e7\u00e3o das inscri\u00e7\u00f5es homologadas: 1\u00ba de novembro de 2017, nesta p\u00e1gina.<\/p>\n<p>&nbsp;<\/p>\n","protected":false},"excerpt":{"rendered":"<p>Modalidade: presencial Carga Hor\u00e1ria: 32 horas S\u00famula do programa: Processo Administrativo Disciplinar; Deveres e proibi\u00e7\u00f5es dos servidores p\u00fablicos; Independ\u00eancia de inst\u00e2ncia e a Responsabilidade do servidor p\u00fablico; Condi\u00e7\u00f5es preliminares para abertura de processo disciplinar; Poder de apura\u00e7\u00e3o e den\u00fancia an\u00f4nima; Autoridade instauradora-compet\u00eancia; Comiss\u00e3o de Procedimento Disciplinar; Suspei\u00e7\u00e3o e impedimento; Penalidade Disciplinar; Sindic\u00e2ncia; Procedimento Sum\u00e1rio; Remessa [&hellip;]<\/p>\n","protected":false},"author":21,"featured_media":0,"parent":0,"menu_order":0,"comment_status":"closed","ping_status":"closed","template":"","meta":{"footnotes":""},"class_list":["post-11837","page","type-page","status-publish","hentry"],"_links":{"self":[{"href":"https:\/\/wp.ufpel.edu.br\/progep\/wp-json\/wp\/v2\/pages\/11837","targetHints":{"allow":["GET"]}}],"collection":[{"href":"https:\/\/wp.ufpel.edu.br\/progep\/wp-json\/wp\/v2\/pages"}],"about":[{"href":"https:\/\/wp.ufpel.edu.br\/progep\/wp-json\/wp\/v2\/types\/page"}],"author":[{"embeddable":true,"href":"https:\/\/wp.ufpel.edu.br\/progep\/wp-json\/wp\/v2\/users\/21"}],"replies":[{"embeddable":true,"href":"https:\/\/wp.ufpel.edu.br\/progep\/wp-json\/wp\/v2\/comments?post=11837"}],"version-history":[{"count":4,"href":"https:\/\/wp.ufpel.edu.br\/progep\/wp-json\/wp\/v2\/pages\/11837\/revisions"}],"predecessor-version":[{"id":33805,"href":"https:\/\/wp.ufpel.edu.br\/progep\/wp-json\/wp\/v2\/pages\/11837\/revisions\/33805"}],"wp:attachment":[{"href":"https:\/\/wp.ufpel.edu.br\/progep\/wp-json\/wp\/v2\/media?parent=11837"}],"curies":[{"name":"wp","href":"https:\/\/api.w.org\/{rel}","templated":true}]}}