{"id":11836,"date":"2017-10-20T12:09:38","date_gmt":"2017-10-20T14:09:38","guid":{"rendered":"https:\/\/wp.ufpel.edu.br\/progep\/?page_id=11836"},"modified":"2025-05-16T09:54:05","modified_gmt":"2025-05-16T12:54:05","slug":"ciclo-de-palestras-para-servidores-comemorando-o-dia-do-servidor-publico","status":"publish","type":"page","link":"https:\/\/wp.ufpel.edu.br\/progep\/ciclo-de-palestras-para-servidores-comemorando-o-dia-do-servidor-publico\/","title":{"rendered":"Capacita\u00e7\u00e3o: Ciclo de Palestras para Servidores &#8211; comemorando o &#8220;Dia do Servidor P\u00fablico&#8221;"},"content":{"rendered":"<p>&nbsp;<\/p>\n<p><span style=\"color: #0000ff\"><strong><em>A CDP\/PROGEP convida todos os servidores da UFPel para a pr\u00f3xima palestra do Ciclo, a qual ser\u00e1 realizada em comemora\u00e7\u00e3o ao \u201cDia do Servidor P\u00fablico\u201d . <\/em><\/strong><\/span><\/p>\n<p><span style=\"color: #0000ff\"><strong><em>Servidor, contamos com sua presen\u00e7a! Confira a programa\u00e7\u00e3o e fa\u00e7a sua inscri\u00e7\u00e3o no link abaixo:<\/em><\/strong><\/span><\/p>\n<p><strong>Data: <\/strong><span style=\"font-size: 18pt\">30 de outubro de 2017*<\/span><\/p>\n<p><strong>Programa\u00e7\u00e3o:<\/strong><\/p>\n<p><strong>8h15min &#8211; <\/strong>Caf\u00e9 da manh\u00e3 comemorativo<\/p>\n<p><strong>9 horas &#8211; <\/strong>Apresenta\u00e7\u00e3o art\u00edstica<\/p>\n<p><strong>9h15min \u2013 <\/strong>Palestra:<strong> &#8220;Promo\u00e7\u00e3o da Sa\u00fade: atividades diferenciadas para o seu dia a dia&#8221;<\/strong><\/p>\n<p><strong>Palestrante: <\/strong>Prof. Airton Rombaldi &#8211; ESEF\/UFPel<\/p>\n<p><strong>Ementa:<\/strong> A import\u00e2ncia das atividades f\u00edsicas nas diferentes fases do ciclo de vida humano e as consequ\u00eancias positivas de sua pr\u00e1tica regular.<\/p>\n<p><strong>Local:<\/strong> Audit\u00f3rio Acad\u00eamico, 4\u00ba piso, Campus Anglo, Rua Gomes Carneiro n\u00ba 1<\/p>\n<p><strong>N\u00famero de vagas<\/strong>: 85<\/p>\n<p><strong>Per\u00edodo de Inscri\u00e7\u00f5es:<\/strong> 20 de outubro at\u00e9 \u00e0s 18 horas de 26 de outubro de 2017<\/p>\n<p><strong>Publica\u00e7\u00e3o da listagem das inscri\u00e7\u00f5es homologadas:<\/strong>\u00a026 de outubro, ap\u00f3s 19 horas, nesta p\u00e1gina<\/p>\n<p>&nbsp;<\/p>\n<p><span style=\"color: #008000\"><strong><a href=\"https:\/\/wp.ufpel.edu.br\/progep\/files\/2017\/10\/homologa_inscritos-1-1.pdf\">Listagem de Inscri\u00e7\u00f5es Homologadas<\/a><\/strong><\/span><\/p>\n<p>&nbsp;<\/p>\n<p>* Em virtude da delibera\u00e7\u00e3o de paralisa\u00e7\u00e3o no 27\/10, a palestra foi transferida para Segunda-feira, dia 30\/10.<\/p>\n<p>&nbsp;<\/p>\n","protected":false},"excerpt":{"rendered":"<p>&nbsp; A CDP\/PROGEP convida todos os servidores da UFPel para a pr\u00f3xima palestra do Ciclo, a qual ser\u00e1 realizada em comemora\u00e7\u00e3o ao \u201cDia do Servidor P\u00fablico\u201d . Servidor, contamos com sua presen\u00e7a! Confira a programa\u00e7\u00e3o e fa\u00e7a sua inscri\u00e7\u00e3o no link abaixo: Data: 30 de outubro de 2017* Programa\u00e7\u00e3o: 8h15min &#8211; Caf\u00e9 da manh\u00e3 comemorativo [&hellip;]<\/p>\n","protected":false},"author":21,"featured_media":0,"parent":0,"menu_order":0,"comment_status":"closed","ping_status":"closed","template":"","meta":{"footnotes":""},"class_list":["post-11836","page","type-page","status-publish","hentry"],"_links":{"self":[{"href":"https:\/\/wp.ufpel.edu.br\/progep\/wp-json\/wp\/v2\/pages\/11836","targetHints":{"allow":["GET"]}}],"collection":[{"href":"https:\/\/wp.ufpel.edu.br\/progep\/wp-json\/wp\/v2\/pages"}],"about":[{"href":"https:\/\/wp.ufpel.edu.br\/progep\/wp-json\/wp\/v2\/types\/page"}],"author":[{"embeddable":true,"href":"https:\/\/wp.ufpel.edu.br\/progep\/wp-json\/wp\/v2\/users\/21"}],"replies":[{"embeddable":true,"href":"https:\/\/wp.ufpel.edu.br\/progep\/wp-json\/wp\/v2\/comments?post=11836"}],"version-history":[{"count":9,"href":"https:\/\/wp.ufpel.edu.br\/progep\/wp-json\/wp\/v2\/pages\/11836\/revisions"}],"predecessor-version":[{"id":32595,"href":"https:\/\/wp.ufpel.edu.br\/progep\/wp-json\/wp\/v2\/pages\/11836\/revisions\/32595"}],"wp:attachment":[{"href":"https:\/\/wp.ufpel.edu.br\/progep\/wp-json\/wp\/v2\/media?parent=11836"}],"curies":[{"name":"wp","href":"https:\/\/api.w.org\/{rel}","templated":true}]}}