{"id":11812,"date":"2017-10-10T14:23:01","date_gmt":"2017-10-10T17:23:01","guid":{"rendered":"https:\/\/wp.ufpel.edu.br\/progep\/?page_id=11812"},"modified":"2025-05-16T09:52:15","modified_gmt":"2025-05-16T12:52:15","slug":"ciclo-de-cinema-5a-sessao","status":"publish","type":"page","link":"https:\/\/wp.ufpel.edu.br\/progep\/ciclo-de-cinema-5a-sessao\/","title":{"rendered":"Capacita\u00e7\u00e3o: Ciclo de Cinema &#8211; 5\u00aa sess\u00e3o"},"content":{"rendered":"<p><strong>Carga Hor\u00e1ria:<\/strong>\u00a04 horas por sess\u00e3o, totalizando 20 horas (5 sess\u00f5es)<br \/>\n<strong>5\u00aa sess\u00e3o:<\/strong>\u00a019 de outubro de 2017<br \/>\n<strong>Hor\u00e1rio:<\/strong>\u00a0das 14 \u00e0s 18 horas<br \/>\n<strong>Local:<\/strong>\u00a0Museu do Doce \u2013 Pra\u00e7a Cel. Pedro Os\u00f3rio n\u00ba 8, esquina Bar\u00e3o de Butu\u00ed (*)<br \/>\n<strong>Filme:<\/strong>\u00a0Meu Tio da Am\u00e9rica<\/p>\n<p><strong>Sinopse do filme:\u00a0<\/strong>Henri Laborit comprova sua teoria sobre a interfer\u00eancia do ambiente na forma\u00e7\u00e3o da personalidade por meio de tr\u00eas pessoas: Ren\u00e9 (G\u00e9rard Depardieu), ansioso funcion\u00e1rio de uma empresa t\u00eaxtil em crise; Janine (Nicole Garcia), atriz e estilista que se sensibiliza com a doen\u00e7a da esposa de seu amante; e Jean (Roger Pierre), pol\u00edtico com aspira\u00e7\u00f5es liter\u00e1rias.<\/p>\n<p><strong>P\u00fablico alvo:<\/strong>\u00a0servidores em geral.<br \/>\n<strong>N\u00famero de vagas:<\/strong>\u00a045<\/p>\n<p><strong>Debatedor:<\/strong>\u00a0Sergio Batista Christino<br \/>\n<strong>Facilitadora:\u00a0<\/strong>Maria Angelica Scheidemandel Sieburger<br \/>\n<strong>Per\u00edodo de Inscri\u00e7\u00f5es:<\/strong>\u00a010 a 17 de outubro de 2017<br \/>\n<strong>Divulga\u00e7\u00e3o das inscri\u00e7\u00f5es homologadas:<\/strong>\u00a018 de outubro de 2017, nesta p\u00e1gina.<\/p>\n<p><span style=\"color: #000000\">(*) N\u00e3o \u00e9 permitida a entrada de qualquer tipo de alimento (s\u00f3lidos nem l\u00edquidos) na sala.<\/span><\/p>\n<p><strong><span style=\"color: #ff6600\"><a href=\"https:\/\/wp.ufpel.edu.br\/progep\/files\/2017\/10\/homologa_inscritos-.pdf\">Listagem das Inscri\u00e7\u00f5es Homologadas AQUI!<\/a><\/span><\/strong><\/p>\n<p>&nbsp;<\/p>\n","protected":false},"excerpt":{"rendered":"<p>Carga Hor\u00e1ria:\u00a04 horas por sess\u00e3o, totalizando 20 horas (5 sess\u00f5es) 5\u00aa sess\u00e3o:\u00a019 de outubro de 2017 Hor\u00e1rio:\u00a0das 14 \u00e0s 18 horas Local:\u00a0Museu do Doce \u2013 Pra\u00e7a Cel. Pedro Os\u00f3rio n\u00ba 8, esquina Bar\u00e3o de Butu\u00ed (*) Filme:\u00a0Meu Tio da Am\u00e9rica Sinopse do filme:\u00a0Henri Laborit comprova sua teoria sobre a interfer\u00eancia do ambiente na forma\u00e7\u00e3o da [&hellip;]<\/p>\n","protected":false},"author":21,"featured_media":0,"parent":0,"menu_order":0,"comment_status":"closed","ping_status":"closed","template":"","meta":{"footnotes":""},"class_list":["post-11812","page","type-page","status-publish","hentry"],"_links":{"self":[{"href":"https:\/\/wp.ufpel.edu.br\/progep\/wp-json\/wp\/v2\/pages\/11812","targetHints":{"allow":["GET"]}}],"collection":[{"href":"https:\/\/wp.ufpel.edu.br\/progep\/wp-json\/wp\/v2\/pages"}],"about":[{"href":"https:\/\/wp.ufpel.edu.br\/progep\/wp-json\/wp\/v2\/types\/page"}],"author":[{"embeddable":true,"href":"https:\/\/wp.ufpel.edu.br\/progep\/wp-json\/wp\/v2\/users\/21"}],"replies":[{"embeddable":true,"href":"https:\/\/wp.ufpel.edu.br\/progep\/wp-json\/wp\/v2\/comments?post=11812"}],"version-history":[{"count":8,"href":"https:\/\/wp.ufpel.edu.br\/progep\/wp-json\/wp\/v2\/pages\/11812\/revisions"}],"predecessor-version":[{"id":32584,"href":"https:\/\/wp.ufpel.edu.br\/progep\/wp-json\/wp\/v2\/pages\/11812\/revisions\/32584"}],"wp:attachment":[{"href":"https:\/\/wp.ufpel.edu.br\/progep\/wp-json\/wp\/v2\/media?parent=11812"}],"curies":[{"name":"wp","href":"https:\/\/api.w.org\/{rel}","templated":true}]}}