{"id":11646,"date":"2017-09-12T17:08:03","date_gmt":"2017-09-12T20:08:03","guid":{"rendered":"https:\/\/wp.ufpel.edu.br\/progep\/?page_id=11646"},"modified":"2025-06-30T13:20:39","modified_gmt":"2025-06-30T16:20:39","slug":"curso-wordpress-institucional-ufpel-4a-edicao","status":"publish","type":"page","link":"https:\/\/wp.ufpel.edu.br\/progep\/curso-wordpress-institucional-ufpel-4a-edicao\/","title":{"rendered":"Capacita\u00e7\u00e3o: Curso: WordPress Institucional UFPel &#8211; 4\u00aa edi\u00e7\u00e3o"},"content":{"rendered":"<p><span style=\"color: #999999\"><strong>Modalidade:<\/strong><em>online<\/em> (com 1 encontro presencial)<\/span><\/p>\n<p><span style=\"color: #999999\"><strong>Carga Hor\u00e1ria:<\/strong> 40 horas<\/span><\/p>\n<p><span style=\"color: #999999\"><strong>Per\u00edodo:<\/strong>9 de outubro a 20 de novembro de 2017<\/span><\/p>\n<p><span style=\"color: #999999\"><strong>Encontro presencial:<\/strong> 17 de novembro de 2017, das 10 \u00e0s 12 horas, no Laborat\u00f3rio de Inform\u00e1tica do CLC \u2013 sala 117 \u2013 Campus Anglo<\/span><\/p>\n<p><span style=\"color: #999999\"><strong>N\u00famero de vagas:<\/strong>30<\/span><\/p>\n<p><span style=\"color: #999999\"><strong>Sum\u00e1rio do programa:<\/strong> Introdu\u00e7\u00e3o ao WordPress Institucional. Estrutura\u00e7\u00e3o do site \u2013 P\u00e1ginas. Posts e categorias. Menus personalizados. Conte\u00fado multim\u00eddia. Widgets. Plugins. Tema Institucional UFPel.<\/span><\/p>\n<p><span style=\"color: #999999\"><strong>P\u00fablico alvo:<\/strong> servidores respons\u00e1veis pelos s\u00edtios eletr\u00f4nicos (<em>websites<\/em>) de suas Unidades.<\/span><\/p>\n<p><span style=\"color: #999999\"><strong>Ministrantes:<\/strong> Henrique Avila Vianna, Leandro Weige Dias e Thomas de Aguiar de Oliveira<\/span><\/p>\n<p><span style=\"color: #999999\"><strong>Per\u00edodo de Inscri\u00e7\u00f5es:<\/strong> 12 de setembro a 4 de outubro de 2017<\/span><\/p>\n<p><span style=\"color: #999999\"><strong>Divulga\u00e7\u00e3o das inscri\u00e7\u00f5es homologadas: <\/strong>5\u00a0de outubro de 2017, nesta p\u00e1gina.<\/span><\/p>\n<p><span style=\"color: #999999\"><strong>OBS.:<\/strong> para o in\u00edcio do curso, o servidor selecionado j\u00e1 dever\u00e1 ter criado sua conta no Moodle\/UFPel (<a href=\"https:\/\/moodle.ufpel.edu.br)\">https:\/\/moodle.ufpel.edu.br)<\/a>.<\/span><\/p>\n<p><strong><span style=\"color: #ff6600\"><a href=\"https:\/\/wp.ufpel.edu.br\/progep\/files\/2017\/09\/homologa_inscritos-1-6.pdf\">Listagem das Inscri\u00e7\u00f5es Homologadas AQUI!<\/a><\/span><\/strong><\/p>\n<p>&nbsp;<\/p>\n","protected":false},"excerpt":{"rendered":"<p>Modalidade:online (com 1 encontro presencial) Carga Hor\u00e1ria: 40 horas Per\u00edodo:9 de outubro a 20 de novembro de 2017 Encontro presencial: 17 de novembro de 2017, das 10 \u00e0s 12 horas, no Laborat\u00f3rio de Inform\u00e1tica do CLC \u2013 sala 117 \u2013 Campus Anglo N\u00famero de vagas:30 Sum\u00e1rio do programa: Introdu\u00e7\u00e3o ao WordPress Institucional. Estrutura\u00e7\u00e3o do site [&hellip;]<\/p>\n","protected":false},"author":21,"featured_media":0,"parent":0,"menu_order":0,"comment_status":"closed","ping_status":"closed","template":"","meta":{"footnotes":""},"class_list":["post-11646","page","type-page","status-publish","hentry"],"_links":{"self":[{"href":"https:\/\/wp.ufpel.edu.br\/progep\/wp-json\/wp\/v2\/pages\/11646","targetHints":{"allow":["GET"]}}],"collection":[{"href":"https:\/\/wp.ufpel.edu.br\/progep\/wp-json\/wp\/v2\/pages"}],"about":[{"href":"https:\/\/wp.ufpel.edu.br\/progep\/wp-json\/wp\/v2\/types\/page"}],"author":[{"embeddable":true,"href":"https:\/\/wp.ufpel.edu.br\/progep\/wp-json\/wp\/v2\/users\/21"}],"replies":[{"embeddable":true,"href":"https:\/\/wp.ufpel.edu.br\/progep\/wp-json\/wp\/v2\/comments?post=11646"}],"version-history":[{"count":6,"href":"https:\/\/wp.ufpel.edu.br\/progep\/wp-json\/wp\/v2\/pages\/11646\/revisions"}],"predecessor-version":[{"id":33804,"href":"https:\/\/wp.ufpel.edu.br\/progep\/wp-json\/wp\/v2\/pages\/11646\/revisions\/33804"}],"wp:attachment":[{"href":"https:\/\/wp.ufpel.edu.br\/progep\/wp-json\/wp\/v2\/media?parent=11646"}],"curies":[{"name":"wp","href":"https:\/\/api.w.org\/{rel}","templated":true}]}}